{"id":3364,"date":"2020-10-12T11:36:25","date_gmt":"2020-10-12T09:36:25","guid":{"rendered":"https:\/\/dice.masterdesign.se\/moderaterna\/?page_id=3364"},"modified":"2023-10-25T10:24:17","modified_gmt":"2023-10-25T08:24:17","slug":"fragor-svar","status":"publish","type":"page","link":"https:\/\/dice.masterdesign.se\/moderaterna\/fragor-svar\/","title":{"rendered":"Fr\u00e5gor &#038; Svar"},"content":{"rendered":"<div class=\"wpb-content-wrapper\"><p>[vc_row][vc_column][vc_empty_space][vc_column_text]<\/p>\n<h1><i class=\"fa fa-question-circle\" aria-hidden=\"true\"><\/i> Fr\u00e5gor &amp; Svar<\/h1>\n<p>[\/vc_column_text][vc_column_text]<strong>Kundtj\u00e4nst | Support<br \/>\n<\/strong>Har du fr\u00e5gor om en befintlig webborder eller beh\u00f6ver hj\u00e4lp i webshopen <a href=\"https:\/\/www.masterdesign.se\/support\/\" target=\"_blank\" rel=\"noopener noreferrer\">kontakta g\u00e4rna v\u00e5r support\/kundtj\u00e4nst h\u00e4r<\/a>.[\/vc_column_text][vc_separator][vc_row_inner][vc_column_inner][vc_empty_space][\/vc_column_inner][\/vc_row_inner][\/vc_column][\/vc_row][vc_row][vc_column width=&#8221;1\/2&#8243;][vc_column_text]<strong>Hur l\u00e5ng \u00e4r leveranstiden p\u00e5 lagervaror?<br \/>\n<\/strong>Alla best\u00e4llningar som inkommer innan kl 17.00 p\u00e5 en arbetsdag skickas normalt inom tv\u00e5 arbetsdagar (Normalorder).<\/p>\n<p><strong>Tillkommer frakt p\u00e5 mitt k\u00f6p?<br \/>\n<\/strong>Fraktkostnad tillkommer och baseras p\u00e5 din orders totala v\u00e4rde.<\/p>\n<p><strong>Hur kontaktar jag er om jag har fr\u00e5gor om artiklar i best\u00e4llningsportalen?<br \/>\n<\/strong>Du n\u00e5r v\u00e5r kundtj\u00e4nst via dice@masterdesign.se.<\/p>\n<p><strong>Hur visas priserna i best\u00e4llningsportalen?<br \/>\n<\/strong>Samtliga priser visas inklusive moms. Totalpris f\u00f6r din best\u00e4llning summeras i kassan, inklusive eventuella avgifter f\u00f6r frakt och betalning.<\/p>\n<p><strong>Vi tillh\u00f6r en moderat-f\u00f6rening, hur best\u00e4ller jag d\u00e5?<br \/>\n<\/strong>Moderaterna har en egen F\u00f6reningshop som ni ska v\u00e4nda er till, l\u00e4nk till den shopen finner ni via intran\u00e4tet.[\/vc_column_text][\/vc_column][vc_column width=&#8221;1\/2&#8243;][vc_column_text]<strong>Hur g\u00f6r jag en retur eller reklamation?<br \/>\n<\/strong>Kontakta v\u00e5r kundtj\u00e4nst inom 8 dagar fr\u00e5n leveransdagen via dice@masterdesign.se s\u00e5 hj\u00e4lper de dig. Meddela g\u00e4rna ditt ordernummer f\u00f6r snabbare hantering.<\/p>\n<p><strong>Hur g\u00f6r jag om en vara saknas i min order?<br \/>\n<\/strong>Kontakta v\u00e5r kundtj\u00e4nst p\u00e5 dice@masterdesign.se s\u00e5 hj\u00e4lper de dig. Meddela g\u00e4rna ditt ordernummer och artikelnummer p\u00e5 varan som saknades f\u00f6r snabbare hantering.<\/p>\n<p><strong>Vad inneb\u00e4r n\u00e4r det st\u00e5r \u201d<em>Ej i lager<\/em>\u201d p\u00e5 en artikel?<br \/>\n<\/strong>Artikeln \u00e4r tillf\u00e4lligt slut i lager eller inte har inlevererats \u00e4nnu, f\u00f6r att veta mer kontakta g\u00e4rna v\u00e5r kundtj\u00e4nst via <a href=\"mailto:dice@masterdesign.se\">dice@masterdesign.se<\/a><\/p>\n<p><strong>Hur sparas uppgifter om mig som person?<br \/>\n<\/strong>Webbsidan sparar sk. Cookies lokalt p\u00e5 din dator f\u00f6r att g\u00f6ra surfandet p\u00e5 sidan enklare. Den informationen anv\u00e4nder vi inte f\u00f6r att m\u00e4ta eller f\u00f6lja dig som person.<\/p>\n<p>Om du v\u00e4ljer att best\u00e4lla produkter fr\u00e5n sidan sparas information om best\u00e4llningen, till exempel leverans och betalningsinformation. Den sparas sen i redovisningssyfte.[\/vc_column_text][\/vc_column][\/vc_row][vc_row][vc_column][vc_empty_space][\/vc_column][\/vc_row]<\/p>\n<\/div>","protected":false},"excerpt":{"rendered":"<p>[vc_row][vc_column][vc_empty_space][vc_column_text] Fr\u00e5gor &amp; Svar [\/vc_column_text][vc_column_text]Kundtj\u00e4nst | Support Har du fr\u00e5gor om en befintlig webborder eller beh\u00f6ver hj\u00e4lp i webshopen kontakta g\u00e4rna v\u00e5r support\/kundtj\u00e4nst h\u00e4r.[\/vc_column_text][vc_separator][vc_row_inner][vc_column_inner][vc_empty_space][\/vc_column_inner][\/vc_row_inner][\/vc_column][\/vc_row][vc_row][vc_column width=&#8221;1\/2&#8243;][vc_column_text]Hur l\u00e5ng \u00e4r leveranstiden p\u00e5 lagervaror? Alla best\u00e4llningar som inkommer innan kl 17.00 p\u00e5 en arbetsdag skickas normalt inom tv\u00e5 arbetsdagar (Normalorder). Tillkommer frakt p\u00e5 mitt k\u00f6p? Fraktkostnad tillkommer och baseras &hellip;<\/p>\n","protected":false},"author":446,"featured_media":0,"parent":0,"menu_order":0,"comment_status":"closed","ping_status":"closed","template":"","meta":{"footnotes":""},"class_list":["post-3364","page","type-page","status-publish","hentry"],"_links":{"self":[{"href":"https:\/\/dice.masterdesign.se\/moderaterna\/wp-json\/wp\/v2\/pages\/3364","targetHints":{"allow":["GET"]}}],"collection":[{"href":"https:\/\/dice.masterdesign.se\/moderaterna\/wp-json\/wp\/v2\/pages"}],"about":[{"href":"https:\/\/dice.masterdesign.se\/moderaterna\/wp-json\/wp\/v2\/types\/page"}],"author":[{"embeddable":true,"href":"https:\/\/dice.masterdesign.se\/moderaterna\/wp-json\/wp\/v2\/users\/446"}],"replies":[{"embeddable":true,"href":"https:\/\/dice.masterdesign.se\/moderaterna\/wp-json\/wp\/v2\/comments?post=3364"}],"version-history":[{"count":12,"href":"https:\/\/dice.masterdesign.se\/moderaterna\/wp-json\/wp\/v2\/pages\/3364\/revisions"}],"predecessor-version":[{"id":5667,"href":"https:\/\/dice.masterdesign.se\/moderaterna\/wp-json\/wp\/v2\/pages\/3364\/revisions\/5667"}],"wp:attachment":[{"href":"https:\/\/dice.masterdesign.se\/moderaterna\/wp-json\/wp\/v2\/media?parent=3364"}],"curies":[{"name":"wp","href":"https:\/\/api.w.org\/{rel}","templated":true}]}}