{"id":4948,"date":"2023-10-11T10:00:36","date_gmt":"2023-10-11T08:00:36","guid":{"rendered":"https:\/\/dice.masterdesign.se\/moderaterna\/?page_id=4948"},"modified":"2023-10-25T10:34:48","modified_gmt":"2023-10-25T08:34:48","slug":"kopvillkor","status":"publish","type":"page","link":"https:\/\/dice.masterdesign.se\/moderaterna\/kopvillkor\/","title":{"rendered":"K\u00f6pvillkor"},"content":{"rendered":"<div class=\"wpb-content-wrapper\"><p>[vc_row][vc_column][vc_empty_space][\/vc_column][\/vc_row][vc_row][vc_column][vc_column_text]<\/p>\n<h1>K\u00f6pvillkor<\/h1>\n<p>&nbsp;<\/p>\n<p><strong>Frakter<br \/>\n<\/strong>Vi anv\u00e4nder Postnord MyPack Collect f\u00f6r din leverans. Fraktkostnad 149:- tillkommer f\u00f6r best\u00e4llningar under 2000:-.<\/p>\n<div class=\"wp-block-group\">\n<p><strong>Leverans<br \/>\n<\/strong>Vi skickar varorna till Postnords aviserade uth\u00e4mtningsplats om inget annat anges. Leveranstid 3 \u2013 4 dagar.<\/p>\n<p><strong>Priser<br \/>\n<\/strong>Alla priser i webbshopen \u00e4r inklusive moms.<\/p>\n<p><strong>Betalning<br \/>\n<\/strong>Vi erbjuder betalning med Faktura (14 dagar), Delbetalning (3, 6 och 12 m\u00e5nader) eller Kort (Mastercard,Visa)<\/p>\n<p><strong>Retur<br \/>\n<\/strong>Vid retur av en vara, kontakta Master Design p\u00e5\u00a0 f\u00f6r instruktioner genom att\u00a0 skicka e-post till dice@masterdesign.se. Returfrakt och frakt f\u00f6r ny vara betalas av best\u00e4llaren.<\/p>\n<p><strong>Reklamation<br \/>\n<\/strong>Om du av n\u00e5gon anledning vill reklamera en vara s\u00e5 kontakta Master Design f\u00f6r via e-post: <a href=\"mailto:dice@masterdesign.se\">dice@masterdesign.se<\/a>. Vid reklamation av en vara f\u00e5r du en fraktsedel av oss f\u00f6r att skicka tillbaka varan.<\/p>\n<p><strong>\u00c5ngerr\u00e4tt<br \/>\n<\/strong>Vid k\u00f6p av varor har du som konsument p\u00e5 s\u00e4tt som lag (2005:59) om distansavtal och avtal utanf\u00f6r aff\u00e4rslokaler n\u00e4rmare anger, i vissa fall r\u00e4tt att fr\u00e5ntr\u00e4da ett k\u00f6p (\u00e5ngerr\u00e4tt). Detta inneb\u00e4r att du har r\u00e4tt att \u00e5ngra ditt k\u00f6p genom att till Master Design l\u00e4mna eller s\u00e4nda ett meddelande om detta inom 14 dagar fr\u00e5n den dag du tog emot den best\u00e4llda varan (\u00e5ngerfristen).<\/p>\n<p>Vill du anv\u00e4nda dig av \u00e5ngerr\u00e4tten ska du som kund kontakta Master Design via e-post till <a href=\"mailto:dice@masterdesign.se\">dice@masterdesign.se<\/a>.<\/p>\n<p>Vid ut\u00f6vandet av \u00e5ngerr\u00e4tten ska varan \u00e5ters\u00e4ndas till Master Design inom 14 dagar fr\u00e5n att meddelande om ut\u00f6vandet av \u00e5ngerr\u00e4tten l\u00e4mnades till Master Design.<\/p>\n<p>Det belopp som du betalat f\u00f6r varan inklusive ursprunglig fraktkostnad \u00e5terbetalas senast inom 14 dagar ifr\u00e5n mottagandet av ditt meddelande om ut\u00f6vande av \u00e5ngerr\u00e4tten, f\u00f6rutsatt att Master Design inom denna tid f\u00e5tt varan i retur, eller ett kvitto p\u00e5 att varan s\u00e4nts tillbaka. \u00c5terbetalning kan komma att g\u00f6ras p\u00e5 annat s\u00e4tt \u00e4n p\u00e5 det s\u00e4tt som betalningen erlades.<\/p>\n<\/div>\n<p>[\/vc_column_text][\/vc_column][\/vc_row]<\/p>\n<\/div>","protected":false},"excerpt":{"rendered":"<p>[vc_row][vc_column][vc_empty_space][\/vc_column][\/vc_row][vc_row][vc_column][vc_column_text] K\u00f6pvillkor &nbsp; Frakter Vi anv\u00e4nder Postnord MyPack Collect f\u00f6r din leverans. Fraktkostnad 149:- tillkommer f\u00f6r best\u00e4llningar under 2000:-. Leverans Vi skickar varorna till Postnords aviserade uth\u00e4mtningsplats om inget annat anges. Leveranstid 3 \u2013 4 dagar. Priser Alla priser i webbshopen \u00e4r inklusive moms. Betalning Vi erbjuder betalning med Faktura (14 dagar), Delbetalning (3, 6 &hellip;<\/p>\n","protected":false},"author":9697,"featured_media":0,"parent":0,"menu_order":0,"comment_status":"closed","ping_status":"closed","template":"","meta":{"footnotes":""},"class_list":["post-4948","page","type-page","status-publish","hentry"],"_links":{"self":[{"href":"https:\/\/dice.masterdesign.se\/moderaterna\/wp-json\/wp\/v2\/pages\/4948","targetHints":{"allow":["GET"]}}],"collection":[{"href":"https:\/\/dice.masterdesign.se\/moderaterna\/wp-json\/wp\/v2\/pages"}],"about":[{"href":"https:\/\/dice.masterdesign.se\/moderaterna\/wp-json\/wp\/v2\/types\/page"}],"author":[{"embeddable":true,"href":"https:\/\/dice.masterdesign.se\/moderaterna\/wp-json\/wp\/v2\/users\/9697"}],"replies":[{"embeddable":true,"href":"https:\/\/dice.masterdesign.se\/moderaterna\/wp-json\/wp\/v2\/comments?post=4948"}],"version-history":[{"count":8,"href":"https:\/\/dice.masterdesign.se\/moderaterna\/wp-json\/wp\/v2\/pages\/4948\/revisions"}],"predecessor-version":[{"id":5674,"href":"https:\/\/dice.masterdesign.se\/moderaterna\/wp-json\/wp\/v2\/pages\/4948\/revisions\/5674"}],"wp:attachment":[{"href":"https:\/\/dice.masterdesign.se\/moderaterna\/wp-json\/wp\/v2\/media?parent=4948"}],"curies":[{"name":"wp","href":"https:\/\/api.w.org\/{rel}","templated":true}]}}