{"id":3700,"date":"2022-05-12T14:41:05","date_gmt":"2022-05-12T12:41:05","guid":{"rendered":"https:\/\/dice.masterdesign.se\/moderaterna\/?post_type=product&#038;p=3700"},"modified":"2023-10-24T20:30:05","modified_gmt":"2023-10-24T18:30:05","slug":"nato-t-shirt-herr","status":"publish","type":"product","link":"https:\/\/dice.masterdesign.se\/moderaterna\/produkt\/nato-t-shirt-herr\/","title":{"rendered":"Nato T-shirt, herr"},"content":{"rendered":"","protected":false},"excerpt":{"rendered":"<p>Herr T-shirt. Text p\u00e5 br\u00f6stet &#8221;Nato \u00e4r det b\u00e4sta strandskyddet&#8221;.<\/p>\n","protected":false},"featured_media":5585,"template":"","meta":[],"product_brand":[],"product_cat":[117],"product_tag":[],"class_list":{"0":"post-3700","1":"product","2":"type-product","3":"status-publish","4":"has-post-thumbnail","6":"product_cat-outlet","7":"product_shipping_class-on-demand","8":"product_cat-on-demand","10":"first","11":"instock","12":"sale","13":"taxable","14":"shipping-taxable","15":"purchasable","16":"product-type-variable"},"_links":{"self":[{"href":"https:\/\/dice.masterdesign.se\/moderaterna\/wp-json\/wp\/v2\/product\/3700","targetHints":{"allow":["GET"]}}],"collection":[{"href":"https:\/\/dice.masterdesign.se\/moderaterna\/wp-json\/wp\/v2\/product"}],"about":[{"href":"https:\/\/dice.masterdesign.se\/moderaterna\/wp-json\/wp\/v2\/types\/product"}],"wp:featuredmedia":[{"embeddable":true,"href":"https:\/\/dice.masterdesign.se\/moderaterna\/wp-json\/wp\/v2\/media\/5585"}],"wp:attachment":[{"href":"https:\/\/dice.masterdesign.se\/moderaterna\/wp-json\/wp\/v2\/media?parent=3700"}],"wp:term":[{"taxonomy":"product_brand","embeddable":true,"href":"https:\/\/dice.masterdesign.se\/moderaterna\/wp-json\/wp\/v2\/product_brand?post=3700"},{"taxonomy":"product_cat","embeddable":true,"href":"https:\/\/dice.masterdesign.se\/moderaterna\/wp-json\/wp\/v2\/product_cat?post=3700"},{"taxonomy":"product_tag","embeddable":true,"href":"https:\/\/dice.masterdesign.se\/moderaterna\/wp-json\/wp\/v2\/product_tag?post=3700"}],"curies":[{"name":"wp","href":"https:\/\/api.w.org\/{rel}","templated":true}]}}