{"id":4983,"date":"2023-10-18T16:09:12","date_gmt":"2023-10-18T14:09:12","guid":{"rendered":"https:\/\/dice.masterdesign.se\/moderaterna\/?post_type=product&#038;p=4983"},"modified":"2026-04-30T11:11:19","modified_gmt":"2026-04-30T09:11:19","slug":"bag","status":"publish","type":"product","link":"https:\/\/dice.masterdesign.se\/moderaterna\/produkt\/bag\/","title":{"rendered":"Weekendbag"},"content":{"rendered":"","protected":false},"excerpt":{"rendered":"<div>Med denna rymliga weekendv\u00e4ska \u00f6ver axeln g\u00e5r du inte obem\u00e4rkt f\u00f6rbi d\u00e5 den ger uttryck f\u00f6r stil och minimalism p\u00e5 samma g\u00e5ng. V\u00e4skan har en justerbar axelrem. F\u00f6r att ge b\u00e4ttre organisationsm\u00f6jligheter har v\u00e4skan utrustats med en ficka med blixtl\u00e5s p\u00e5 ena sidan och en liten ficka med tryckknapp p\u00e5 den andra. Tillverkad i nubuck-PU vilket ger dig en v\u00e4ska med vattenavvisande egenskaper.<\/div>\n<div class=\"product-details__usps\">Vattenresistent tyg med matt finish<br \/>\nMinimalistisk och modern design<br \/>\nFicka med dragkedja p\u00e5 ena sidan.<br \/>\nLiten ficka med tryckknapp p\u00e5 motsatt sida.<br \/>\nJusterbar axelrem<\/div>\n","protected":false},"featured_media":5583,"template":"","meta":[],"product_brand":[],"product_cat":[108,37],"product_tag":[],"class_list":{"0":"post-4983","1":"product","2":"type-product","3":"status-publish","4":"has-post-thumbnail","6":"product_cat-fritid","7":"product_cat-produkter","9":"first","10":"outofstock","11":"taxable","12":"shipping-taxable","13":"purchasable","14":"product-type-simple"},"_links":{"self":[{"href":"https:\/\/dice.masterdesign.se\/moderaterna\/wp-json\/wp\/v2\/product\/4983","targetHints":{"allow":["GET"]}}],"collection":[{"href":"https:\/\/dice.masterdesign.se\/moderaterna\/wp-json\/wp\/v2\/product"}],"about":[{"href":"https:\/\/dice.masterdesign.se\/moderaterna\/wp-json\/wp\/v2\/types\/product"}],"wp:featuredmedia":[{"embeddable":true,"href":"https:\/\/dice.masterdesign.se\/moderaterna\/wp-json\/wp\/v2\/media\/5583"}],"wp:attachment":[{"href":"https:\/\/dice.masterdesign.se\/moderaterna\/wp-json\/wp\/v2\/media?parent=4983"}],"wp:term":[{"taxonomy":"product_brand","embeddable":true,"href":"https:\/\/dice.masterdesign.se\/moderaterna\/wp-json\/wp\/v2\/product_brand?post=4983"},{"taxonomy":"product_cat","embeddable":true,"href":"https:\/\/dice.masterdesign.se\/moderaterna\/wp-json\/wp\/v2\/product_cat?post=4983"},{"taxonomy":"product_tag","embeddable":true,"href":"https:\/\/dice.masterdesign.se\/moderaterna\/wp-json\/wp\/v2\/product_tag?post=4983"}],"curies":[{"name":"wp","href":"https:\/\/api.w.org\/{rel}","templated":true}]}}