{"id":5011,"date":"2023-10-18T16:15:00","date_gmt":"2023-10-18T14:15:00","guid":{"rendered":"https:\/\/dice.masterdesign.se\/moderaterna\/?post_type=product&#038;p=5011"},"modified":"2026-04-30T11:11:18","modified_gmt":"2026-04-30T09:11:18","slug":"penna-hemmingway","status":"publish","type":"product","link":"https:\/\/dice.masterdesign.se\/moderaterna\/produkt\/penna-hemmingway\/","title":{"rendered":"Bluepen"},"content":{"rendered":"","protected":false},"excerpt":{"rendered":"<p>Hemingway\u00a0\u00e4r en stilren metallpenna i nyt\u00e4nkande design. Den \u00e4r tillverkad i rostfritt st\u00e5l med metallklips samt kromad spets och tryckknapp. Den\u00a0raka pennkroppen och tunna 0,7 mm\u00a0spetsen tillsammans med det mjukskrivande semigel-bl\u00e4cket ger en<\/p>\n","protected":false},"featured_media":5280,"template":"","meta":[],"product_brand":[],"product_cat":[110,37],"product_tag":[],"class_list":{"0":"post-5011","1":"product","2":"type-product","3":"status-publish","4":"has-post-thumbnail","6":"product_cat-jobb","7":"product_cat-produkter","9":"first","10":"outofstock","11":"taxable","12":"shipping-taxable","13":"purchasable","14":"product-type-simple"},"_links":{"self":[{"href":"https:\/\/dice.masterdesign.se\/moderaterna\/wp-json\/wp\/v2\/product\/5011","targetHints":{"allow":["GET"]}}],"collection":[{"href":"https:\/\/dice.masterdesign.se\/moderaterna\/wp-json\/wp\/v2\/product"}],"about":[{"href":"https:\/\/dice.masterdesign.se\/moderaterna\/wp-json\/wp\/v2\/types\/product"}],"wp:featuredmedia":[{"embeddable":true,"href":"https:\/\/dice.masterdesign.se\/moderaterna\/wp-json\/wp\/v2\/media\/5280"}],"wp:attachment":[{"href":"https:\/\/dice.masterdesign.se\/moderaterna\/wp-json\/wp\/v2\/media?parent=5011"}],"wp:term":[{"taxonomy":"product_brand","embeddable":true,"href":"https:\/\/dice.masterdesign.se\/moderaterna\/wp-json\/wp\/v2\/product_brand?post=5011"},{"taxonomy":"product_cat","embeddable":true,"href":"https:\/\/dice.masterdesign.se\/moderaterna\/wp-json\/wp\/v2\/product_cat?post=5011"},{"taxonomy":"product_tag","embeddable":true,"href":"https:\/\/dice.masterdesign.se\/moderaterna\/wp-json\/wp\/v2\/product_tag?post=5011"}],"curies":[{"name":"wp","href":"https:\/\/api.w.org\/{rel}","templated":true}]}}