{"id":5016,"date":"2023-10-18T16:15:47","date_gmt":"2023-10-18T14:15:47","guid":{"rendered":"https:\/\/dice.masterdesign.se\/moderaterna\/?post_type=product&#038;p=5016"},"modified":"2026-04-30T11:11:17","modified_gmt":"2026-04-30T09:11:17","slug":"ryggsack","status":"publish","type":"product","link":"https:\/\/dice.masterdesign.se\/moderaterna\/produkt\/ryggsack\/","title":{"rendered":"Ryggs\u00e4ck"},"content":{"rendered":"","protected":false},"excerpt":{"rendered":"<div>Ryggs\u00e4cken har en minimalistisk och modern design med smarta organisationsm\u00f6jligheter som ser till att du kan utnyttja v\u00e4skans totala utrymme till fullo. V\u00e4skan \u00e4r tillverkad av vattenavvisande nubuck PU. Utrustad med ett vadderat datorfack, samt en dold ficka p\u00e5 baksidan f\u00f6r s\u00e4ker f\u00f6rvaring av v\u00e4rdesakerna. Ryggs\u00e4ckens beh\u00e4ndiga storlek, justerbara remmar och v\u00e4lplanerade fack g\u00f6r det smidigt f\u00f6r dig att ta med dig s\u00e5v\u00e4l dator som andra n\u00f6dv\u00e4ndigheter. Detta g\u00f6r v\u00e4skan perfekt f\u00f6r mindre resor eller n\u00e4r natten ska spenderas borta. Tillverkad av PU som ger v\u00e4skan dess vattenavvisande egenskaper.<\/div>\n<div class=\"product-details__usps\">Vattenresistent tyg med matt finish<br \/>\nPackningsbart n\u00e4tfack<br \/>\nStort kontorsfack samt vadderat fack f\u00f6r dator.<br \/>\nDold ficka p\u00e5 baksidan<br \/>\nMinimalistisk och modern design<br \/>\nPerfekt f\u00f6r en 1-dagstur<br \/>\nJusterbara remmar<br \/>\nKompatibel med b\u00e4rbara datorer upp till 17-tum i storlek<\/div>\n","protected":false},"featured_media":5278,"template":"","meta":[],"product_brand":[],"product_cat":[108,109],"product_tag":[],"class_list":{"0":"post-5016","1":"product","2":"type-product","3":"status-publish","4":"has-post-thumbnail","6":"product_cat-fritid","7":"product_cat-nyheter","9":"first","10":"outofstock","11":"taxable","12":"shipping-taxable","13":"purchasable","14":"product-type-simple"},"_links":{"self":[{"href":"https:\/\/dice.masterdesign.se\/moderaterna\/wp-json\/wp\/v2\/product\/5016","targetHints":{"allow":["GET"]}}],"collection":[{"href":"https:\/\/dice.masterdesign.se\/moderaterna\/wp-json\/wp\/v2\/product"}],"about":[{"href":"https:\/\/dice.masterdesign.se\/moderaterna\/wp-json\/wp\/v2\/types\/product"}],"wp:featuredmedia":[{"embeddable":true,"href":"https:\/\/dice.masterdesign.se\/moderaterna\/wp-json\/wp\/v2\/media\/5278"}],"wp:attachment":[{"href":"https:\/\/dice.masterdesign.se\/moderaterna\/wp-json\/wp\/v2\/media?parent=5016"}],"wp:term":[{"taxonomy":"product_brand","embeddable":true,"href":"https:\/\/dice.masterdesign.se\/moderaterna\/wp-json\/wp\/v2\/product_brand?post=5016"},{"taxonomy":"product_cat","embeddable":true,"href":"https:\/\/dice.masterdesign.se\/moderaterna\/wp-json\/wp\/v2\/product_cat?post=5016"},{"taxonomy":"product_tag","embeddable":true,"href":"https:\/\/dice.masterdesign.se\/moderaterna\/wp-json\/wp\/v2\/product_tag?post=5016"}],"curies":[{"name":"wp","href":"https:\/\/api.w.org\/{rel}","templated":true}]}}