{"id":5025,"date":"2023-10-18T16:17:38","date_gmt":"2023-10-18T14:17:38","guid":{"rendered":"https:\/\/dice.masterdesign.se\/moderaterna\/?post_type=product&#038;p=5025"},"modified":"2026-04-30T11:11:17","modified_gmt":"2026-04-30T09:11:17","slug":"termosmugg","status":"publish","type":"product","link":"https:\/\/dice.masterdesign.se\/moderaterna\/produkt\/termosmugg\/","title":{"rendered":"Termosmugg"},"content":{"rendered":"","protected":false},"excerpt":{"rendered":"<p>Ett bra s\u00e4tt att f\u00f6renkla din vardag som kaffedrickare p\u00e5 \u00e4r genom att skaffa en to go mugg som man kan \u00f6ppna och st\u00e4nga med bara en hand. \u00c4r du st\u00e4ndigt i farten s\u00e5 kan denna mugg vara optimal, den h\u00e5ller n\u00e4mligen b\u00e5de v\u00e4rme och kyla i upp till 6 timmar. Den \u00e4r tillverkad i 18\/8 st\u00e5l och tack vare materialvalet tar den varken smak eller doft. Ska endast reng\u00f6ras f\u00f6r hand.<\/p>\n","protected":false},"featured_media":5275,"template":"","meta":[],"product_brand":[],"product_cat":[108,109,37],"product_tag":[],"class_list":{"0":"post-5025","1":"product","2":"type-product","3":"status-publish","4":"has-post-thumbnail","6":"product_cat-fritid","7":"product_cat-nyheter","8":"product_cat-produkter","10":"first","11":"instock","12":"taxable","13":"shipping-taxable","14":"purchasable","15":"product-type-simple"},"_links":{"self":[{"href":"https:\/\/dice.masterdesign.se\/moderaterna\/wp-json\/wp\/v2\/product\/5025","targetHints":{"allow":["GET"]}}],"collection":[{"href":"https:\/\/dice.masterdesign.se\/moderaterna\/wp-json\/wp\/v2\/product"}],"about":[{"href":"https:\/\/dice.masterdesign.se\/moderaterna\/wp-json\/wp\/v2\/types\/product"}],"wp:featuredmedia":[{"embeddable":true,"href":"https:\/\/dice.masterdesign.se\/moderaterna\/wp-json\/wp\/v2\/media\/5275"}],"wp:attachment":[{"href":"https:\/\/dice.masterdesign.se\/moderaterna\/wp-json\/wp\/v2\/media?parent=5025"}],"wp:term":[{"taxonomy":"product_brand","embeddable":true,"href":"https:\/\/dice.masterdesign.se\/moderaterna\/wp-json\/wp\/v2\/product_brand?post=5025"},{"taxonomy":"product_cat","embeddable":true,"href":"https:\/\/dice.masterdesign.se\/moderaterna\/wp-json\/wp\/v2\/product_cat?post=5025"},{"taxonomy":"product_tag","embeddable":true,"href":"https:\/\/dice.masterdesign.se\/moderaterna\/wp-json\/wp\/v2\/product_tag?post=5025"}],"curies":[{"name":"wp","href":"https:\/\/api.w.org\/{rel}","templated":true}]}}