{"id":5137,"date":"2023-10-18T16:33:53","date_gmt":"2023-10-18T14:33:53","guid":{"rendered":"https:\/\/dice.masterdesign.se\/moderaterna\/?post_type=product&#038;p=5137"},"modified":"2026-04-30T11:11:17","modified_gmt":"2026-04-30T09:11:17","slug":"vattenflaska","status":"publish","type":"product","link":"https:\/\/dice.masterdesign.se\/moderaterna\/produkt\/vattenflaska\/","title":{"rendered":"Vattenflaska"},"content":{"rendered":"","protected":false},"excerpt":{"rendered":"<p>En snygg glasvattenflaska f\u00f6r tr\u00e4ningen eller till att ha p\u00e5 kontoret. Denna vattenflaska \u00e4r transparent i glas och silikon. Den har ett bra grepp som \u00e4ven g\u00f6r den enkel att ta med n\u00e4r du \u00e4r p\u00e5 spr\u00e5ng. Flaskan t\u00e5l maskindisk. Glasflaskan \u00e4r tillverkad av Borosilikatglas. Borosilikatglasets egenskap \u00e4r fr\u00e4mst att de t\u00e5l h\u00f6gre temperaturer samt snabba temperaturv\u00e4xlingar och mer st\u00f6tt\u00e5ligt \u00e4n vanligt glas.<\/p>\n","protected":false},"featured_media":5304,"template":"","meta":[],"product_brand":[],"product_cat":[108,109,37],"product_tag":[],"class_list":{"0":"post-5137","1":"product","2":"type-product","3":"status-publish","4":"has-post-thumbnail","6":"product_cat-fritid","7":"product_cat-nyheter","8":"product_cat-produkter","10":"first","11":"outofstock","12":"taxable","13":"shipping-taxable","14":"purchasable","15":"product-type-simple"},"_links":{"self":[{"href":"https:\/\/dice.masterdesign.se\/moderaterna\/wp-json\/wp\/v2\/product\/5137","targetHints":{"allow":["GET"]}}],"collection":[{"href":"https:\/\/dice.masterdesign.se\/moderaterna\/wp-json\/wp\/v2\/product"}],"about":[{"href":"https:\/\/dice.masterdesign.se\/moderaterna\/wp-json\/wp\/v2\/types\/product"}],"wp:featuredmedia":[{"embeddable":true,"href":"https:\/\/dice.masterdesign.se\/moderaterna\/wp-json\/wp\/v2\/media\/5304"}],"wp:attachment":[{"href":"https:\/\/dice.masterdesign.se\/moderaterna\/wp-json\/wp\/v2\/media?parent=5137"}],"wp:term":[{"taxonomy":"product_brand","embeddable":true,"href":"https:\/\/dice.masterdesign.se\/moderaterna\/wp-json\/wp\/v2\/product_brand?post=5137"},{"taxonomy":"product_cat","embeddable":true,"href":"https:\/\/dice.masterdesign.se\/moderaterna\/wp-json\/wp\/v2\/product_cat?post=5137"},{"taxonomy":"product_tag","embeddable":true,"href":"https:\/\/dice.masterdesign.se\/moderaterna\/wp-json\/wp\/v2\/product_tag?post=5137"}],"curies":[{"name":"wp","href":"https:\/\/api.w.org\/{rel}","templated":true}]}}