{"id":5381,"date":"2023-10-24T15:04:25","date_gmt":"2023-10-24T13:04:25","guid":{"rendered":"https:\/\/dice.masterdesign.se\/moderaterna\/?post_type=product&#038;p=5381"},"modified":"2023-10-24T15:39:36","modified_gmt":"2023-10-24T13:39:36","slug":"t-shirt-ulf-vit-unisex","status":"publish","type":"product","link":"https:\/\/dice.masterdesign.se\/moderaterna\/produkt\/t-shirt-ulf-vit-unisex\/","title":{"rendered":"T-shirt Ulf vit Unisex"},"content":{"rendered":"","protected":false},"excerpt":{"rendered":"<p>Inf\u00e4lld \u00e4rm 1\u00d71 mudd vid halskragen Insida bakre nackband i samma tyg \u00c4rmavslut och nederkant med bred dubbeln\u00e5lstopps\u00f6m<\/p>\n<p>&nbsp;<\/p>\n<p>Material: 100% Bomull \u2013 Ekologisk ringspunnen, kammad, 180g \/M\u00b2<\/p>\n<p><a href=\"https:\/\/dice.masterdesign.se\/moderaterna\/wp-content\/uploads\/sites\/123\/2023\/10\/Storleksfordelning.pdf\">Storleksguide<\/a><\/p>\n","protected":false},"featured_media":5298,"template":"","meta":[],"product_brand":[],"product_cat":[38],"product_tag":[],"class_list":{"0":"post-5381","1":"product","2":"type-product","3":"status-publish","4":"has-post-thumbnail","6":"product_cat-klader","8":"first","9":"outofstock","10":"taxable","11":"shipping-taxable","12":"purchasable","13":"product-type-variable"},"_links":{"self":[{"href":"https:\/\/dice.masterdesign.se\/moderaterna\/wp-json\/wp\/v2\/product\/5381","targetHints":{"allow":["GET"]}}],"collection":[{"href":"https:\/\/dice.masterdesign.se\/moderaterna\/wp-json\/wp\/v2\/product"}],"about":[{"href":"https:\/\/dice.masterdesign.se\/moderaterna\/wp-json\/wp\/v2\/types\/product"}],"wp:featuredmedia":[{"embeddable":true,"href":"https:\/\/dice.masterdesign.se\/moderaterna\/wp-json\/wp\/v2\/media\/5298"}],"wp:attachment":[{"href":"https:\/\/dice.masterdesign.se\/moderaterna\/wp-json\/wp\/v2\/media?parent=5381"}],"wp:term":[{"taxonomy":"product_brand","embeddable":true,"href":"https:\/\/dice.masterdesign.se\/moderaterna\/wp-json\/wp\/v2\/product_brand?post=5381"},{"taxonomy":"product_cat","embeddable":true,"href":"https:\/\/dice.masterdesign.se\/moderaterna\/wp-json\/wp\/v2\/product_cat?post=5381"},{"taxonomy":"product_tag","embeddable":true,"href":"https:\/\/dice.masterdesign.se\/moderaterna\/wp-json\/wp\/v2\/product_tag?post=5381"}],"curies":[{"name":"wp","href":"https:\/\/api.w.org\/{rel}","templated":true}]}}