{"id":5480,"date":"2023-10-24T15:29:27","date_gmt":"2023-10-24T13:29:27","guid":{"rendered":"https:\/\/dice.masterdesign.se\/moderaterna\/?post_type=product&#038;p=5480"},"modified":"2023-10-24T15:45:13","modified_gmt":"2023-10-24T13:45:13","slug":"zip-hood-marin-unisex","status":"publish","type":"product","link":"https:\/\/dice.masterdesign.se\/moderaterna\/produkt\/zip-hood-marin-unisex\/","title":{"rendered":"Zip hood Marin Unisex"},"content":{"rendered":"","protected":false},"excerpt":{"rendered":"<p>Set-in \u00e4rms\u00f6m Fodrad luva i enkel jersey Runda dragsn\u00f6ren i matchande kroppsnyans med metallspetsar Herringbone-tejp vid insidan av nacken och insidan av dragkedjan Metall dragkedja och \u00f6ljetter T\u00e4ckt dragkedja framtill mitt p\u00e5 Sj\u00e4lvtyg halvm\u00e5ne vid nacken baktill 1&#215;1 ribb vid \u00e4rmavslut och nederkant Flatlock-s\u00f6mnad p\u00e5 alla s\u00f6mmar K\u00e4nguruficka med flatlock-s\u00f6mnad<\/p>\n<p>Huvudmaterial: Fransk terry, 85% bomull &#8211; ekologisk ring spunnet, 15% \u00e5tervunnen polyester, tygtv\u00e4ttad, ljus suedad, 300 g\/m\u00b2<\/p>\n<p><a href=\"https:\/\/dice.masterdesign.se\/moderaterna\/wp-content\/uploads\/sites\/123\/2023\/10\/Storleksfordelning.pdf\">Storleksguide<\/a><\/p>\n","protected":false},"featured_media":5115,"template":"","meta":[],"product_brand":[],"product_cat":[38],"product_tag":[],"class_list":{"0":"post-5480","1":"product","2":"type-product","3":"status-publish","4":"has-post-thumbnail","6":"product_cat-klader","8":"first","9":"outofstock","10":"taxable","11":"shipping-taxable","12":"purchasable","13":"product-type-variable"},"_links":{"self":[{"href":"https:\/\/dice.masterdesign.se\/moderaterna\/wp-json\/wp\/v2\/product\/5480","targetHints":{"allow":["GET"]}}],"collection":[{"href":"https:\/\/dice.masterdesign.se\/moderaterna\/wp-json\/wp\/v2\/product"}],"about":[{"href":"https:\/\/dice.masterdesign.se\/moderaterna\/wp-json\/wp\/v2\/types\/product"}],"wp:featuredmedia":[{"embeddable":true,"href":"https:\/\/dice.masterdesign.se\/moderaterna\/wp-json\/wp\/v2\/media\/5115"}],"wp:attachment":[{"href":"https:\/\/dice.masterdesign.se\/moderaterna\/wp-json\/wp\/v2\/media?parent=5480"}],"wp:term":[{"taxonomy":"product_brand","embeddable":true,"href":"https:\/\/dice.masterdesign.se\/moderaterna\/wp-json\/wp\/v2\/product_brand?post=5480"},{"taxonomy":"product_cat","embeddable":true,"href":"https:\/\/dice.masterdesign.se\/moderaterna\/wp-json\/wp\/v2\/product_cat?post=5480"},{"taxonomy":"product_tag","embeddable":true,"href":"https:\/\/dice.masterdesign.se\/moderaterna\/wp-json\/wp\/v2\/product_tag?post=5480"}],"curies":[{"name":"wp","href":"https:\/\/api.w.org\/{rel}","templated":true}]}}