{"id":5532,"date":"2023-10-24T15:37:22","date_gmt":"2023-10-24T13:37:22","guid":{"rendered":"https:\/\/dice.masterdesign.se\/moderaterna\/?post_type=product&#038;p=5532"},"modified":"2023-10-24T17:01:33","modified_gmt":"2023-10-24T15:01:33","slug":"hoodie-vit-unisex","status":"publish","type":"product","link":"https:\/\/dice.masterdesign.se\/moderaterna\/produkt\/hoodie-vit-unisex\/","title":{"rendered":"Hoodie Vit Unisex"},"content":{"rendered":"","protected":false},"excerpt":{"rendered":"<p>Inf\u00e4lld \u00e4rm Dubbellagd huva i samma tyg Runda dragsn\u00f6ren i matchande kroppsf\u00e4rg med metallspetsar Metall\u00f6glor Insida av herringbone-band i nacken Sj\u00e4lvtygs halvm\u00e5ne i nacken Enkel n\u00e5lstoppning vid halsringningen och l\u00e4ngs huva\u00f6ppningen 1\u00d71 mudd vid \u00e4rmavslut och nederkant \u00c4rmspringa, \u00e4rmavslut och nederkant med tv\u00e5n\u00e5lstopps\u00f6m K\u00e4nguruficka framtill<\/p>\n<p>Huvudmaterial: Borstad, 85% bomull \u2013 ekologisk ringspunnen kammat, 15% polyester \u2013 \u00e5tervunnen, tygv\u00e4ttad, 350 g\/m\u00b2<\/p>\n<p><a href=\"https:\/\/dice.masterdesign.se\/moderaterna\/wp-content\/uploads\/sites\/123\/2023\/10\/Storleksfordelning.pdf\">Storleksguide<\/a><\/p>\n","protected":false},"featured_media":5300,"template":"","meta":[],"product_brand":[],"product_cat":[38],"product_tag":[],"class_list":{"0":"post-5532","1":"product","2":"type-product","3":"status-publish","4":"has-post-thumbnail","6":"product_cat-klader","8":"first","9":"outofstock","10":"taxable","11":"shipping-taxable","12":"purchasable","13":"product-type-variable"},"_links":{"self":[{"href":"https:\/\/dice.masterdesign.se\/moderaterna\/wp-json\/wp\/v2\/product\/5532","targetHints":{"allow":["GET"]}}],"collection":[{"href":"https:\/\/dice.masterdesign.se\/moderaterna\/wp-json\/wp\/v2\/product"}],"about":[{"href":"https:\/\/dice.masterdesign.se\/moderaterna\/wp-json\/wp\/v2\/types\/product"}],"wp:featuredmedia":[{"embeddable":true,"href":"https:\/\/dice.masterdesign.se\/moderaterna\/wp-json\/wp\/v2\/media\/5300"}],"wp:attachment":[{"href":"https:\/\/dice.masterdesign.se\/moderaterna\/wp-json\/wp\/v2\/media?parent=5532"}],"wp:term":[{"taxonomy":"product_brand","embeddable":true,"href":"https:\/\/dice.masterdesign.se\/moderaterna\/wp-json\/wp\/v2\/product_brand?post=5532"},{"taxonomy":"product_cat","embeddable":true,"href":"https:\/\/dice.masterdesign.se\/moderaterna\/wp-json\/wp\/v2\/product_cat?post=5532"},{"taxonomy":"product_tag","embeddable":true,"href":"https:\/\/dice.masterdesign.se\/moderaterna\/wp-json\/wp\/v2\/product_tag?post=5532"}],"curies":[{"name":"wp","href":"https:\/\/api.w.org\/{rel}","templated":true}]}}