{"id":74,"date":"2017-10-05T13:02:14","date_gmt":"2017-10-05T11:02:14","guid":{"rendered":"https:\/\/dice.masterdesign.se\/standard\/?page_id=74"},"modified":"2024-01-15T15:05:13","modified_gmt":"2024-01-15T14:05:13","slug":"information","status":"publish","type":"page","link":"https:\/\/dice.masterdesign.se\/ondemandxs\/information\/","title":{"rendered":"Information"},"content":{"rendered":"<div class=\"wpb-content-wrapper\"><p>[vc_row][vc_column][vc_empty_space][vc_column_text]<\/p>\n<h1><i class=\"fa fa-info-circle\" aria-hidden=\"true\"><\/i> Information<\/h1>\n<p>Denna best\u00e4llningsportal drivs av\u00a0<strong>Master Design<\/strong>\u00a0till f\u00f6rm\u00e5n f\u00f6r\u00a0<strong>&#8221;On Demand XS&#8221;<\/strong>.<\/p>\n<p>Master Design sk\u00f6ter all orderhantering och distribution, de tar v\u00e4l hand om din best\u00e4llning. Observera att produkterna endast g\u00e5r att k\u00f6pa via denna best\u00e4llningsportal, det finns ingen befintlig butik d\u00e4r du kan k\u00f6pa produkterna eller h\u00e4mta din best\u00e4llning.<\/p>\n<h3>Frakter<\/h3>\n<p>Vi anv\u00e4nder normalt Postnord f\u00f6r frakter.<\/p>\n<h3>Leveranstider<\/h3>\n<p>Leveranstiden \u00e4r normalt 2-3 arbetsdagar f\u00f6r inrikesleveranser<\/p>\n<h3>K\u00f6pvillkor<\/h3>\n<p>Villkoren nedan anpassas i dialog mellan Master Design och kunden.<\/p>\n<p>Alla priser i webshopen \u00e4r exklusive moms.<\/p>\n<p><strong>Betalning<\/strong><br \/>\nEfter varje leverans skickas faktura m\u00e4rkt med kostnadsst\u00e4lle eller annan \u00f6verenskommen m\u00e4rkning.<\/p>\n<p><strong>Leverans<\/strong><br \/>\nLeverans sker med Postnord till leveransadress.<\/p>\n<p><strong>Retur<\/strong><br \/>\nVid retur av en vara, kontakta Master Design p\u00e5 08 744 13 30 f\u00f6r instruktioner eller skicka e-post till dice@masterdesign.se. Returfrakt betalas av best\u00e4llaren.<\/p>\n<p><strong>Reklamation<\/strong><br \/>\nOm du av n\u00e5gon anledning vill reklamera en vara s\u00e5 kontakta Master Design p\u00e5 08 744 13 30 f\u00f6r instruktioner eller skicka e-post till dice@masterdesign.se. Vid reklamation av en vara s\u00e5 f\u00e5r du en fraktsedel av oss f\u00f6r att skicka tillbaka varan.[\/vc_column_text][\/vc_column][\/vc_row]<\/p>\n<\/div>","protected":false},"excerpt":{"rendered":"<p>[vc_row][vc_column][vc_empty_space][vc_column_text] Information Denna best\u00e4llningsportal drivs av\u00a0Master Design\u00a0till f\u00f6rm\u00e5n f\u00f6r\u00a0&#8221;On Demand XS&#8221;. Master Design sk\u00f6ter all orderhantering och distribution, de tar v\u00e4l hand om din best\u00e4llning. Observera att produkterna endast g\u00e5r att k\u00f6pa via denna best\u00e4llningsportal, det finns ingen befintlig butik d\u00e4r du kan k\u00f6pa produkterna eller h\u00e4mta din best\u00e4llning. Frakter Vi anv\u00e4nder normalt Postnord f\u00f6r &hellip;<\/p>\n","protected":false},"author":1,"featured_media":0,"parent":0,"menu_order":0,"comment_status":"closed","ping_status":"closed","template":"","meta":{"footnotes":""},"class_list":["post-74","page","type-page","status-publish","hentry"],"_links":{"self":[{"href":"https:\/\/dice.masterdesign.se\/ondemandxs\/wp-json\/wp\/v2\/pages\/74","targetHints":{"allow":["GET"]}}],"collection":[{"href":"https:\/\/dice.masterdesign.se\/ondemandxs\/wp-json\/wp\/v2\/pages"}],"about":[{"href":"https:\/\/dice.masterdesign.se\/ondemandxs\/wp-json\/wp\/v2\/types\/page"}],"author":[{"embeddable":true,"href":"https:\/\/dice.masterdesign.se\/ondemandxs\/wp-json\/wp\/v2\/users\/1"}],"replies":[{"embeddable":true,"href":"https:\/\/dice.masterdesign.se\/ondemandxs\/wp-json\/wp\/v2\/comments?post=74"}],"version-history":[{"count":2,"href":"https:\/\/dice.masterdesign.se\/ondemandxs\/wp-json\/wp\/v2\/pages\/74\/revisions"}],"predecessor-version":[{"id":552,"href":"https:\/\/dice.masterdesign.se\/ondemandxs\/wp-json\/wp\/v2\/pages\/74\/revisions\/552"}],"wp:attachment":[{"href":"https:\/\/dice.masterdesign.se\/ondemandxs\/wp-json\/wp\/v2\/media?parent=74"}],"curies":[{"name":"wp","href":"https:\/\/api.w.org\/{rel}","templated":true}]}}