{"id":390,"date":"2018-03-07T00:35:05","date_gmt":"2018-03-06T23:35:05","guid":{"rendered":"https:\/\/dice.masterdesign.se\/ondemandxs\/?post_type=product&#038;p=390"},"modified":"2018-11-05T01:29:27","modified_gmt":"2018-11-05T00:29:27","slug":"varseljacka-vinter","status":"publish","type":"product","link":"https:\/\/dice.masterdesign.se\/ondemandxs\/produkt\/varseljacka-vinter\/","title":{"rendered":"Varseljacka Vinter"},"content":{"rendered":"<h3>FUNKTIONALITET<\/h3>\n<p><strong>TYG<\/strong><br \/>\n100% polyester, twill, stretch, laminerad, vattent\u00e4t 10 000 mm, vindt\u00e4t, andasfunktion 4000 g\/m\u00b2\/24H, 150g\/m\u00b2<\/p>\n<p><strong>FODER<\/strong><br \/>\nMeshfoder, Quiltfoder<\/p>\n<p><strong>FUNKTIONALITET<\/strong><br \/>\nVind- &amp; vattent\u00e4tt material med andasfunktion, tejpade s\u00f6mmar, Meshpanel vid \u00e4rmh\u00e5l, Meshpanel vid skulderblad, M\u00f6rka f\u00e4rgf\u00e4lt p\u00e5 smutsutsatta partier<\/p>\n<p><strong>DETALJER<\/strong><br \/>\nFleecefodrad krage, H\u00f6g krage<\/p>\n<p>Avtagbar och justerbar luva med varmfoder<br \/>\nTejpade s\u00f6mmar<br \/>\nID-kortsficka inf\u00e4llbar<br \/>\nBlixtl\u00e5s i foder f\u00f6r dekalning<\/p>\n<p><strong>FRONTST\u00c4NGNING<\/strong><br \/>\nDolt kraftigt env\u00e4gsblixtl\u00e5s i plast<\/p>\n<p><strong>FICKOR<\/strong><br \/>\nBr\u00f6stfickor, en med plats f\u00f6r telefon och pennor<br \/>\nFramfickor med blixtl\u00e5s, fleece fodrade<br \/>\nInnerfickor, varav en i mesh<\/p>\n<p><strong>AVSLUT<\/strong><br \/>\nF\u00f6rl\u00e4ngt ryggslut, Justerbar i nederkant med dragsko<\/p>\n<p>Inv\u00e4ndig mudd i \u00e4rmavslut med tumgrepp, Justerbara \u00e4rmavslut med kardborre<\/p>\n<p><strong>REFLEX<\/strong><br \/>\n50 mm breda reflexer, Reflex p\u00e5 b\u00e5l, \u00e4rmar och axlar, Reflexdetalj p\u00e5 luva<\/p>\n","protected":false},"excerpt":{"rendered":"<p>Vinterjacka i varsel med quiltfoder i ett mycket slitstarkt, vind- och vattent\u00e4tt material med tejpade s\u00f6mmar. Jackan har m\u00f6rka f\u00e4rgf\u00e4lt p\u00e5 de partier d\u00e4r plagget uts\u00e4tts f\u00f6r mest smuts. Jackan har rymliga och bra fickl\u00f6sningar: framfickor, br\u00f6stficka med blixtl\u00e5s, pennficka och telefonficka samt innerfickor, en stor f\u00f6r t.ex. vantar och en mindre ficka med kardborrest\u00e4ngning.<\/p>\n","protected":false},"featured_media":361,"template":"","meta":[],"product_brand":[],"product_cat":[57],"product_tag":[66],"class_list":{"0":"post-390","1":"product","2":"type-product","3":"status-publish","4":"has-post-thumbnail","6":"product_cat-jackor","7":"product_tag-video","8":"product_cat-on-demand","10":"first","11":"instock","12":"taxable","13":"shipping-taxable","14":"purchasable","15":"product-type-variable"},"_links":{"self":[{"href":"https:\/\/dice.masterdesign.se\/ondemandxs\/wp-json\/wp\/v2\/product\/390","targetHints":{"allow":["GET"]}}],"collection":[{"href":"https:\/\/dice.masterdesign.se\/ondemandxs\/wp-json\/wp\/v2\/product"}],"about":[{"href":"https:\/\/dice.masterdesign.se\/ondemandxs\/wp-json\/wp\/v2\/types\/product"}],"wp:featuredmedia":[{"embeddable":true,"href":"https:\/\/dice.masterdesign.se\/ondemandxs\/wp-json\/wp\/v2\/media\/361"}],"wp:attachment":[{"href":"https:\/\/dice.masterdesign.se\/ondemandxs\/wp-json\/wp\/v2\/media?parent=390"}],"wp:term":[{"taxonomy":"product_brand","embeddable":true,"href":"https:\/\/dice.masterdesign.se\/ondemandxs\/wp-json\/wp\/v2\/product_brand?post=390"},{"taxonomy":"product_cat","embeddable":true,"href":"https:\/\/dice.masterdesign.se\/ondemandxs\/wp-json\/wp\/v2\/product_cat?post=390"},{"taxonomy":"product_tag","embeddable":true,"href":"https:\/\/dice.masterdesign.se\/ondemandxs\/wp-json\/wp\/v2\/product_tag?post=390"}],"curies":[{"name":"wp","href":"https:\/\/api.w.org\/{rel}","templated":true}]}}