{"id":395,"date":"2018-03-07T00:37:09","date_gmt":"2018-03-06T23:37:09","guid":{"rendered":"https:\/\/dice.masterdesign.se\/ondemandxs\/?post_type=product&#038;p=395"},"modified":"2018-03-07T01:36:24","modified_gmt":"2018-03-07T00:36:24","slug":"varseljacka","status":"publish","type":"product","link":"https:\/\/dice.masterdesign.se\/ondemandxs\/produkt\/varseljacka\/","title":{"rendered":"Varseljacka"},"content":{"rendered":"<div class=\"inner-content\">\n<div class=\"inner-inner-content row alternate-font-family border-bottom-gray\">\n<div class=\"row relative\">\n<div id=\"product-page-attributes\" class=\"col-md-11 col-xs-20 product-page-attributes\">\n<div class=\"row product-page-tabs\">\n<div class=\"col-xs-20\">\n<div class=\"tab-content product-page-tabs-content\">\n<div id=\"product-page-tabs-function\" class=\"tab-pane active\">\n<div class=\"tab-pane-space\">\n<h3>FUNKTIONALITET<\/h3>\n<p><strong>TYG<\/strong><br \/>\n85% polyester, 15% bomull, satin, 300g\/m\u00b2<\/p>\n<p><strong>FODER<\/strong><br \/>\nOfodrad<\/p>\n<p><strong>DETALJER<\/strong><br \/>\nB\u00e4lg i rygg<\/p>\n<p>Ok i bak<\/p>\n<p>ID-kortsficka inf\u00e4llbar<\/p>\n<p><strong>FRONTST\u00c4NGNING<\/strong><br \/>\nDolt env\u00e4gsblixtl\u00e5s i metall<\/p>\n<p><strong>FICKOR<\/strong><br \/>\nBr\u00f6stfickor med lock och knappkn\u00e4ppning<\/p>\n<p>Framfickor med lock och sidfickor<\/p>\n<p>Inv\u00e4ndig telefonficka<\/p>\n<p><strong>AVSLUT<\/strong><br \/>\nF\u00f6rl\u00e4ngt ryggslut, Justerbar nederkant med knapp<\/p>\n<p>Justerbara \u00e4rmavslut med tryckknapp<\/p>\n<p><strong>REFLEX<\/strong><br \/>\n50 mm breda reflexer, Reflex p\u00e5 b\u00e5l, \u00e4rmar och axlar<\/p>\n<\/div>\n<\/div>\n<\/div>\n<\/div>\n<\/div>\n<\/div>\n<\/div>\n<\/div>\n<\/div>\n<p id=\"footer-social-bar\" class=\"row\">\n","protected":false},"excerpt":{"rendered":"<p>Sk\u00f6n varseljacka i fyra olika f\u00e4rgkombinationer. Ergonomisk passform som ger mycket god r\u00f6relsefrihet. Certifierad enligt EN 471\/EN ISO\u00a020471, XS-S klass 2, M-XXXL klass 3, skyddskl\u00e4der med h\u00f6g synbarhet.<\/p>\n","protected":false},"featured_media":365,"template":"","meta":[],"product_brand":[],"product_cat":[57],"product_tag":[],"class_list":{"0":"post-395","1":"product","2":"type-product","3":"status-publish","4":"has-post-thumbnail","6":"product_cat-jackor","7":"product_cat-on-demand","9":"first","10":"instock","11":"taxable","12":"shipping-taxable","13":"purchasable","14":"product-type-variable"},"_links":{"self":[{"href":"https:\/\/dice.masterdesign.se\/ondemandxs\/wp-json\/wp\/v2\/product\/395","targetHints":{"allow":["GET"]}}],"collection":[{"href":"https:\/\/dice.masterdesign.se\/ondemandxs\/wp-json\/wp\/v2\/product"}],"about":[{"href":"https:\/\/dice.masterdesign.se\/ondemandxs\/wp-json\/wp\/v2\/types\/product"}],"wp:featuredmedia":[{"embeddable":true,"href":"https:\/\/dice.masterdesign.se\/ondemandxs\/wp-json\/wp\/v2\/media\/365"}],"wp:attachment":[{"href":"https:\/\/dice.masterdesign.se\/ondemandxs\/wp-json\/wp\/v2\/media?parent=395"}],"wp:term":[{"taxonomy":"product_brand","embeddable":true,"href":"https:\/\/dice.masterdesign.se\/ondemandxs\/wp-json\/wp\/v2\/product_brand?post=395"},{"taxonomy":"product_cat","embeddable":true,"href":"https:\/\/dice.masterdesign.se\/ondemandxs\/wp-json\/wp\/v2\/product_cat?post=395"},{"taxonomy":"product_tag","embeddable":true,"href":"https:\/\/dice.masterdesign.se\/ondemandxs\/wp-json\/wp\/v2\/product_tag?post=395"}],"curies":[{"name":"wp","href":"https:\/\/api.w.org\/{rel}","templated":true}]}}