{"id":400,"date":"2018-03-07T00:40:18","date_gmt":"2018-03-06T23:40:18","guid":{"rendered":"https:\/\/dice.masterdesign.se\/ondemandxs\/?post_type=product&#038;p=400"},"modified":"2018-03-07T01:36:40","modified_gmt":"2018-03-07T00:36:40","slug":"stickad-varseljacka","status":"publish","type":"product","link":"https:\/\/dice.masterdesign.se\/ondemandxs\/produkt\/stickad-varseljacka\/","title":{"rendered":"Stickad Varseljacka"},"content":{"rendered":"<div class=\"inner-content\">\n<div class=\"inner-inner-content row alternate-font-family border-bottom-gray\">\n<div class=\"row relative\">\n<div id=\"product-page-attributes\" class=\"col-md-11 col-xs-20 product-page-attributes\">\n<div class=\"row product-page-tabs\">\n<div class=\"col-xs-20\">\n<div class=\"tab-content product-page-tabs-content\">\n<div id=\"product-page-tabs-function\" class=\"tab-pane active\">\n<div class=\"tab-pane-space\">\n<h3>FUNKTIONALITET<\/h3>\n<p><strong>TYG<\/strong><br \/>\n100% polyester, stickad, borstad insida, 380g\/m\u00b2<\/p>\n<p><strong>DETALJER<\/strong><br \/>\nF\u00f6rst\u00e4rkt axelparti<br \/>\nFast luva<\/p>\n<p><strong>FRONTST\u00c4NGNING<\/strong><br \/>\nBlixtl\u00e5s fram f\u00f6rsedd med fleecefodrad sl\u00e5<\/p>\n<p><strong>FICKOR<\/strong><br \/>\nBr\u00f6stficka med blixtl\u00e5s<br \/>\nFramfickor, varav en med D-ring, Framfickor med blixtl\u00e5s<\/p>\n<p><strong>AVSLUT<\/strong><br \/>\nF\u00f6rl\u00e4ngt ryggslut<br \/>\n\u00c4rmavslut med elastiskt band<\/p>\n<p><strong>REFLEX<\/strong><\/p>\n<\/div>\n<\/div>\n<\/div>\n<\/div>\n<\/div>\n<\/div>\n<\/div>\n<\/div>\n<\/div>\n","protected":false},"excerpt":{"rendered":"<p>Stickad jacka i varsel med huva i snygg design och bekv\u00e4m kvalitet. Skurna reflexer f\u00f6r bra andningsf\u00f6rm\u00e5ga och elasticitet. Jackan har dragkedjor och \u00e4r f\u00f6rst\u00e4rkt med softshellmaterial p\u00e5 axlar, \u00e4rmar och ryggslut f\u00f6r \u00f6kad slitstyrka. Fritid som arbete, detta \u00e4r jackan att trivas i. Certifierad enligt EN ISO 20471, klass 2.<\/p>\n","protected":false},"featured_media":368,"template":"","meta":[],"product_brand":[],"product_cat":[57],"product_tag":[],"class_list":{"0":"post-400","1":"product","2":"type-product","3":"status-publish","4":"has-post-thumbnail","6":"product_cat-jackor","7":"product_cat-on-demand","9":"first","10":"instock","11":"taxable","12":"shipping-taxable","13":"purchasable","14":"product-type-variable"},"_links":{"self":[{"href":"https:\/\/dice.masterdesign.se\/ondemandxs\/wp-json\/wp\/v2\/product\/400","targetHints":{"allow":["GET"]}}],"collection":[{"href":"https:\/\/dice.masterdesign.se\/ondemandxs\/wp-json\/wp\/v2\/product"}],"about":[{"href":"https:\/\/dice.masterdesign.se\/ondemandxs\/wp-json\/wp\/v2\/types\/product"}],"wp:featuredmedia":[{"embeddable":true,"href":"https:\/\/dice.masterdesign.se\/ondemandxs\/wp-json\/wp\/v2\/media\/368"}],"wp:attachment":[{"href":"https:\/\/dice.masterdesign.se\/ondemandxs\/wp-json\/wp\/v2\/media?parent=400"}],"wp:term":[{"taxonomy":"product_brand","embeddable":true,"href":"https:\/\/dice.masterdesign.se\/ondemandxs\/wp-json\/wp\/v2\/product_brand?post=400"},{"taxonomy":"product_cat","embeddable":true,"href":"https:\/\/dice.masterdesign.se\/ondemandxs\/wp-json\/wp\/v2\/product_cat?post=400"},{"taxonomy":"product_tag","embeddable":true,"href":"https:\/\/dice.masterdesign.se\/ondemandxs\/wp-json\/wp\/v2\/product_tag?post=400"}],"curies":[{"name":"wp","href":"https:\/\/api.w.org\/{rel}","templated":true}]}}