{"id":405,"date":"2018-03-07T00:42:52","date_gmt":"2018-03-06T23:42:52","guid":{"rendered":"https:\/\/dice.masterdesign.se\/ondemandxs\/?post_type=product&#038;p=405"},"modified":"2018-03-07T01:36:57","modified_gmt":"2018-03-07T00:36:57","slug":"varseljacka-softshell","status":"publish","type":"product","link":"https:\/\/dice.masterdesign.se\/ondemandxs\/produkt\/varseljacka-softshell\/","title":{"rendered":"Varseljacka Softshell"},"content":{"rendered":"<div class=\"inner-content\">\n<div class=\"inner-inner-content row alternate-font-family border-bottom-gray\">\n<div class=\"row relative\">\n<div id=\"product-page-attributes\" class=\"col-md-11 col-xs-20 product-page-attributes\">\n<div class=\"row product-page-tabs\">\n<div class=\"col-xs-20\">\n<div class=\"tab-content product-page-tabs-content\">\n<div id=\"product-page-tabs-function\" class=\"tab-pane active\">\n<div class=\"tab-pane-space\">\n<h3>FUNKTIONALITET<\/h3>\n<p><strong>TYG<\/strong><br \/>\n100% polyester, 2-lagers, softhell, vattenavvisande 255g\/m\u00b2<\/p>\n<p><strong>FUNKTIONALITET<\/strong><br \/>\nM\u00f6rka f\u00e4rgf\u00e4lt p\u00e5 smutsutsatta partier, Vindavvisande med andasfunktion<\/p>\n<p><strong>DETALJER<\/strong><br \/>\nAxelpartier i kontrastf\u00e4rg<br \/>\nH\u00f6g krage<br \/>\nD-ring<br \/>\nBra ytor f\u00f6r dekalning<\/p>\n<p><strong>FRONTST\u00c4NGNING<\/strong><br \/>\nKraftigt env\u00e4gsblixtl\u00e5s i plast<\/p>\n<p><strong>FICKOR<\/strong><br \/>\nFramfickor med blixtl\u00e5s<\/p>\n<p><strong>AVSLUT<\/strong><br \/>\nF\u00f6rl\u00e4ngt ryggslut, Elastiskt band i nederkant<br \/>\n\u00c4rmavslut med elastiskt band<\/p>\n<p><strong>REFLEX<\/strong><br \/>\n50 mm breda reflexer, Reflex p\u00e5 b\u00e5l, \u00e4rmar och axlar<\/p>\n<\/div>\n<\/div>\n<\/div>\n<\/div>\n<\/div>\n<\/div>\n<\/div>\n<\/div>\n<\/div>\n","protected":false},"excerpt":{"rendered":"<p>Smidig och tunn softshelljacka i varsel. Ergonomisk passform som ger mycket god r\u00f6relsefrihet. Jackans ytatyg \u00e4r vattenavvisande med god andningsf\u00f6rm\u00e5ga samt har behaglig insida i fleece.<\/p>\n","protected":false},"featured_media":370,"template":"","meta":[],"product_brand":[],"product_cat":[57],"product_tag":[],"class_list":{"0":"post-405","1":"product","2":"type-product","3":"status-publish","4":"has-post-thumbnail","6":"product_cat-jackor","7":"product_cat-on-demand","9":"first","10":"instock","11":"taxable","12":"shipping-taxable","13":"purchasable","14":"product-type-variable"},"_links":{"self":[{"href":"https:\/\/dice.masterdesign.se\/ondemandxs\/wp-json\/wp\/v2\/product\/405","targetHints":{"allow":["GET"]}}],"collection":[{"href":"https:\/\/dice.masterdesign.se\/ondemandxs\/wp-json\/wp\/v2\/product"}],"about":[{"href":"https:\/\/dice.masterdesign.se\/ondemandxs\/wp-json\/wp\/v2\/types\/product"}],"wp:featuredmedia":[{"embeddable":true,"href":"https:\/\/dice.masterdesign.se\/ondemandxs\/wp-json\/wp\/v2\/media\/370"}],"wp:attachment":[{"href":"https:\/\/dice.masterdesign.se\/ondemandxs\/wp-json\/wp\/v2\/media?parent=405"}],"wp:term":[{"taxonomy":"product_brand","embeddable":true,"href":"https:\/\/dice.masterdesign.se\/ondemandxs\/wp-json\/wp\/v2\/product_brand?post=405"},{"taxonomy":"product_cat","embeddable":true,"href":"https:\/\/dice.masterdesign.se\/ondemandxs\/wp-json\/wp\/v2\/product_cat?post=405"},{"taxonomy":"product_tag","embeddable":true,"href":"https:\/\/dice.masterdesign.se\/ondemandxs\/wp-json\/wp\/v2\/product_tag?post=405"}],"curies":[{"name":"wp","href":"https:\/\/api.w.org\/{rel}","templated":true}]}}