{"id":410,"date":"2018-03-07T00:49:28","date_gmt":"2018-03-06T23:49:28","guid":{"rendered":"https:\/\/dice.masterdesign.se\/ondemandxs\/?post_type=product&#038;p=410"},"modified":"2018-03-07T02:01:30","modified_gmt":"2018-03-07T01:01:30","slug":"varselbyxa-softshell-dam","status":"publish","type":"product","link":"https:\/\/dice.masterdesign.se\/ondemandxs\/produkt\/varselbyxa-softshell-dam\/","title":{"rendered":"Varselbyxa Softshell (Dam)"},"content":{"rendered":"<h4>FUNKTIONALITET<\/h4>\n<p><strong>TYG<\/strong><br \/>\n100% polyester, 3-lagerstyg av softshell-laminering, vattent\u00e4t 10 000 mm, vindt\u00e4t, andasfunktion 4000 g\/m\u00b2\/24H, 300g\/m\u00b2<\/p>\n<p><strong>FUNKTIONALITET<\/strong><br \/>\nVind- &amp; vattent\u00e4tt material med andasfunktion, ej tejpade s\u00f6mmar<br \/>\nDampassform<\/p>\n<p><strong>F\u00d6RST\u00c4RKNING<\/strong><br \/>\nF\u00f6rst\u00e4rkta spikfickor och bakfickor, CORDURA\u00ae-f\u00f6rst\u00e4rkt tumstocksficka och kn\u00e4ficka<\/p>\n<p><strong>DETALJER<\/strong><br \/>\nGylf med plastblixtl\u00e5s<br \/>\nRes\u00e5r i midja<br \/>\nAvtagbar ID-kortsficka<\/p>\n<p><strong>FICKOR<\/strong><br \/>\nBakfickor med b\u00e4lg f\u00f6rst\u00e4rkta och en med lock<br \/>\nBenficka med lock, pennficka och inv\u00e4ndig telefonficka i mesh<br \/>\nInsticksfickor<br \/>\nKn\u00e4skyddsfickor anpassade f\u00f6r art. 4027<br \/>\nSpikfickor fram<br \/>\nTumstocksficka med knivh\u00e5llare och pennficka<\/p>\n<p><strong>PASSAR TILL<\/strong><br \/>\nKn\u00e4skyddsfickor anpassade till kn\u00e4skydd 4027<\/p>\n","protected":false},"excerpt":{"rendered":"<p>Stretchig softshellbyxa i ett vind- och vattent\u00e4tt material som andas. F\u00f6r optimal passform har byxan res\u00e5rfunktion i midjan samt dragsko i benavslut. Byxans multifunktionella fickl\u00f6sningar och extremt f\u00f6ljsamt material g\u00f6r dem till det sj\u00e4lvklara valet vid arbete i tuffa v\u00e4derf\u00f6rh\u00e5llanden. Certifierad enligt EN ISO 20471, klass 2, skyddskl\u00e4der med h\u00f6g synbarhet.<\/p>\n","protected":false},"featured_media":372,"template":"","meta":[],"product_brand":[],"product_cat":[58],"product_tag":[66],"class_list":{"0":"post-410","1":"product","2":"type-product","3":"status-publish","4":"has-post-thumbnail","6":"product_cat-byxor","7":"product_tag-video","8":"product_cat-on-demand","10":"first","11":"instock","12":"taxable","13":"shipping-taxable","14":"purchasable","15":"product-type-variable"},"_links":{"self":[{"href":"https:\/\/dice.masterdesign.se\/ondemandxs\/wp-json\/wp\/v2\/product\/410","targetHints":{"allow":["GET"]}}],"collection":[{"href":"https:\/\/dice.masterdesign.se\/ondemandxs\/wp-json\/wp\/v2\/product"}],"about":[{"href":"https:\/\/dice.masterdesign.se\/ondemandxs\/wp-json\/wp\/v2\/types\/product"}],"wp:featuredmedia":[{"embeddable":true,"href":"https:\/\/dice.masterdesign.se\/ondemandxs\/wp-json\/wp\/v2\/media\/372"}],"wp:attachment":[{"href":"https:\/\/dice.masterdesign.se\/ondemandxs\/wp-json\/wp\/v2\/media?parent=410"}],"wp:term":[{"taxonomy":"product_brand","embeddable":true,"href":"https:\/\/dice.masterdesign.se\/ondemandxs\/wp-json\/wp\/v2\/product_brand?post=410"},{"taxonomy":"product_cat","embeddable":true,"href":"https:\/\/dice.masterdesign.se\/ondemandxs\/wp-json\/wp\/v2\/product_cat?post=410"},{"taxonomy":"product_tag","embeddable":true,"href":"https:\/\/dice.masterdesign.se\/ondemandxs\/wp-json\/wp\/v2\/product_tag?post=410"}],"curies":[{"name":"wp","href":"https:\/\/api.w.org\/{rel}","templated":true}]}}