{"id":419,"date":"2018-03-07T00:50:42","date_gmt":"2018-03-06T23:50:42","guid":{"rendered":"https:\/\/dice.masterdesign.se\/ondemandxs\/?post_type=product&#038;p=419"},"modified":"2018-03-07T01:37:50","modified_gmt":"2018-03-07T00:37:50","slug":"multinorm-inherent","status":"publish","type":"product","link":"https:\/\/dice.masterdesign.se\/ondemandxs\/produkt\/multinorm-inherent\/","title":{"rendered":"Multinorm Inherent"},"content":{"rendered":"<h4>FUNKTIONALITET<\/h4>\n<p><strong>TYG<\/strong><br \/>\n44% modakryl, 30% bomull, 20% polyamid, 5% aramid, 1% antistat, ripstop, flamskyddad, antistatisk, 260 g\/m\u00b2, Arc Rating 11,9 cal\/cm\u00b2<\/p>\n<p><strong>TV\u00c4TT<\/strong><br \/>\nIndustritv\u00e4tt, EN ISO 15797<\/p>\n<p><strong>F\u00d6RST\u00c4RKNING<\/strong><br \/>\nCORDURA\u00ae\/Kevlar\u00ae\/Protal\u00ae-f\u00f6rst\u00e4rkning p\u00e5 kn\u00e4<\/p>\n<p><strong>DETALJER<\/strong><br \/>\nUtv\u00e4ndiga etiketter<br \/>\nGylf med metallblixtl\u00e5s<br \/>\nH\u00e4llor, varav en med D-ring<br \/>\nDolda knappar<br \/>\nAvtagbar ID-kortsficka f\u00f6r flamskyddade plagg<\/p>\n<p><strong>FICKOR<\/strong><br \/>\nBakfickor med b\u00e4lg f\u00f6rst\u00e4rkta<br \/>\nBenficka med b\u00e4lg, telefonficka och pennficka<br \/>\nSnedst\u00e4llda framfickor<br \/>\nKn\u00e4skyddsfickor<br \/>\nF\u00f6rst\u00e4rkta, tredelade spikfickor fram<br \/>\nTumstocksficka med knivh\u00e5llare och pennficka<\/p>\n<p><strong>REFLEX<\/strong><br \/>\nFlamskyddade reflexer p\u00e5sydda med dubbla s\u00f6mmar<\/p>\n","protected":false},"excerpt":{"rendered":"<p>En byxa med v\u00e4ldigt goda egenskaper i f\u00f6rh\u00e5llandet till sin vikt. Tyget \u00e4r Inherent vilket inneb\u00e4r att flamskyddet \u00e4r inbyggt i fiberns struktur. Byxan \u00e4r f\u00f6rsedd med ett kn\u00e4f\u00f6rst\u00e4rkningsmaterial av CORDURA\u00ae\/Kevlar\u00ae\/Protal\u00ae. Den har m\u00e5nga smarta fickl\u00f6sningar anpassade efter certifieringskraven.<\/p>\n","protected":false},"featured_media":376,"template":"","meta":[],"product_brand":[],"product_cat":[58],"product_tag":[],"class_list":{"0":"post-419","1":"product","2":"type-product","3":"status-publish","4":"has-post-thumbnail","6":"product_cat-byxor","7":"product_cat-on-demand","9":"first","10":"instock","11":"taxable","12":"shipping-taxable","13":"purchasable","14":"product-type-variable"},"_links":{"self":[{"href":"https:\/\/dice.masterdesign.se\/ondemandxs\/wp-json\/wp\/v2\/product\/419","targetHints":{"allow":["GET"]}}],"collection":[{"href":"https:\/\/dice.masterdesign.se\/ondemandxs\/wp-json\/wp\/v2\/product"}],"about":[{"href":"https:\/\/dice.masterdesign.se\/ondemandxs\/wp-json\/wp\/v2\/types\/product"}],"wp:featuredmedia":[{"embeddable":true,"href":"https:\/\/dice.masterdesign.se\/ondemandxs\/wp-json\/wp\/v2\/media\/376"}],"wp:attachment":[{"href":"https:\/\/dice.masterdesign.se\/ondemandxs\/wp-json\/wp\/v2\/media?parent=419"}],"wp:term":[{"taxonomy":"product_brand","embeddable":true,"href":"https:\/\/dice.masterdesign.se\/ondemandxs\/wp-json\/wp\/v2\/product_brand?post=419"},{"taxonomy":"product_cat","embeddable":true,"href":"https:\/\/dice.masterdesign.se\/ondemandxs\/wp-json\/wp\/v2\/product_cat?post=419"},{"taxonomy":"product_tag","embeddable":true,"href":"https:\/\/dice.masterdesign.se\/ondemandxs\/wp-json\/wp\/v2\/product_tag?post=419"}],"curies":[{"name":"wp","href":"https:\/\/api.w.org\/{rel}","templated":true}]}}