{"id":427,"date":"2018-03-07T00:53:42","date_gmt":"2018-03-06T23:53:42","guid":{"rendered":"https:\/\/dice.masterdesign.se\/ondemandxs\/?post_type=product&#038;p=427"},"modified":"2018-03-07T01:38:11","modified_gmt":"2018-03-07T00:38:11","slug":"hantverksbyxa-stretch-x1900","status":"publish","type":"product","link":"https:\/\/dice.masterdesign.se\/ondemandxs\/produkt\/hantverksbyxa-stretch-x1900\/","title":{"rendered":"Hantverksbyxa Stretch X1900"},"content":{"rendered":"<h4>FUNKTIONALITET<\/h4>\n<p><strong>TYG<\/strong><br \/>\n55% bomull, 30% polyester, 15% polyamid, denimbelagd CORDURA\u00ae Denimstretch, 340 g\/m\u00b2<\/p>\n<p><strong>TV\u00c4TT<\/strong><br \/>\nPlaggtv\u00e4ttad<\/p>\n<p><strong>FUNKTIONALITET<\/strong><br \/>\nStretchpaneler, Stretchpanel i grenen och p\u00e5 vaden, L\u00e5g gren, Designad att h\u00e4nga p\u00e5 h\u00f6ften<\/p>\n<p><strong>F\u00d6RST\u00c4RKNING<\/strong><br \/>\nCORDURA\u00ae 1000-f\u00f6rst\u00e4rkta spikfickor, bakfickor, tumstocksficka, benfickor och kn\u00e4n<\/p>\n<p><strong>DETALJER<\/strong><br \/>\nGylf med knappar<br \/>\nBreda h\u00e4llor bak och i sidorna, Tv\u00e5 h\u00e4llor med kardborre i sidorna f\u00f6r hammarh\u00e5llare<br \/>\nMetallknappar<br \/>\nKnivh\u00e5llare med knapp<br \/>\nD-ring i linningen<\/p>\n<p><strong>FICKOR<\/strong><br \/>\nBakficka med b\u00e4lg<br \/>\nBenficka med blixtl\u00e5s<br \/>\nFramfickor med blixtl\u00e5s<br \/>\nKn\u00e4skyddsfickor med m\u00f6jlighet till tv\u00e5 placeringsniv\u00e5er, Kn\u00e4skyddsfickor anpassade f\u00f6r art. 4027<br \/>\nSpikfickor &#8211; extra breda, f\u00f6rsedda med verktygshankar och extra verktygsfack, Dragkedja f\u00f6r fasta eller l\u00f6sa spikfickor<br \/>\nF\u00f6rst\u00e4rkt tumstocksficka med knivh\u00e5llare och pennficka<\/p>\n","protected":false},"excerpt":{"rendered":"<p>Var f\u00f6rst med det senaste! Slitstark hantverksbyxa med l\u00e5g gren och avsmalnande ben. Modellen \u00e4r regular fit och ben\u00e4mns inom jeansbranschen som low crotch eller drop crotch med tapered leg, s\u00e5 kallade avsmalnande ben. Byxan \u00e4r tillverkad i Cordura\u00aeDenim med stretchfunktion och designad f\u00f6r att h\u00e4nga bekv\u00e4mt p\u00e5 h\u00f6ften.<\/p>\n","protected":false},"featured_media":378,"template":"","meta":[],"product_brand":[],"product_cat":[58],"product_tag":[],"class_list":{"0":"post-427","1":"product","2":"type-product","3":"status-publish","4":"has-post-thumbnail","6":"product_cat-byxor","7":"product_cat-on-demand","9":"first","10":"instock","11":"taxable","12":"shipping-taxable","13":"purchasable","14":"product-type-variable"},"_links":{"self":[{"href":"https:\/\/dice.masterdesign.se\/ondemandxs\/wp-json\/wp\/v2\/product\/427","targetHints":{"allow":["GET"]}}],"collection":[{"href":"https:\/\/dice.masterdesign.se\/ondemandxs\/wp-json\/wp\/v2\/product"}],"about":[{"href":"https:\/\/dice.masterdesign.se\/ondemandxs\/wp-json\/wp\/v2\/types\/product"}],"wp:featuredmedia":[{"embeddable":true,"href":"https:\/\/dice.masterdesign.se\/ondemandxs\/wp-json\/wp\/v2\/media\/378"}],"wp:attachment":[{"href":"https:\/\/dice.masterdesign.se\/ondemandxs\/wp-json\/wp\/v2\/media?parent=427"}],"wp:term":[{"taxonomy":"product_brand","embeddable":true,"href":"https:\/\/dice.masterdesign.se\/ondemandxs\/wp-json\/wp\/v2\/product_brand?post=427"},{"taxonomy":"product_cat","embeddable":true,"href":"https:\/\/dice.masterdesign.se\/ondemandxs\/wp-json\/wp\/v2\/product_cat?post=427"},{"taxonomy":"product_tag","embeddable":true,"href":"https:\/\/dice.masterdesign.se\/ondemandxs\/wp-json\/wp\/v2\/product_tag?post=427"}],"curies":[{"name":"wp","href":"https:\/\/api.w.org\/{rel}","templated":true}]}}