{"id":435,"date":"2018-03-07T00:57:01","date_gmt":"2018-03-06T23:57:01","guid":{"rendered":"https:\/\/dice.masterdesign.se\/ondemandxs\/?post_type=product&#038;p=435"},"modified":"2018-03-07T01:38:37","modified_gmt":"2018-03-07T00:38:37","slug":"softshellbyxa-dam","status":"publish","type":"product","link":"https:\/\/dice.masterdesign.se\/ondemandxs\/produkt\/softshellbyxa-dam\/","title":{"rendered":"Softshellbyxa (Dam)"},"content":{"rendered":"<h4>FUNKTIONALITET<\/h4>\n<p><strong>TYG<\/strong><br \/>\n100% polyester, 3-lagerstyg av softshell-laminering, vattent\u00e4t 10 000 mm, vindt\u00e4t, andasfunktion 4000 g\/m\u00b2\/24H, 300g\/m\u00b2<\/p>\n<p><strong>FUNKTIONALITET<\/strong><br \/>\nVind- &amp; vattenavvisande material, ej tejpade s\u00f6mmar<\/p>\n<p><strong>F\u00d6RST\u00c4RKNING<\/strong><br \/>\nCORDURA\u00ae-f\u00f6rst\u00e4rkt tumstocksficka och kn\u00e4ficka<\/p>\n<p><strong>DETALJER<\/strong><br \/>\nGylf med plastblixtl\u00e5s<br \/>\nH\u00e4llor, varav en med D-ring<br \/>\nRes\u00e5r i midja<br \/>\nInnerbenss\u00f6m med 3-n\u00e5lsstickning<br \/>\nAvtagbar ID-kortsficka<\/p>\n<p><strong>FICKOR<\/strong><br \/>\nBakfickor med b\u00e4lg f\u00f6rst\u00e4rkta och en med lock<br \/>\nBenficka med lock, pennficka och inv\u00e4ndig telefonficka i mesh<br \/>\nSnedst\u00e4llda framfickor<br \/>\nKn\u00e4skyddsfickor anpassade f\u00f6r art. 4027<br \/>\nSpikfickor fram<br \/>\nTumstocksficka med knivh\u00e5llare och pennficka<\/p>\n<p><strong>AVSLUT<\/strong><br \/>\nJusterbara benavslut med dragsko<\/p>\n<p><strong>PASSAR TILL<\/strong><br \/>\nKn\u00e4skyddsfickor anpassade till kn\u00e4skydd 4027<\/p>\n","protected":false},"excerpt":{"rendered":"<p>Svart softshellbyxa i dampassform med stretch i ett vind- och vattent\u00e4tt material som andas. F\u00f6r optimal passform har byxan res\u00e5rfunktion i midjan samt dragsko i benavslut. Byxans multifunktionella fickl\u00f6sningar och extremt f\u00f6ljsamma material g\u00f6r dem till det sj\u00e4lvklara valet vid arbete i tuffa v\u00e4derf\u00f6rh\u00e5llanden.<\/p>\n","protected":false},"featured_media":380,"template":"","meta":[],"product_brand":[],"product_cat":[58],"product_tag":[],"class_list":{"0":"post-435","1":"product","2":"type-product","3":"status-publish","4":"has-post-thumbnail","6":"product_cat-byxor","7":"product_cat-on-demand","9":"first","10":"instock","11":"taxable","12":"shipping-taxable","13":"purchasable","14":"product-type-variable"},"_links":{"self":[{"href":"https:\/\/dice.masterdesign.se\/ondemandxs\/wp-json\/wp\/v2\/product\/435","targetHints":{"allow":["GET"]}}],"collection":[{"href":"https:\/\/dice.masterdesign.se\/ondemandxs\/wp-json\/wp\/v2\/product"}],"about":[{"href":"https:\/\/dice.masterdesign.se\/ondemandxs\/wp-json\/wp\/v2\/types\/product"}],"wp:featuredmedia":[{"embeddable":true,"href":"https:\/\/dice.masterdesign.se\/ondemandxs\/wp-json\/wp\/v2\/media\/380"}],"wp:attachment":[{"href":"https:\/\/dice.masterdesign.se\/ondemandxs\/wp-json\/wp\/v2\/media?parent=435"}],"wp:term":[{"taxonomy":"product_brand","embeddable":true,"href":"https:\/\/dice.masterdesign.se\/ondemandxs\/wp-json\/wp\/v2\/product_brand?post=435"},{"taxonomy":"product_cat","embeddable":true,"href":"https:\/\/dice.masterdesign.se\/ondemandxs\/wp-json\/wp\/v2\/product_cat?post=435"},{"taxonomy":"product_tag","embeddable":true,"href":"https:\/\/dice.masterdesign.se\/ondemandxs\/wp-json\/wp\/v2\/product_tag?post=435"}],"curies":[{"name":"wp","href":"https:\/\/api.w.org\/{rel}","templated":true}]}}