{"id":443,"date":"2018-03-07T01:04:19","date_gmt":"2018-03-07T00:04:19","guid":{"rendered":"https:\/\/dice.masterdesign.se\/ondemandxs\/?post_type=product&#038;p=443"},"modified":"2018-03-07T01:39:04","modified_gmt":"2018-03-07T00:39:04","slug":"skyddskanga","status":"publish","type":"product","link":"https:\/\/dice.masterdesign.se\/ondemandxs\/produkt\/skyddskanga\/","title":{"rendered":"Skyddsk\u00e4nga"},"content":{"rendered":"<h4>FUNKTIONALITET<\/h4>\n<p><strong>FODER<\/strong><br \/>\nIcke-v\u00e4vt microfiber<\/p>\n<p><strong>PASSFORM<\/strong><br \/>\nBred l\u00e4st<\/p>\n<p><strong>SKYDD<\/strong><br \/>\nSpiktrampskydd i textil komposit<br \/>\nGummif\u00f6rst\u00e4rkt t\u00e5del med g\u00f6mda s\u00f6mmar<br \/>\nT\u00e5h\u00e4tta i aluminium<\/p>\n<p><strong>FUNKTIONALITET<\/strong><br \/>\nSt\u00f6td\u00e4mpande<\/p>\n<p><strong>SULOR<\/strong><br \/>\nInnersula i PE<br \/>\nMellansula i phylon och kompositskena<\/p>\n<p><strong>OVANDEL<\/strong><br \/>\nHelnarvsl\u00e4der<\/p>\n<p><strong>SKYDDSKLASS<\/strong><br \/>\nS3 SRC<\/p>\n<p><strong>FUNKTIONALITET<\/strong><br \/>\nVatten- och oljeavvisande, Antistatisk, L\u00e5g vikt, Flexibel, Optimalt grepp och halkstopp, H\u00f6gpresterande fukttransport, Stabilt h\u00e4lst\u00f6d, Ventilerande ovandel<\/p>\n","protected":false},"excerpt":{"rendered":"<p>L\u00e4tt och flexibel skyddsk\u00e4nga med bred l\u00e4st. Skyddsk\u00e4ngan \u00e4r f\u00f6rsedd med flera smarta egenskaper som ger optimalt skydd i ditt arbete. Den har bland annat t\u00e5skydd, spiktrampskydd, yttersula med halkskydd och skyddande h\u00e4l, ankelskydd samt gummif\u00f6rst\u00e4rkning \u00f6ver t\u00e5del. K\u00e4ngan \u00e4r halvh\u00f6g och vattent\u00e4t. Skyddsklass S3 SRC.<\/p>\n","protected":false},"featured_media":382,"template":"","meta":[],"product_brand":[],"product_cat":[59],"product_tag":[],"class_list":{"0":"post-443","1":"product","2":"type-product","3":"status-publish","4":"has-post-thumbnail","6":"product_cat-skor","7":"product_cat-on-demand","9":"first","10":"instock","11":"taxable","12":"shipping-taxable","13":"purchasable","14":"product-type-variable"},"_links":{"self":[{"href":"https:\/\/dice.masterdesign.se\/ondemandxs\/wp-json\/wp\/v2\/product\/443","targetHints":{"allow":["GET"]}}],"collection":[{"href":"https:\/\/dice.masterdesign.se\/ondemandxs\/wp-json\/wp\/v2\/product"}],"about":[{"href":"https:\/\/dice.masterdesign.se\/ondemandxs\/wp-json\/wp\/v2\/types\/product"}],"wp:featuredmedia":[{"embeddable":true,"href":"https:\/\/dice.masterdesign.se\/ondemandxs\/wp-json\/wp\/v2\/media\/382"}],"wp:attachment":[{"href":"https:\/\/dice.masterdesign.se\/ondemandxs\/wp-json\/wp\/v2\/media?parent=443"}],"wp:term":[{"taxonomy":"product_brand","embeddable":true,"href":"https:\/\/dice.masterdesign.se\/ondemandxs\/wp-json\/wp\/v2\/product_brand?post=443"},{"taxonomy":"product_cat","embeddable":true,"href":"https:\/\/dice.masterdesign.se\/ondemandxs\/wp-json\/wp\/v2\/product_cat?post=443"},{"taxonomy":"product_tag","embeddable":true,"href":"https:\/\/dice.masterdesign.se\/ondemandxs\/wp-json\/wp\/v2\/product_tag?post=443"}],"curies":[{"name":"wp","href":"https:\/\/api.w.org\/{rel}","templated":true}]}}