{"id":454,"date":"2018-03-07T01:04:26","date_gmt":"2018-03-07T00:04:26","guid":{"rendered":"https:\/\/dice.masterdesign.se\/ondemandxs\/?post_type=product&#038;p=454"},"modified":"2018-03-07T01:39:34","modified_gmt":"2018-03-07T00:39:34","slug":"skyddssko","status":"publish","type":"product","link":"https:\/\/dice.masterdesign.se\/ondemandxs\/produkt\/skyddssko\/","title":{"rendered":"Skyddssko"},"content":{"rendered":"<h4>UNKTIONALITET<\/h4>\n<p><strong>FODER<\/strong><br \/>\nMeshfoder<\/p>\n<p><strong>OVANDEL<\/strong><br \/>\nOvandel i ventilerande syntetiskt l\u00e4der<\/p>\n<p><strong>PASSFORM<\/strong><br \/>\nMedium l\u00e4st<\/p>\n<p><strong>SKYDD<\/strong><br \/>\nF\u00f6rst\u00e4rkt h\u00e4lkappa<br \/>\nSpiktrampskydd i textil komposit<br \/>\nGummif\u00f6rst\u00e4rkt t\u00e5del<br \/>\nT\u00e5h\u00e4tta i aluminium<\/p>\n<p><strong>FUNKTIONALITET<\/strong><br \/>\nSt\u00f6td\u00e4mpande<\/p>\n<p><strong>SULOR<\/strong><br \/>\nInnersula i PE och EVA<br \/>\nMellansula i EVA<br \/>\nYttersula i nitrilgummi<\/p>\n<p><strong>SKYDDSKLASS<\/strong><br \/>\nS1P SRC<\/p>\n<p><strong>FUNKTIONALITET<\/strong><br \/>\nVatten- och oljeavvisande, Antistatisk<\/p>\n","protected":false},"excerpt":{"rendered":"<p>Skapa attityd p\u00e5 jobbet med Bl\u00e5kl\u00e4ders nya sneaker. En skyddssko med h\u00f6gt skaft, inspirerad av surf- och skatekulturen. Sneakern har t\u00e5h\u00e4tta i aluminium och syntetiskt spiktrampskydd. Ovandel i syntetiskt l\u00e4der som andas och sl\u00e4pper ut fukt. Yttersula i nitril ger dig grepp p\u00e5 hala golv och den gummif\u00f6rst\u00e4rkta t\u00e5delen g\u00f6r sneakern extra slitstark. Skyddsklass S1P SRC.<\/p>\n","protected":false},"featured_media":384,"template":"","meta":[],"product_brand":[],"product_cat":[59],"product_tag":[],"class_list":{"0":"post-454","1":"product","2":"type-product","3":"status-publish","4":"has-post-thumbnail","6":"product_cat-skor","7":"product_cat-on-demand","9":"first","10":"instock","11":"taxable","12":"shipping-taxable","13":"purchasable","14":"product-type-variable"},"_links":{"self":[{"href":"https:\/\/dice.masterdesign.se\/ondemandxs\/wp-json\/wp\/v2\/product\/454","targetHints":{"allow":["GET"]}}],"collection":[{"href":"https:\/\/dice.masterdesign.se\/ondemandxs\/wp-json\/wp\/v2\/product"}],"about":[{"href":"https:\/\/dice.masterdesign.se\/ondemandxs\/wp-json\/wp\/v2\/types\/product"}],"wp:featuredmedia":[{"embeddable":true,"href":"https:\/\/dice.masterdesign.se\/ondemandxs\/wp-json\/wp\/v2\/media\/384"}],"wp:attachment":[{"href":"https:\/\/dice.masterdesign.se\/ondemandxs\/wp-json\/wp\/v2\/media?parent=454"}],"wp:term":[{"taxonomy":"product_brand","embeddable":true,"href":"https:\/\/dice.masterdesign.se\/ondemandxs\/wp-json\/wp\/v2\/product_brand?post=454"},{"taxonomy":"product_cat","embeddable":true,"href":"https:\/\/dice.masterdesign.se\/ondemandxs\/wp-json\/wp\/v2\/product_cat?post=454"},{"taxonomy":"product_tag","embeddable":true,"href":"https:\/\/dice.masterdesign.se\/ondemandxs\/wp-json\/wp\/v2\/product_tag?post=454"}],"curies":[{"name":"wp","href":"https:\/\/api.w.org\/{rel}","templated":true}]}}