{"id":465,"date":"2018-03-07T01:07:22","date_gmt":"2018-03-07T00:07:22","guid":{"rendered":"https:\/\/dice.masterdesign.se\/ondemandxs\/?post_type=product&#038;p=465"},"modified":"2018-03-07T01:40:05","modified_gmt":"2018-03-07T00:40:05","slug":"vinterkanga","status":"publish","type":"product","link":"https:\/\/dice.masterdesign.se\/ondemandxs\/produkt\/vinterkanga\/","title":{"rendered":"Vinterk\u00e4nga"},"content":{"rendered":"<h4>FUNKTIONALITET<\/h4>\n<p><strong>FODER<\/strong><br \/>\nMeshfoder, 600G Ultra Thinsulate-foder<\/p>\n<p><strong>OVANDEL<\/strong><br \/>\nOvandel i l\u00e4der och gummi<\/p>\n<p><strong>PASSFORM<\/strong><br \/>\nBred l\u00e4st<\/p>\n<p><strong>OVANDEL<\/strong><br \/>\nTejpade s\u00f6mmar<\/p>\n<p><strong>SKYDD<\/strong><br \/>\nGummif\u00f6rst\u00e4kt h\u00e4lkappa<br \/>\nSpiktrampskydd i textil komposit<br \/>\nGummif\u00f6rst\u00e4rkt t\u00e5del med g\u00f6mda s\u00f6mmar<br \/>\nT\u00e5h\u00e4tta i komposit<\/p>\n<p><strong>FUNKTIONALITET<\/strong><br \/>\nSt\u00f6td\u00e4mpande<\/p>\n<p><strong>SULOR<\/strong><br \/>\nInnersula i PE och EVA<br \/>\nMellansula i EVA<br \/>\nYttersula i nitrilgummi<\/p>\n<p><strong>SKYDDSKLASS<\/strong><br \/>\nSBH P A E SRA<\/p>\n<p><strong>FUNKTIONALITET<\/strong><br \/>\nVatten- och oljeavvisande, Antistatisk<\/p>\n","protected":false},"excerpt":{"rendered":"<p>En vinterk\u00e4nga i v\u00e4rldsklass! Stora ord, men med dessa k\u00e4ngor p\u00e5 f\u00f6tterna infrias alla f\u00f6rv\u00e4ntningar, oavsett v\u00e4drets makter eller underlag. Yttersulan i nitrilgummi har ett unikt m\u00f6nster som ger ett optimalt grepp.<\/p>\n","protected":false},"featured_media":386,"template":"","meta":[],"product_brand":[],"product_cat":[59],"product_tag":[],"class_list":{"0":"post-465","1":"product","2":"type-product","3":"status-publish","4":"has-post-thumbnail","6":"product_cat-skor","7":"product_cat-on-demand","9":"first","10":"instock","11":"taxable","12":"shipping-taxable","13":"purchasable","14":"product-type-variable"},"_links":{"self":[{"href":"https:\/\/dice.masterdesign.se\/ondemandxs\/wp-json\/wp\/v2\/product\/465","targetHints":{"allow":["GET"]}}],"collection":[{"href":"https:\/\/dice.masterdesign.se\/ondemandxs\/wp-json\/wp\/v2\/product"}],"about":[{"href":"https:\/\/dice.masterdesign.se\/ondemandxs\/wp-json\/wp\/v2\/types\/product"}],"wp:featuredmedia":[{"embeddable":true,"href":"https:\/\/dice.masterdesign.se\/ondemandxs\/wp-json\/wp\/v2\/media\/386"}],"wp:attachment":[{"href":"https:\/\/dice.masterdesign.se\/ondemandxs\/wp-json\/wp\/v2\/media?parent=465"}],"wp:term":[{"taxonomy":"product_brand","embeddable":true,"href":"https:\/\/dice.masterdesign.se\/ondemandxs\/wp-json\/wp\/v2\/product_brand?post=465"},{"taxonomy":"product_cat","embeddable":true,"href":"https:\/\/dice.masterdesign.se\/ondemandxs\/wp-json\/wp\/v2\/product_cat?post=465"},{"taxonomy":"product_tag","embeddable":true,"href":"https:\/\/dice.masterdesign.se\/ondemandxs\/wp-json\/wp\/v2\/product_tag?post=465"}],"curies":[{"name":"wp","href":"https:\/\/api.w.org\/{rel}","templated":true}]}}