{"id":476,"date":"2018-03-07T01:10:37","date_gmt":"2018-03-07T00:10:37","guid":{"rendered":"https:\/\/dice.masterdesign.se\/ondemandxs\/?post_type=product&#038;p=476"},"modified":"2018-03-07T01:40:30","modified_gmt":"2018-03-07T00:40:30","slug":"vinterkanga-2","status":"publish","type":"product","link":"https:\/\/dice.masterdesign.se\/ondemandxs\/produkt\/vinterkanga-2\/","title":{"rendered":"Vinterk\u00e4nga"},"content":{"rendered":"<h4>FUNKTIONALITET<\/h4>\n<p><strong>FODER<\/strong><br \/>\nMeshfoder, Thinsulate, Membran<\/p>\n<p><strong>PASSFORM<\/strong><br \/>\nBred l\u00e4st<\/p>\n<p><strong>SKYDD<\/strong><br \/>\nSpiktrampskydd i textil komposit<br \/>\nGummif\u00f6rst\u00e4rkt t\u00e5del med g\u00f6mda s\u00f6mmar<br \/>\nT\u00e5h\u00e4tta i aluminium<\/p>\n<p><strong>FUNKTIONALITET<\/strong><br \/>\nSt\u00f6td\u00e4mpande<\/p>\n<p><strong>SULOR<\/strong><br \/>\nInnersula i PE<br \/>\nMellansula i PU<br \/>\nYttersula i PU<\/p>\n<p><strong>OVANDEL<\/strong><br \/>\nHelnarvsl\u00e4der<\/p>\n<p><strong>SKYDDSKLASS<\/strong><br \/>\nS3 SRC<\/p>\n<p><strong>FUNKTIONALITET<\/strong><br \/>\nVatten- och oljeavvisande, Antistatisk, L\u00e5g vikt, Stabilt h\u00e4lst\u00f6d<\/p>\n","protected":false},"excerpt":{"rendered":"<p>Skyddsk\u00e4nga som skyddar dig mot v\u00e4ta och kyla samtidigt som den sl\u00e4pper ut fukten. Yttersula i l\u00e4ttviktsmaterial med bra vintergrepp. Praktisk och sk\u00f6n k\u00e4nga med blixtl\u00e5s p\u00e5 insidan, bred l\u00e4st och f\u00f6rb\u00e4ttrad d\u00e4mpning. Skyddsklass S3 SRC.<\/p>\n","protected":false},"featured_media":388,"template":"","meta":[],"product_brand":[],"product_cat":[59],"product_tag":[],"class_list":{"0":"post-476","1":"product","2":"type-product","3":"status-publish","4":"has-post-thumbnail","6":"product_cat-skor","7":"product_cat-on-demand","9":"first","10":"instock","11":"taxable","12":"shipping-taxable","13":"purchasable","14":"product-type-variable"},"_links":{"self":[{"href":"https:\/\/dice.masterdesign.se\/ondemandxs\/wp-json\/wp\/v2\/product\/476","targetHints":{"allow":["GET"]}}],"collection":[{"href":"https:\/\/dice.masterdesign.se\/ondemandxs\/wp-json\/wp\/v2\/product"}],"about":[{"href":"https:\/\/dice.masterdesign.se\/ondemandxs\/wp-json\/wp\/v2\/types\/product"}],"wp:featuredmedia":[{"embeddable":true,"href":"https:\/\/dice.masterdesign.se\/ondemandxs\/wp-json\/wp\/v2\/media\/388"}],"wp:attachment":[{"href":"https:\/\/dice.masterdesign.se\/ondemandxs\/wp-json\/wp\/v2\/media?parent=476"}],"wp:term":[{"taxonomy":"product_brand","embeddable":true,"href":"https:\/\/dice.masterdesign.se\/ondemandxs\/wp-json\/wp\/v2\/product_brand?post=476"},{"taxonomy":"product_cat","embeddable":true,"href":"https:\/\/dice.masterdesign.se\/ondemandxs\/wp-json\/wp\/v2\/product_cat?post=476"},{"taxonomy":"product_tag","embeddable":true,"href":"https:\/\/dice.masterdesign.se\/ondemandxs\/wp-json\/wp\/v2\/product_tag?post=476"}],"curies":[{"name":"wp","href":"https:\/\/api.w.org\/{rel}","templated":true}]}}