{"id":487,"date":"2018-03-07T01:20:55","date_gmt":"2018-03-07T00:20:55","guid":{"rendered":"https:\/\/dice.masterdesign.se\/ondemandxs\/?post_type=product&#038;p=487"},"modified":"2018-03-07T01:40:49","modified_gmt":"2018-03-07T00:40:49","slug":"balte","status":"publish","type":"product","link":"https:\/\/dice.masterdesign.se\/ondemandxs\/produkt\/balte\/","title":{"rendered":"B\u00e4lte"},"content":{"rendered":"<h4>FUNKTIONALITET<\/h4>\n<p><strong>TYG<\/strong><\/p>\n<p><strong>DETALJER<br \/>\n<\/strong>Justerbar l\u00e4ngd, Metallsp\u00e4nne med Bl\u00e5kl\u00e4derlogga, Textilb\u00e4lte<\/p>\n<p><strong>M\u00c5TT<\/strong><br \/>\nL\u00e4ngd 130 cm, Bredd 40 mm<\/p>\n","protected":false},"excerpt":{"rendered":"<p>Justerbart\u00a0b\u00e4lte med metallsp\u00e4nne. Finns i flera olika f\u00e4rger f\u00f6r m\u00f6jlighet att profilera dina arbetskl\u00e4der och ditt f\u00f6retag unikt.<\/p>\n","protected":false},"featured_media":488,"template":"","meta":[],"product_brand":[],"product_cat":[60],"product_tag":[],"class_list":{"0":"post-487","1":"product","2":"type-product","3":"status-publish","4":"has-post-thumbnail","6":"product_cat-ovrigt","7":"product_cat-on-demand","9":"first","10":"instock","11":"taxable","12":"shipping-taxable","13":"purchasable","14":"product-type-simple"},"_links":{"self":[{"href":"https:\/\/dice.masterdesign.se\/ondemandxs\/wp-json\/wp\/v2\/product\/487","targetHints":{"allow":["GET"]}}],"collection":[{"href":"https:\/\/dice.masterdesign.se\/ondemandxs\/wp-json\/wp\/v2\/product"}],"about":[{"href":"https:\/\/dice.masterdesign.se\/ondemandxs\/wp-json\/wp\/v2\/types\/product"}],"wp:featuredmedia":[{"embeddable":true,"href":"https:\/\/dice.masterdesign.se\/ondemandxs\/wp-json\/wp\/v2\/media\/488"}],"wp:attachment":[{"href":"https:\/\/dice.masterdesign.se\/ondemandxs\/wp-json\/wp\/v2\/media?parent=487"}],"wp:term":[{"taxonomy":"product_brand","embeddable":true,"href":"https:\/\/dice.masterdesign.se\/ondemandxs\/wp-json\/wp\/v2\/product_brand?post=487"},{"taxonomy":"product_cat","embeddable":true,"href":"https:\/\/dice.masterdesign.se\/ondemandxs\/wp-json\/wp\/v2\/product_cat?post=487"},{"taxonomy":"product_tag","embeddable":true,"href":"https:\/\/dice.masterdesign.se\/ondemandxs\/wp-json\/wp\/v2\/product_tag?post=487"}],"curies":[{"name":"wp","href":"https:\/\/api.w.org\/{rel}","templated":true}]}}