{"id":492,"date":"2018-03-07T01:22:26","date_gmt":"2018-03-07T00:22:26","guid":{"rendered":"https:\/\/dice.masterdesign.se\/ondemandxs\/?post_type=product&#038;p=492"},"modified":"2018-03-07T01:41:07","modified_gmt":"2018-03-07T00:41:07","slug":"arbetshandskar-12-pack","status":"publish","type":"product","link":"https:\/\/dice.masterdesign.se\/ondemandxs\/produkt\/arbetshandskar-12-pack\/","title":{"rendered":"Arbetshandskar (12-pack)"},"content":{"rendered":"<h4>FUNKTIONALITET<\/h4>\n<p><strong>TYG<\/strong><br \/>\n100% Polyester, fukttransporterande<\/p>\n<p><strong>DETALJER<\/strong><br \/>\nRibbstickad mudd<br \/>\nS\u00f6ml\u00f6sa<\/p>\n<p><strong>HANDFLATA<\/strong><br \/>\nHandflata belagd med Nitril<\/p>\n<p><strong>F\u00d6RPACKNING<\/strong><br \/>\nLevereras i 12-pack<\/p>\n","protected":false},"excerpt":{"rendered":"<p>Ta grepp om r\u00e4tt handske f\u00f6r ditt arbete. Materialet \u00e4r i 100% polyester och handflatan \u00e4r\u00a0belagd med Nitril. En smidig handske att jobba i.<\/p>\n","protected":false},"featured_media":489,"template":"","meta":[],"product_brand":[],"product_cat":[60],"product_tag":[],"class_list":{"0":"post-492","1":"product","2":"type-product","3":"status-publish","4":"has-post-thumbnail","6":"product_cat-ovrigt","7":"product_cat-on-demand","9":"first","10":"instock","11":"taxable","12":"shipping-taxable","13":"purchasable","14":"product-type-variable"},"_links":{"self":[{"href":"https:\/\/dice.masterdesign.se\/ondemandxs\/wp-json\/wp\/v2\/product\/492","targetHints":{"allow":["GET"]}}],"collection":[{"href":"https:\/\/dice.masterdesign.se\/ondemandxs\/wp-json\/wp\/v2\/product"}],"about":[{"href":"https:\/\/dice.masterdesign.se\/ondemandxs\/wp-json\/wp\/v2\/types\/product"}],"wp:featuredmedia":[{"embeddable":true,"href":"https:\/\/dice.masterdesign.se\/ondemandxs\/wp-json\/wp\/v2\/media\/489"}],"wp:attachment":[{"href":"https:\/\/dice.masterdesign.se\/ondemandxs\/wp-json\/wp\/v2\/media?parent=492"}],"wp:term":[{"taxonomy":"product_brand","embeddable":true,"href":"https:\/\/dice.masterdesign.se\/ondemandxs\/wp-json\/wp\/v2\/product_brand?post=492"},{"taxonomy":"product_cat","embeddable":true,"href":"https:\/\/dice.masterdesign.se\/ondemandxs\/wp-json\/wp\/v2\/product_cat?post=492"},{"taxonomy":"product_tag","embeddable":true,"href":"https:\/\/dice.masterdesign.se\/ondemandxs\/wp-json\/wp\/v2\/product_tag?post=492"}],"curies":[{"name":"wp","href":"https:\/\/api.w.org\/{rel}","templated":true}]}}