{"id":1116,"date":"2021-10-05T15:25:32","date_gmt":"2021-10-05T13:25:32","guid":{"rendered":"https:\/\/dice.masterdesign.se\/oppnamoderater\/?post_type=product&#038;p=1116"},"modified":"2026-04-24T16:18:51","modified_gmt":"2026-04-24T14:18:51","slug":"rollup-85x200-cm","status":"publish","type":"product","link":"https:\/\/dice.masterdesign.se\/oppnamoderater\/produkt\/rollup-85x200-cm\/","title":{"rendered":"Rollup, 85&#215;200 cm"},"content":{"rendered":"","protected":false},"excerpt":{"rendered":"<p>En enkel Roll Up sammansatt av kvalitetss\u00e4krade delar. T\u00e5l normal hantering utan att g\u00e5 s\u00f6nder. L\u00e4mplig f\u00f6r kampanjer.<br \/>\nM\u00e5tt: 85&#215;200 cm<\/p>\n","protected":false},"featured_media":1119,"template":"","meta":[],"product_brand":[],"product_cat":[32],"product_tag":[],"class_list":{"0":"post-1116","1":"product","2":"type-product","3":"status-publish","4":"has-post-thumbnail","6":"product_cat-giveaways","8":"first","9":"outofstock","10":"taxable","11":"shipping-taxable","12":"purchasable","13":"product-type-simple"},"_links":{"self":[{"href":"https:\/\/dice.masterdesign.se\/oppnamoderater\/wp-json\/wp\/v2\/product\/1116","targetHints":{"allow":["GET"]}}],"collection":[{"href":"https:\/\/dice.masterdesign.se\/oppnamoderater\/wp-json\/wp\/v2\/product"}],"about":[{"href":"https:\/\/dice.masterdesign.se\/oppnamoderater\/wp-json\/wp\/v2\/types\/product"}],"wp:featuredmedia":[{"embeddable":true,"href":"https:\/\/dice.masterdesign.se\/oppnamoderater\/wp-json\/wp\/v2\/media\/1119"}],"wp:attachment":[{"href":"https:\/\/dice.masterdesign.se\/oppnamoderater\/wp-json\/wp\/v2\/media?parent=1116"}],"wp:term":[{"taxonomy":"product_brand","embeddable":true,"href":"https:\/\/dice.masterdesign.se\/oppnamoderater\/wp-json\/wp\/v2\/product_brand?post=1116"},{"taxonomy":"product_cat","embeddable":true,"href":"https:\/\/dice.masterdesign.se\/oppnamoderater\/wp-json\/wp\/v2\/product_cat?post=1116"},{"taxonomy":"product_tag","embeddable":true,"href":"https:\/\/dice.masterdesign.se\/oppnamoderater\/wp-json\/wp\/v2\/product_tag?post=1116"}],"curies":[{"name":"wp","href":"https:\/\/api.w.org\/{rel}","templated":true}]}}