{"id":4166,"date":"2026-02-11T11:16:44","date_gmt":"2026-02-11T10:16:44","guid":{"rendered":"https:\/\/dice.masterdesign.se\/oppnamoderater\/?post_type=product&#038;p=4166"},"modified":"2026-04-24T16:18:44","modified_gmt":"2026-04-24T14:18:44","slug":"stentvattad-dad-cap","status":"publish","type":"product","link":"https:\/\/dice.masterdesign.se\/oppnamoderater\/produkt\/stentvattad-dad-cap\/","title":{"rendered":"Stentv\u00e4ttad dad cap"},"content":{"rendered":"","protected":false},"excerpt":{"rendered":"<p>Trendig keps i stentv\u00e4ttad bomull med h\u00e4rlig vintage k\u00e4nsla som \u00e4r perfekt f\u00f6r alla fritidsaktiviteter. Det stentv\u00e4ttade tyget och ostrukturerade fronten ger kepsen ett avslappnat utseende och g\u00f6r den enkel att packa ner och ta med.<\/p>\n","protected":false},"featured_media":4219,"template":"","meta":[],"product_brand":[],"product_cat":[37],"product_tag":[],"class_list":{"0":"post-4166","1":"product","2":"type-product","3":"status-publish","4":"has-post-thumbnail","6":"product_cat-profilklader","8":"first","9":"instock","10":"taxable","11":"shipping-taxable","12":"purchasable","13":"product-type-simple"},"_links":{"self":[{"href":"https:\/\/dice.masterdesign.se\/oppnamoderater\/wp-json\/wp\/v2\/product\/4166","targetHints":{"allow":["GET"]}}],"collection":[{"href":"https:\/\/dice.masterdesign.se\/oppnamoderater\/wp-json\/wp\/v2\/product"}],"about":[{"href":"https:\/\/dice.masterdesign.se\/oppnamoderater\/wp-json\/wp\/v2\/types\/product"}],"wp:featuredmedia":[{"embeddable":true,"href":"https:\/\/dice.masterdesign.se\/oppnamoderater\/wp-json\/wp\/v2\/media\/4219"}],"wp:attachment":[{"href":"https:\/\/dice.masterdesign.se\/oppnamoderater\/wp-json\/wp\/v2\/media?parent=4166"}],"wp:term":[{"taxonomy":"product_brand","embeddable":true,"href":"https:\/\/dice.masterdesign.se\/oppnamoderater\/wp-json\/wp\/v2\/product_brand?post=4166"},{"taxonomy":"product_cat","embeddable":true,"href":"https:\/\/dice.masterdesign.se\/oppnamoderater\/wp-json\/wp\/v2\/product_cat?post=4166"},{"taxonomy":"product_tag","embeddable":true,"href":"https:\/\/dice.masterdesign.se\/oppnamoderater\/wp-json\/wp\/v2\/product_tag?post=4166"}],"curies":[{"name":"wp","href":"https:\/\/api.w.org\/{rel}","templated":true}]}}