{"id":4171,"date":"2026-02-11T12:02:15","date_gmt":"2026-02-11T11:02:15","guid":{"rendered":"https:\/\/dice.masterdesign.se\/oppnamoderater\/?post_type=product&#038;p=4171"},"modified":"2026-04-24T16:18:43","modified_gmt":"2026-04-24T14:18:43","slug":"tygkasse","status":"publish","type":"product","link":"https:\/\/dice.masterdesign.se\/oppnamoderater\/produkt\/tygkasse\/","title":{"rendered":"Tygkasse"},"content":{"rendered":"","protected":false},"excerpt":{"rendered":"<p>Madras bomullkasse \u00e4r den perfekta kassen att ge bort under ett evenemang, en konferens eller att anv\u00e4nda som en shoppingv\u00e4ska f\u00f6r sm\u00e5 ink\u00f6p. Bomullen p\u00e5 140 g\/m\u00b2 g\u00f6r v\u00e4skan robust, t\u00e5lig och l\u00e4mplig f\u00f6r att b\u00e4ra tunga f\u00f6rem\u00e5l i huvudfacket. Med de 30 cm l\u00e5nga axelhandtagen \u00e4r den h\u00e4r tygkassen l\u00e4tt att b\u00e4ra. Tillverkad i Indien och OEKO-Tex-certifierad. B\u00e4rkraft upp till 5 kg vikt. Bomull, 140 g\/m2.<\/p>\n","protected":false},"featured_media":4181,"template":"","meta":[],"product_brand":[],"product_cat":[32],"product_tag":[],"class_list":{"0":"post-4171","1":"product","2":"type-product","3":"status-publish","4":"has-post-thumbnail","6":"product_cat-giveaways","8":"first","9":"instock","10":"taxable","11":"shipping-taxable","12":"purchasable","13":"product-type-simple"},"_links":{"self":[{"href":"https:\/\/dice.masterdesign.se\/oppnamoderater\/wp-json\/wp\/v2\/product\/4171","targetHints":{"allow":["GET"]}}],"collection":[{"href":"https:\/\/dice.masterdesign.se\/oppnamoderater\/wp-json\/wp\/v2\/product"}],"about":[{"href":"https:\/\/dice.masterdesign.se\/oppnamoderater\/wp-json\/wp\/v2\/types\/product"}],"wp:featuredmedia":[{"embeddable":true,"href":"https:\/\/dice.masterdesign.se\/oppnamoderater\/wp-json\/wp\/v2\/media\/4181"}],"wp:attachment":[{"href":"https:\/\/dice.masterdesign.se\/oppnamoderater\/wp-json\/wp\/v2\/media?parent=4171"}],"wp:term":[{"taxonomy":"product_brand","embeddable":true,"href":"https:\/\/dice.masterdesign.se\/oppnamoderater\/wp-json\/wp\/v2\/product_brand?post=4171"},{"taxonomy":"product_cat","embeddable":true,"href":"https:\/\/dice.masterdesign.se\/oppnamoderater\/wp-json\/wp\/v2\/product_cat?post=4171"},{"taxonomy":"product_tag","embeddable":true,"href":"https:\/\/dice.masterdesign.se\/oppnamoderater\/wp-json\/wp\/v2\/product_tag?post=4171"}],"curies":[{"name":"wp","href":"https:\/\/api.w.org\/{rel}","templated":true}]}}