{"id":271,"date":"2020-09-09T16:06:02","date_gmt":"2020-09-09T14:06:02","guid":{"rendered":"https:\/\/dice.masterdesign.se\/rkh\/?page_id=271"},"modified":"2023-09-06T10:52:23","modified_gmt":"2023-09-06T08:52:23","slug":"information","status":"publish","type":"page","link":"https:\/\/dice.masterdesign.se\/rkh\/information\/","title":{"rendered":"Information"},"content":{"rendered":"<div class=\"wpb-content-wrapper\"><p>[vc_row][vc_column][vc_empty_space][vc_column_text]<\/p>\n<div class=\"nm-row nm-row-full \">\n<div class=\"nm_column col-sm-12\">\n<div class=\"wpb_wrapper\">\n<div class=\"wpb_text_column wpb_content_element \">\n<div class=\"wpb_wrapper\">\n<p class=\"p1\"><span class=\"s1\"><b>Information<\/b><\/span><\/p>\n<p class=\"p2\"><span class=\"s1\">Denna best\u00e4llningsportal drivs av\u00a0<b>Master Design Sverige AB<\/b> i samarbete med <b>R\u00f6da Korsets H\u00f6gskola.<\/b><\/span><\/p>\n<p class=\"p2\"><span class=\"s1\">Master Design hj\u00e4lper ditt f\u00f6retag att f\u00f6rst\u00e4rka era relationer med produktmedia. Med hj\u00e4lp av denna webshop kan du enkelt och smidigt best\u00e4lla varor f\u00f6r ditt \u00e4ndam\u00e5l. Master Design sk\u00f6ter om all hantering och distribution av din order och du \u00e4r hj\u00e4rtligt v\u00e4lkommen att kontakta dem f\u00f6r fr\u00e5gor och hj\u00e4lp.<\/span><\/p>\n<p class=\"p2\"><span class=\"s1\">Observera att varorna i denna best\u00e4llningsportal endast finns tillg\u00e4nglig att k\u00f6pa h\u00e4r och att det inte finns n\u00e5gon befintlig butik att h\u00e4mta din best\u00e4llning i.<\/span><\/p>\n<p class=\"p2\"><span class=\"s1\"><b>Priser<\/b><br \/>\nSamtliga priser \u00e4r angivna exklusive moms och frakt om inget annat anges. Enligt svensk lag tillkommer merv\u00e4rdesskatt p\u00e5 samtliga varor. Totalpris f\u00f6r din best\u00e4llning summeras i kassan, inklusive eventuella avgifter f\u00f6r frakt och betalning, samt moms.<\/span><\/p>\n<p class=\"p2\"><span class=\"s1\"><b>Frakt och leverans<br \/>\n<\/b>Fraktkostnad tillkommer baserad p\u00e5 den totalvikt din order uppn\u00e5r enligt v\u00e5r fraktmall. Alla leveranser skickas med v\u00e5r partner Postnord till din angivna leveransadress om inget annat anges i kassan.\u00a0 Det \u00e4r din skyldighet att l\u00e4mna aviseringsinformation och vara tillg\u00e4nglig vid leverans. Om du inte skulle vara tillg\u00e4nglig kommer du att f\u00e5 en avisering.<\/span><\/p>\n<p class=\"p2\"><span class=\"s1\"><b>Leveranstider<br \/>\n<\/b>Leveranstid f\u00f6r lagervaror \u00e4r 3\u20134 arbetsdagar beroende p\u00e5 destination (inom Sverige). Leveranstid f\u00f6r best\u00e4llningsvaror (ej lagerf\u00f6rda) \u00e4r specificerad p\u00e5 respektive produktsida med reservation att v\u00e5r underleverant\u00f6r inte restnoterar varan.<\/span><\/p>\n<p class=\"p2\"><span class=\"s1\"><b>Restnoteringar<br \/>\n<\/b>Om en best\u00e4lld vara \u00e4r slut i lager restnoteras den. Vi meddelar ber\u00e4knad leveranstid via e-post och vi beh\u00f6ver \u00e4ven ditt godk\u00e4nnande f\u00f6r senare leverans eller makulering av order.<\/span><\/p>\n<p class=\"p2\"><span class=\"s1\"><b>Ej uth\u00e4mtade paket<br \/>\n<\/b>F\u00f6r leveranser som inte kan levereras p\u00e5 grund av att mottagare inte \u00e4r antr\u00e4ffbar, inte p\u00e5 plats eller inte h\u00e4mtar ut sin best\u00e4llning, f\u00f6rbeh\u00e5ller sig Master Design r\u00e4tten att debitera f\u00f6r v\u00e5r fraktavgift samt fraktbolagets returfrakt till oss.<br \/>\n<b>Retur<br \/>\n<\/b>Vid retur av en vara, kontakta Master Design inom 8 dagar fr\u00e5n leveransdagen f\u00f6r instruktioner (dice@masterdesign.se). Returfrakt betalas av best\u00e4llaren. Ej lagervara eller best\u00e4llningsvara som \u00e4r f\u00f6r\u00e4dlad kan tyv\u00e4rr inte returneras. Retur av smutsig och\/eller anv\u00e4nd vara accepteras inte.<\/span><\/p>\n<p class=\"p2\"><span class=\"s1\"><b>Reklamation<br \/>\n<\/b>Om du av n\u00e5gon anledning vill reklamera en vara, kontakta Master Design inom 8 dagar fr\u00e5n leveransdagen f\u00f6r instruktioner (dice@masterdesign.se). Efter kontakt kommer du f\u00e5 fraktsedlar f\u00f6r att returnera din reklamerade vara \u00e5ter till oss f\u00f6r inspektion.<\/span><\/p>\n<p class=\"p2\"><span class=\"s1\"><b>Leveranskontroll<\/b><br \/>\nN\u00e4r din order levereras kontrollera alltid att alla kollin \u00e4r levererade och att f\u00f6rpackningen inte \u00e4r skadad. Om en vara har skadats under transporten skall reklamation g\u00f6ras.<\/span><\/p>\n<p class=\"p2\"><span class=\"s1\"><b>Faktura\u00e4ndringar<\/b><br \/>\nVid \u00e4renden g\u00e4llande \u00e4ndringar av fakturamottagare efter lagd order, f\u00f6rbeh\u00e5ller sig Master Design r\u00e4tten att debitera en administrationskostnad p\u00e5 30 kr.<\/span><\/p>\n<p class=\"p2\"><span class=\"s1\"><b>Force majeure<\/b><br \/>\nVi reserverar oss f\u00f6r omst\u00e4ndigheter utanf\u00f6r v\u00e5r kontroll som exempelvis strejk, it-haveri eller v\u00e4derf\u00f6rh\u00e5llanden.<\/span><\/p>\n<p class=\"p2\"><span class=\"s1\"><b>Integritetspolicy<\/b><br \/>\nH\u00e4r kan du l\u00e4sa om v\u00e5r integritetspolicy:<br \/>\n<a href=\"https:\/\/www.masterdesign.se\/om-oss\/integritetspolicy\/\"><span class=\"s2\">https:\/\/www.masterdesign.se\/om-oss\/integritetspolicy\/<\/span><\/a><\/span><\/p>\n<p class=\"p2\"><span class=\"s1\"><b>Behandling av personuppgifter<br \/>\n<\/b>Inom ramen f\u00f6r <i>tillhandah\u00e5llandet av webshopen<\/i> behandlar Master Design personuppgifter prim\u00e4rt f\u00f6r \u00e4ndam\u00e5len att (i) hantera och administrera anv\u00e4ndarkonton, (ii) administrera best\u00e4llningar (vilket inkluderar kommunikation inom ramen f\u00f6r best\u00e4llningar som g\u00f6rs), (iii) framst\u00e4llande av rapporter (som tillhandah\u00e5lls kunder som best\u00e4llt detta), (iv) administration av v\u00e5ra IT-system (t.ex. loggning, service etc.), (v) fullg\u00f6rande av r\u00e4ttsliga skyldigheter (t.ex. bokf\u00f6ringsskyldighet enligt bokf\u00f6ringslagen) samt (vi) g\u00f6ra g\u00e4llande, fastst\u00e4lla eller g\u00f6ra g\u00e4llande r\u00e4ttsliga krav.<\/span><\/p>\n<p class=\"p2\"><span class=\"s1\">De uppgifter som anv\u00e4nds f\u00f6r dessa \u00e4ndam\u00e5l \u00e4r anv\u00e4ndarkontouppgifter (e-postadress, l\u00f6senord, namn, adress och orderhistorik). Inom ramen f\u00f6r administrationen av best\u00e4llningen behandlas, ut\u00f6ver ovann\u00e4mnda uppgifter, de uppgifter som beh\u00f6vs f\u00f6r faktureringen, t.ex. namn p\u00e5 referensperson, telefonnummer och fakturamottagare (om fysisk person). Samtliga uppgifter som behandlas \u00e4r n\u00f6dv\u00e4ndiga f\u00f6r att Master Design ska kunna fullg\u00f6ra de \u00e4ndam\u00e5l som anges ovan och inga personuppgifter sparas under en l\u00e4ngre period \u00e4n vad som \u00e4r n\u00f6dv\u00e4ndigt med h\u00e4nsyn till \u00e4ndam\u00e5len med behandlingen.<\/span><\/p>\n<p class=\"p2\"><span class=\"s1\">Master Design behandlar inte uppgifter r\u00f6rande t.ex. anv\u00e4ndarkontoinnehavare f\u00f6r att kunna skicka marknadsf\u00f6ring eller andra kommersiella meddelanden, utan uppgifterna behandlas enkom f\u00f6r att Master Design ska kunna tillhandah\u00e5lla sina produkter och tj\u00e4nster.<\/span><\/p>\n<p class=\"p2\"><span class=\"s1\">Master Design behandlar personuppgifter med iakttagande av g\u00e4llande regler r\u00f6rande behandling av personuppgifter, prim\u00e4rt GDPR. Vidare arbetar Master Design l\u00f6pande f\u00f6r att f\u00f6rb\u00e4ttra sina rutiner och processer f\u00f6r att m\u00f6jligg\u00f6ra f\u00f6r och s\u00e4kerst\u00e4lla att registrerade individer kan tillvarata sina r\u00e4ttigheter och f\u00f6r att s\u00e4kerst\u00e4lla att personuppgifter inte behandlas p\u00e5 ett s\u00e4tt som exponerar uppgifterna och\/eller de registrerade f\u00f6r s\u00e4rskilda integritetsrisker. All behandling av personuppgifter hos Master Design \u00e4r f\u00f6rem\u00e5l f\u00f6r l\u00e4mpliga tekniska och organisatoriska s\u00e4kerhets\u00e5tg\u00e4rder, vilka utv\u00e4rderas l\u00f6pande.<\/span><\/p>\n<p class=\"p2\"><span class=\"s1\"><b>\u00d6vrigt<br \/>\n<\/b>Vi reserverar oss f\u00f6r eventuella skrivfel och \u00e4ndringar av tekniska data som \u00e4r utanf\u00f6r v\u00e5r kontroll. Priser kan n\u00e4r som helst \u00e4ndras utan avisering. T\u00e4nk p\u00e5 att f\u00e4rgavvikelser kan f\u00f6rekomma g\u00e4llande bilder p\u00e5 material, f\u00e4rger, tyger mm.<\/span><\/p>\n<p class=\"p2\"><span class=\"s1\">F\u00f6r mer information l\u00e4s v\u00e5ra allm\u00e4nna villkor som du hittar h\u00e4r. L\u00e4nk: <a href=\"https:\/\/www.masterdesign.se\/om-oss\/allmanna-villkor\/\"><span class=\"s2\">https:\/\/www.masterdesign.se\/om-oss\/allmanna-villkor\/<\/span><\/a><\/span><\/p>\n<\/div>\n<\/div>\n<\/div>\n<\/div>\n<\/div>\n<p>[\/vc_column_text][\/vc_column][\/vc_row]<\/p>\n<\/div>","protected":false},"excerpt":{"rendered":"<p>[vc_row][vc_column][vc_empty_space][vc_column_text] Information Denna best\u00e4llningsportal drivs av\u00a0Master Design Sverige AB i samarbete med R\u00f6da Korsets H\u00f6gskola. Master Design hj\u00e4lper ditt f\u00f6retag att f\u00f6rst\u00e4rka era relationer med produktmedia. Med hj\u00e4lp av denna webshop kan du enkelt och smidigt best\u00e4lla varor f\u00f6r ditt \u00e4ndam\u00e5l. Master Design sk\u00f6ter om all hantering och distribution av din order och du \u00e4r &hellip;<\/p>\n","protected":false},"author":446,"featured_media":0,"parent":0,"menu_order":0,"comment_status":"closed","ping_status":"closed","template":"","meta":{"footnotes":""},"class_list":["post-271","page","type-page","status-publish","hentry"],"_links":{"self":[{"href":"https:\/\/dice.masterdesign.se\/rkh\/wp-json\/wp\/v2\/pages\/271","targetHints":{"allow":["GET"]}}],"collection":[{"href":"https:\/\/dice.masterdesign.se\/rkh\/wp-json\/wp\/v2\/pages"}],"about":[{"href":"https:\/\/dice.masterdesign.se\/rkh\/wp-json\/wp\/v2\/types\/page"}],"author":[{"embeddable":true,"href":"https:\/\/dice.masterdesign.se\/rkh\/wp-json\/wp\/v2\/users\/446"}],"replies":[{"embeddable":true,"href":"https:\/\/dice.masterdesign.se\/rkh\/wp-json\/wp\/v2\/comments?post=271"}],"version-history":[{"count":13,"href":"https:\/\/dice.masterdesign.se\/rkh\/wp-json\/wp\/v2\/pages\/271\/revisions"}],"predecessor-version":[{"id":6837,"href":"https:\/\/dice.masterdesign.se\/rkh\/wp-json\/wp\/v2\/pages\/271\/revisions\/6837"}],"wp:attachment":[{"href":"https:\/\/dice.masterdesign.se\/rkh\/wp-json\/wp\/v2\/media?parent=271"}],"curies":[{"name":"wp","href":"https:\/\/api.w.org\/{rel}","templated":true}]}}