{"id":338,"date":"2020-09-09T16:21:33","date_gmt":"2020-09-09T14:21:33","guid":{"rendered":"https:\/\/dice.masterdesign.se\/rkh\/?page_id=338"},"modified":"2020-09-25T15:02:41","modified_gmt":"2020-09-25T13:02:41","slug":"varukorg","status":"publish","type":"page","link":"https:\/\/dice.masterdesign.se\/rkh\/varukorg\/","title":{"rendered":"Varukorg"},"content":{"rendered":"<div class=\"wpb-content-wrapper\"><p>[vc_row][vc_column][vc_empty_space][vc_column_text]<\/p>\n<h2>Varukorg<\/h2>\n<p>[\/vc_column_text][vc_row_inner][vc_column_inner width=&#8221;2\/3&#8243;][vc_message message_box_style=&#8221;classic&#8221; message_box_color=&#8221;alert-info&#8221; style=&#8221;rounded&#8221;]Om du vill \u00e4ndra antalet p\u00e5 en produkt, \u00e4ndra till \u00f6nskat antal i rutan och klicka sedan p\u00e5 knappen <em><strong>&#8221;Uppdatera varukorg&#8221;<\/strong><\/em> f\u00f6r att spara din \u00e4ndring.[\/vc_message][\/vc_column_inner][vc_column_inner width=&#8221;1\/3&#8243;][\/vc_column_inner][\/vc_row_inner][\/vc_column][\/vc_row][vc_row][vc_column][vc_empty_space height=&#8221;200px&#8221;][\/vc_column][\/vc_row]<\/p>\n<\/div>","protected":false},"excerpt":{"rendered":"<p>[vc_row][vc_column][vc_empty_space][vc_column_text] Varukorg [\/vc_column_text][vc_row_inner][vc_column_inner width=&#8221;2\/3&#8243;][vc_message message_box_style=&#8221;classic&#8221; message_box_color=&#8221;alert-info&#8221; style=&#8221;rounded&#8221;]Om du vill \u00e4ndra antalet p\u00e5 en produkt, \u00e4ndra till \u00f6nskat antal i rutan och klicka sedan p\u00e5 knappen &#8221;Uppdatera varukorg&#8221; f\u00f6r att spara din \u00e4ndring.[\/vc_message][\/vc_column_inner][vc_column_inner width=&#8221;1\/3&#8243;][\/vc_column_inner][\/vc_row_inner][\/vc_column][\/vc_row][vc_row][vc_column][vc_empty_space height=&#8221;200px&#8221;][\/vc_column][\/vc_row]<\/p>\n","protected":false},"author":446,"featured_media":0,"parent":0,"menu_order":0,"comment_status":"closed","ping_status":"closed","template":"","meta":{"footnotes":""},"class_list":["post-338","page","type-page","status-publish","hentry"],"_links":{"self":[{"href":"https:\/\/dice.masterdesign.se\/rkh\/wp-json\/wp\/v2\/pages\/338","targetHints":{"allow":["GET"]}}],"collection":[{"href":"https:\/\/dice.masterdesign.se\/rkh\/wp-json\/wp\/v2\/pages"}],"about":[{"href":"https:\/\/dice.masterdesign.se\/rkh\/wp-json\/wp\/v2\/types\/page"}],"author":[{"embeddable":true,"href":"https:\/\/dice.masterdesign.se\/rkh\/wp-json\/wp\/v2\/users\/446"}],"replies":[{"embeddable":true,"href":"https:\/\/dice.masterdesign.se\/rkh\/wp-json\/wp\/v2\/comments?post=338"}],"version-history":[{"count":2,"href":"https:\/\/dice.masterdesign.se\/rkh\/wp-json\/wp\/v2\/pages\/338\/revisions"}],"predecessor-version":[{"id":571,"href":"https:\/\/dice.masterdesign.se\/rkh\/wp-json\/wp\/v2\/pages\/338\/revisions\/571"}],"wp:attachment":[{"href":"https:\/\/dice.masterdesign.se\/rkh\/wp-json\/wp\/v2\/media?parent=338"}],"curies":[{"name":"wp","href":"https:\/\/api.w.org\/{rel}","templated":true}]}}