{"id":6813,"date":"2023-09-06T10:25:19","date_gmt":"2023-09-06T08:25:19","guid":{"rendered":"https:\/\/dice.masterdesign.se\/rkh\/?page_id=6813"},"modified":"2023-09-08T08:29:57","modified_gmt":"2023-09-08T06:29:57","slug":"kopvillkor","status":"publish","type":"page","link":"https:\/\/dice.masterdesign.se\/rkh\/kopvillkor\/","title":{"rendered":"Automatiskt utkast"},"content":{"rendered":"<div class=\"wpb-content-wrapper\"><p>[vc_row][vc_column][vc_empty_space][\/vc_column][\/vc_row][vc_row][vc_column][vc_column_text]<\/p>\r\n<div class=\"wp-block-group\">\r\n<h1 class=\"wp-block-heading\">K\u00f6pvillkor<\/h1>\r\n<\/div>\r\n<p>&nbsp;<\/p>\r\n<p><strong>Frakter<\/strong><\/p>\r\n<div class=\"wp-block-group\">\r\n<p>Vi anv\u00e4nder Postnord f\u00f6r frakter.<\/p>\r\n<p><strong>Leverans<\/strong><\/p>\r\n<p>Best\u00e4llda varor levereras i samarbete med Postnord. Alla paket h\u00e4mtas ut p\u00e5 Postnords aviserade uth\u00e4mtningsplats, om inget annat anges. Leveranstid 3 \u2013 4 dagar.<\/p>\r\n<p><strong>Priser<br \/><\/strong>Alla priser i webshopen \u00e4r inklusive moms.<\/p>\r\n<p><strong>Betalning<br \/><\/strong>Vid privatk\u00f6p (k\u00f6p av privatpersoner) s\u00e5 \u00e4r endast kortbetalning m\u00f6jligt.<br \/>Transaktioner f\u00f6r kortbetalning genomf\u00f6rs via Qvicklys tekniska l\u00f6sning.<\/p>\r\n<p><strong>Retur<br \/><\/strong>Vid retur av en vara, kontakta Master Design p\u00e5 08 744 13 30 f\u00f6r instruktioner eller skicka e-post till\u00a0dice@masterdesign.se. Returfrakt betalas av best\u00e4llaren.<\/p>\r\n<p><strong>Reklamation<br \/><\/strong>Om du av n\u00e5gon anledning vill reklamera en vara s\u00e5 kontakta Master Design p\u00e5 08 744 13 30 f\u00f6r instruktioner eller skicka e-post till\u00a0dice@masterdesign.se. Vid reklamation av en vara f\u00e5r du en fraktsedel av oss f\u00f6r att skicka tillbaka varan.<\/p>\r\n<p><strong>\u00c5ngerr\u00e4tten<br \/><\/strong>Vid k\u00f6p av varor har du som konsument p\u00e5 s\u00e4tt som lag (2005:59) om distansavtal och avtal utanf\u00f6r aff\u00e4rslokaler n\u00e4rmare anger, i vissa fall r\u00e4tt att fr\u00e5ntr\u00e4da ett k\u00f6p (\u00e5ngerr\u00e4tt). Detta inneb\u00e4r att du har r\u00e4tt att \u00e5ngra ditt k\u00f6p genom att till Master Design l\u00e4mna eller s\u00e4nda ett meddelande om detta inom 14 dagar fr\u00e5n den dag du tog emot den best\u00e4llda varan (\u00e5ngerfristen).<\/p>\r\n<p>Vill du anv\u00e4nda dig av \u00e5ngerr\u00e4tten ska du som kund kontakta Master Design, f\u00f6retr\u00e4desvis via e-post till\u00a0dice@masterdesign.se.<\/p>\r\n<p>Vid ut\u00f6vandet av \u00e5ngerr\u00e4tten ska varan \u00e5ters\u00e4ndas till Master Design inom 14 dagar fr\u00e5n att meddelande om ut\u00f6vandet av \u00e5ngerr\u00e4tten l\u00e4mnades till Master Design.<\/p>\r\n<p>Det belopp som du betalat f\u00f6r varan inklusive ursprunglig fraktkostnad \u00e5terbetalas senast inom 14 dagar ifr\u00e5n mottagandet av ditt meddelande om ut\u00f6vande av \u00e5ngerr\u00e4tten, f\u00f6rutsatt att Master Design inom denna tid f\u00e5tt varan i retur, eller ett kvitto p\u00e5 att varan s\u00e4nts tillbaka. \u00c5terbetalning kan komma att g\u00f6ras p\u00e5 annat s\u00e4tt \u00e4n p\u00e5 det s\u00e4tt som betalningen erlades.<\/p>\r\n<\/div>\r\n\r\n<p>&nbsp;<\/p>\r\n<p>[\/vc_column_text][\/vc_column][\/vc_row]<\/p><\/div>","protected":false},"excerpt":{"rendered":"<p>[vc_row][vc_column][vc_empty_space][\/vc_column][\/vc_row][vc_row][vc_column][vc_column_text] K\u00f6pvillkor &nbsp; Frakter Vi anv\u00e4nder Postnord f\u00f6r frakter. Leverans Best\u00e4llda varor levereras i samarbete med Postnord. Alla paket h\u00e4mtas ut p\u00e5 Postnords aviserade uth\u00e4mtningsplats, om inget annat anges. Leveranstid 3 \u2013 4 dagar. PriserAlla priser i webshopen \u00e4r inklusive moms. BetalningVid privatk\u00f6p (k\u00f6p av privatpersoner) s\u00e5 \u00e4r endast kortbetalning m\u00f6jligt.Transaktioner f\u00f6r kortbetalning genomf\u00f6rs via &hellip;<\/p>\n","protected":false},"author":9697,"featured_media":0,"parent":0,"menu_order":0,"comment_status":"closed","ping_status":"closed","template":"","meta":{"footnotes":""},"class_list":["post-6813","page","type-page","status-publish","hentry"],"_links":{"self":[{"href":"https:\/\/dice.masterdesign.se\/rkh\/wp-json\/wp\/v2\/pages\/6813","targetHints":{"allow":["GET"]}}],"collection":[{"href":"https:\/\/dice.masterdesign.se\/rkh\/wp-json\/wp\/v2\/pages"}],"about":[{"href":"https:\/\/dice.masterdesign.se\/rkh\/wp-json\/wp\/v2\/types\/page"}],"author":[{"embeddable":true,"href":"https:\/\/dice.masterdesign.se\/rkh\/wp-json\/wp\/v2\/users\/9697"}],"replies":[{"embeddable":true,"href":"https:\/\/dice.masterdesign.se\/rkh\/wp-json\/wp\/v2\/comments?post=6813"}],"version-history":[{"count":8,"href":"https:\/\/dice.masterdesign.se\/rkh\/wp-json\/wp\/v2\/pages\/6813\/revisions"}],"predecessor-version":[{"id":6849,"href":"https:\/\/dice.masterdesign.se\/rkh\/wp-json\/wp\/v2\/pages\/6813\/revisions\/6849"}],"wp:attachment":[{"href":"https:\/\/dice.masterdesign.se\/rkh\/wp-json\/wp\/v2\/media?parent=6813"}],"curies":[{"name":"wp","href":"https:\/\/api.w.org\/{rel}","templated":true}]}}