{"id":911,"date":"2020-09-28T16:29:54","date_gmt":"2020-09-28T14:29:54","guid":{"rendered":"https:\/\/dice.masterdesign.se\/rkh\/?page_id=911"},"modified":"2023-12-05T08:51:52","modified_gmt":"2023-12-05T07:51:52","slug":"fragor-svar","status":"publish","type":"page","link":"https:\/\/dice.masterdesign.se\/rkh\/fragor-svar\/","title":{"rendered":"Fr\u00e5gor &#038; Svar"},"content":{"rendered":"<div class=\"wpb-content-wrapper\"><p>[vc_row][vc_column][vc_empty_space][vc_column_text]<\/p>\n<h1><i class=\"fa fa-question-circle\" aria-hidden=\"true\"><\/i> Fr\u00e5gor &amp; Svar<\/h1>\n<p>[\/vc_column_text][\/vc_column][\/vc_row][vc_row][vc_column width=&#8221;1\/2&#8243;][vc_column_text]<strong>Hur kan jag prova storlekar?<br \/>\n<\/strong>Storlekar p\u00e5 plagg pr\u00f6vas genom att g\u00e5 till studentexpeditionen d\u00e4r samtliga plagg och storlekar finns tillg\u00e4ngliga<\/p>\n<p><strong>Hur l\u00e5ng \u00e4r leveranstiden p\u00e5 lagervaror?<br \/>\n<\/strong>Alla best\u00e4llningar som inkommer innan kl 17.00 p\u00e5 en arbetsdag skickas normalt inom tv\u00e5 arbetsdagar (Normalorder).<\/p>\n<p><strong>Hur l\u00e5ng \u00e4r leveranstiden p\u00e5 best\u00e4llningsvaror?<br \/>\n<\/strong>Alla best\u00e4llningar av best\u00e4llningsvaror (ej lagerf\u00f6rda) \u00e4r specificerad p\u00e5 respektive produktsida. Med reservation att v\u00e5r underleverant\u00f6r inte restnoterar varan.<\/p>\n<p><strong>N\u00e4r b\u00f6r jag l\u00e4gga min order f\u00f6r att den ska skickas samma dag (Expressleverans)?<\/strong><strong><br \/>\n<\/strong>Alla best\u00e4llningar som inkommer innan kl 13.00 p\u00e5 en arbetsdag skickas normalt fr\u00e5n v\u00e5rt lager samma dag (Expressorder). Detta g\u00e4ller endast av lagerf\u00f6rda artiklar. Skicka \u00e4ven ett mail till <a href=\"mailto:dice@masterdesign.se\">dice@masterdesign.se<\/a> med ditt ordernummer.<\/p>\n<p><strong>Tillkommer frakt p\u00e5 mitt k\u00f6p?<br \/>\n<\/strong>Fraktkostnad tillkommer och baseras p\u00e5 din orders totala vikt. N\u00e4r du klickar vidare till \u201dKassan\u201d kan du se v\u00e5r fraktber\u00e4kning.<\/p>\n<p><strong>Hur kontaktar jag er om jag har fr\u00e5gor om artiklar i best\u00e4llningsportalen?<br \/>\n<\/strong>Du n\u00e5r v\u00e5r kundtj\u00e4nst direkt p\u00e5 telefonnummer: 08-744 13 30. Eller maila din fr\u00e5ga till dice@masterdesign.se<\/p>\n<p><strong>Hur visas priserna i best\u00e4llningsportalen?<br \/>\n<\/strong>Samtliga priser visas inklusive moms. Totalpris f\u00f6r din best\u00e4llning summeras i kassan, inklusive eventuella avgifter f\u00f6r frakt och betalning.[\/vc_column_text][\/vc_column][vc_column width=&#8221;1\/2&#8243;][vc_column_text]<strong>Hur g\u00f6r jag en retur eller reklamation?<br \/>\n<\/strong>Kontakta v\u00e5r kundtj\u00e4nst inom 8 dagar fr\u00e5n leveransdagen via dice@masterdesign.se s\u00e5 hj\u00e4lper de dig. Meddela g\u00e4rna ditt ordernummer f\u00f6r snabbare hantering.<\/p>\n<p><strong>Hur g\u00f6r jag om en vara saknas i min order?<br \/>\n<\/strong>Kontakta v\u00e5r kundtj\u00e4nst p\u00e5 dice@masterdesign.se s\u00e5 hj\u00e4lper de dig. Meddela g\u00e4rna ditt ordernummer och artikelnummer p\u00e5 varan som saknades f\u00f6r snabbare hantering.<\/p>\n<p><strong>Vad inneb\u00e4r n\u00e4r det st\u00e5r \u201d<em>Ej i lager<\/em>\u201d p\u00e5 en artikel?<br \/>\n<\/strong>Artikeln \u00e4r tillf\u00e4lligt slut i lager eller inte har inlevererats \u00e4nnu, f\u00f6r att veta mer kontakta g\u00e4rna v\u00e5r kundtj\u00e4nst via <a href=\"mailto:dice@masterdesign.se\">dice@masterdesign.se<\/a><\/p>\n<p><strong>Hur g\u00f6r jag f\u00f6r att \u00e4ndra min order?<br \/>\n<\/strong>Har du gjort en order d\u00e4r du beh\u00f6ver justera n\u00e5got i, exempelvis fel best\u00e4llda artiklar eller fel registrerad adress, kontakta omg\u00e5ende v\u00e5r kundtj\u00e4nst p\u00e5 08-744 13 30 eller via mail <a href=\"mailto:dice@masterdesign.se\">dice@masterdesign.se<\/a>. Ange ditt ordernummer f\u00f6r snabbare hantering.<\/p>\n<p><strong>N\u00e4r skickas varan om den \u00e4r restnoterad?<br \/>\n<\/strong>Artiklar som \u00e4r restnoterad p\u00e5 din order skickas f\u00e5 fort de \u00e4r \u00e5ter i lager. Kontakta kundtj\u00e4nst f\u00f6r mer information om ber\u00e4knad leveranstid via <a href=\"mailto:dice@masterdesign.se\">dice@masterdesign.se<\/a><\/p>\n<p><strong>Hur kan jag sp\u00e5ra min order?<br \/>\n<\/strong>N\u00e4r din order har skickats fr\u00e5n v\u00e5rt lager kan du logga in p\u00e5 \u201dMina sidor\u201d i best\u00e4llningsportalen och se din Orderhistorik. V\u00e4lj \u201dVisa\u201d p\u00e5 aktuell order och under rubriken \u201dSp\u00e5ra paket\u201d hittar en sp\u00e5rningsl\u00e4nk.[\/vc_column_text][\/vc_column][\/vc_row]<\/p>\n<\/div>","protected":false},"excerpt":{"rendered":"<p>[vc_row][vc_column][vc_empty_space][vc_column_text] Fr\u00e5gor &amp; Svar [\/vc_column_text][\/vc_column][\/vc_row][vc_row][vc_column width=&#8221;1\/2&#8243;][vc_column_text]Hur kan jag prova storlekar? Storlekar p\u00e5 plagg pr\u00f6vas genom att g\u00e5 till studentexpeditionen d\u00e4r samtliga plagg och storlekar finns tillg\u00e4ngliga Hur l\u00e5ng \u00e4r leveranstiden p\u00e5 lagervaror? Alla best\u00e4llningar som inkommer innan kl 17.00 p\u00e5 en arbetsdag skickas normalt inom tv\u00e5 arbetsdagar (Normalorder). Hur l\u00e5ng \u00e4r leveranstiden p\u00e5 best\u00e4llningsvaror? Alla &hellip;<\/p>\n","protected":false},"author":446,"featured_media":0,"parent":0,"menu_order":0,"comment_status":"closed","ping_status":"closed","template":"","meta":{"footnotes":""},"class_list":["post-911","page","type-page","status-publish","hentry"],"_links":{"self":[{"href":"https:\/\/dice.masterdesign.se\/rkh\/wp-json\/wp\/v2\/pages\/911","targetHints":{"allow":["GET"]}}],"collection":[{"href":"https:\/\/dice.masterdesign.se\/rkh\/wp-json\/wp\/v2\/pages"}],"about":[{"href":"https:\/\/dice.masterdesign.se\/rkh\/wp-json\/wp\/v2\/types\/page"}],"author":[{"embeddable":true,"href":"https:\/\/dice.masterdesign.se\/rkh\/wp-json\/wp\/v2\/users\/446"}],"replies":[{"embeddable":true,"href":"https:\/\/dice.masterdesign.se\/rkh\/wp-json\/wp\/v2\/comments?post=911"}],"version-history":[{"count":12,"href":"https:\/\/dice.masterdesign.se\/rkh\/wp-json\/wp\/v2\/pages\/911\/revisions"}],"predecessor-version":[{"id":7110,"href":"https:\/\/dice.masterdesign.se\/rkh\/wp-json\/wp\/v2\/pages\/911\/revisions\/7110"}],"wp:attachment":[{"href":"https:\/\/dice.masterdesign.se\/rkh\/wp-json\/wp\/v2\/media?parent=911"}],"curies":[{"name":"wp","href":"https:\/\/api.w.org\/{rel}","templated":true}]}}