{"id":22814,"date":"2023-07-25T09:16:40","date_gmt":"2023-07-25T07:16:40","guid":{"rendered":"https:\/\/dice.masterdesign.se\/rn8jbwsqdbm\/?post_type=product&#038;p=22814"},"modified":"2026-04-15T13:35:39","modified_gmt":"2026-04-15T11:35:39","slug":"moderaterna-quick-counter-komplett-med-bildvad","status":"publish","type":"product","link":"https:\/\/dice.masterdesign.se\/rn8jbwsqdbm\/produkt\/moderaterna-quick-counter-komplett-med-bildvad\/","title":{"rendered":"Moderaterna Quick Counter komplett med bildv\u00e5d"},"content":{"rendered":"","protected":false},"excerpt":{"rendered":"<p>Oerh\u00f6rt smidig disk som monterar sig sj\u00e4lv. Fr\u00e5n hopf\u00e4lld i v\u00e4ska till klar att anv\u00e4nda p\u00e5 sekunder. Konstruktionen med gasd\u00e4mpad fj\u00e4dring g\u00f6r att disken reser sig av sig sj\u00e4lv. Demontera lika enkelt genom att bara trycka ihop disk med bild p\u00e5. Levereras komplett i v\u00e4ska.<\/p>\n<p><strong>Leveranstid ca 3 veckor.<\/strong><\/p>\n","protected":false},"featured_media":9728,"template":"","meta":[],"product_brand":[],"product_cat":[39],"product_tag":[41],"class_list":{"0":"post-22814","1":"product","2":"type-product","3":"status-publish","4":"has-post-thumbnail","6":"product_cat-ondemand","7":"product_tag-ondemand","8":"product_cat-on-demand","10":"first","11":"instock","12":"taxable","13":"shipping-taxable","14":"purchasable","15":"product-type-simple"},"_links":{"self":[{"href":"https:\/\/dice.masterdesign.se\/rn8jbwsqdbm\/wp-json\/wp\/v2\/product\/22814","targetHints":{"allow":["GET"]}}],"collection":[{"href":"https:\/\/dice.masterdesign.se\/rn8jbwsqdbm\/wp-json\/wp\/v2\/product"}],"about":[{"href":"https:\/\/dice.masterdesign.se\/rn8jbwsqdbm\/wp-json\/wp\/v2\/types\/product"}],"wp:featuredmedia":[{"embeddable":true,"href":"https:\/\/dice.masterdesign.se\/rn8jbwsqdbm\/wp-json\/wp\/v2\/media\/9728"}],"wp:attachment":[{"href":"https:\/\/dice.masterdesign.se\/rn8jbwsqdbm\/wp-json\/wp\/v2\/media?parent=22814"}],"wp:term":[{"taxonomy":"product_brand","embeddable":true,"href":"https:\/\/dice.masterdesign.se\/rn8jbwsqdbm\/wp-json\/wp\/v2\/product_brand?post=22814"},{"taxonomy":"product_cat","embeddable":true,"href":"https:\/\/dice.masterdesign.se\/rn8jbwsqdbm\/wp-json\/wp\/v2\/product_cat?post=22814"},{"taxonomy":"product_tag","embeddable":true,"href":"https:\/\/dice.masterdesign.se\/rn8jbwsqdbm\/wp-json\/wp\/v2\/product_tag?post=22814"}],"curies":[{"name":"wp","href":"https:\/\/api.w.org\/{rel}","templated":true}]}}