{"id":22817,"date":"2023-07-25T09:17:18","date_gmt":"2023-07-25T07:17:18","guid":{"rendered":"https:\/\/dice.masterdesign.se\/rn8jbwsqdbm\/?post_type=product&#038;p=22817"},"modified":"2025-04-24T14:31:26","modified_gmt":"2025-04-24T12:31:26","slug":"moderaterna-pop-up-vagg-rak-med-300x225-vad-vaskor-lampor","status":"publish","type":"product","link":"https:\/\/dice.masterdesign.se\/rn8jbwsqdbm\/produkt\/moderaterna-pop-up-vagg-rak-med-300x225-vad-vaskor-lampor\/","title":{"rendered":"Moderaterna Pop up v\u00e4gg rak med 300&#215;225 v\u00e5d, v\u00e4skor lampor"},"content":{"rendered":"","protected":false},"excerpt":{"rendered":"<p>Pop Up v\u00e4gg med digitaltryckt v\u00e5d i stickad polyester 205 g\/m\u00b2\u00a0som sys med kardborre p\u00e5 baksidan f\u00f6r enkel upps\u00e4ttning p\u00e5 Pop Up v\u00e4ggens st\u00e4llning. V\u00e5den t\u00e4cker b\u00e5de front och sidor. Tryckstorlek 368&#215;225 cm, fronten \u00e4r 298&#215;225 cm. Levereras komplett med lampor och i v\u00e4ska.<\/p>\n","protected":false},"featured_media":5278,"template":"","meta":[],"product_brand":[],"product_cat":[39],"product_tag":[41],"class_list":{"0":"post-22817","1":"product","2":"type-product","3":"status-publish","4":"has-post-thumbnail","6":"product_cat-ondemand","7":"product_tag-ondemand","8":"product_cat-on-demand","10":"first","11":"instock","12":"taxable","13":"shipping-taxable","14":"purchasable","15":"product-type-variable"},"_links":{"self":[{"href":"https:\/\/dice.masterdesign.se\/rn8jbwsqdbm\/wp-json\/wp\/v2\/product\/22817","targetHints":{"allow":["GET"]}}],"collection":[{"href":"https:\/\/dice.masterdesign.se\/rn8jbwsqdbm\/wp-json\/wp\/v2\/product"}],"about":[{"href":"https:\/\/dice.masterdesign.se\/rn8jbwsqdbm\/wp-json\/wp\/v2\/types\/product"}],"wp:featuredmedia":[{"embeddable":true,"href":"https:\/\/dice.masterdesign.se\/rn8jbwsqdbm\/wp-json\/wp\/v2\/media\/5278"}],"wp:attachment":[{"href":"https:\/\/dice.masterdesign.se\/rn8jbwsqdbm\/wp-json\/wp\/v2\/media?parent=22817"}],"wp:term":[{"taxonomy":"product_brand","embeddable":true,"href":"https:\/\/dice.masterdesign.se\/rn8jbwsqdbm\/wp-json\/wp\/v2\/product_brand?post=22817"},{"taxonomy":"product_cat","embeddable":true,"href":"https:\/\/dice.masterdesign.se\/rn8jbwsqdbm\/wp-json\/wp\/v2\/product_cat?post=22817"},{"taxonomy":"product_tag","embeddable":true,"href":"https:\/\/dice.masterdesign.se\/rn8jbwsqdbm\/wp-json\/wp\/v2\/product_tag?post=22817"}],"curies":[{"name":"wp","href":"https:\/\/api.w.org\/{rel}","templated":true}]}}