{"id":2310,"date":"2020-09-07T14:18:26","date_gmt":"2020-09-07T12:18:26","guid":{"rendered":"https:\/\/dice.masterdesign.se\/rn8jbwsqdbm\/?post_type=product&#038;p=2310"},"modified":"2026-05-17T12:52:57","modified_gmt":"2026-05-17T10:52:57","slug":"jacka-softshell-dam","status":"publish","type":"product","link":"https:\/\/dice.masterdesign.se\/rn8jbwsqdbm\/produkt\/jacka-softshell-dam\/","title":{"rendered":"Jacka softshell, Dam"},"content":{"rendered":"","protected":false},"excerpt":{"rendered":"<p>Softshell jacka med tre ytterfickor och tv\u00e5 innerfickor. Ton-i-ton dragkedjor, elastiskt band i nederkant och i \u00e4rmslut. Finns \u00e4ven i en herr-modell. Broderad logo p\u00e5 v\u00e4nster br\u00f6st. Material:\u00a096% polyester och 4% spandex. Oeko-Tex standard 100.<\/p>\n<p>Passar perfekt att matcha med v\u00e5ra andra kl\u00e4desplagg.<\/p>\n<p><a href=\"https:\/\/dice.masterdesign.se\/rn8jbwsqdbm\/storleksguide\/\" rel=\"noopener\">Storleksguide<\/a><\/p>\n","protected":false},"featured_media":2384,"template":"","meta":[],"product_brand":[],"product_cat":[38],"product_tag":[],"class_list":{"0":"post-2310","1":"product","2":"type-product","3":"status-publish","4":"has-post-thumbnail","6":"product_cat-klader","7":"product_shipping_class-frakt","9":"first","10":"outofstock","11":"sale","12":"taxable","13":"shipping-taxable","14":"purchasable","15":"product-type-variable"},"_links":{"self":[{"href":"https:\/\/dice.masterdesign.se\/rn8jbwsqdbm\/wp-json\/wp\/v2\/product\/2310","targetHints":{"allow":["GET"]}}],"collection":[{"href":"https:\/\/dice.masterdesign.se\/rn8jbwsqdbm\/wp-json\/wp\/v2\/product"}],"about":[{"href":"https:\/\/dice.masterdesign.se\/rn8jbwsqdbm\/wp-json\/wp\/v2\/types\/product"}],"wp:featuredmedia":[{"embeddable":true,"href":"https:\/\/dice.masterdesign.se\/rn8jbwsqdbm\/wp-json\/wp\/v2\/media\/2384"}],"wp:attachment":[{"href":"https:\/\/dice.masterdesign.se\/rn8jbwsqdbm\/wp-json\/wp\/v2\/media?parent=2310"}],"wp:term":[{"taxonomy":"product_brand","embeddable":true,"href":"https:\/\/dice.masterdesign.se\/rn8jbwsqdbm\/wp-json\/wp\/v2\/product_brand?post=2310"},{"taxonomy":"product_cat","embeddable":true,"href":"https:\/\/dice.masterdesign.se\/rn8jbwsqdbm\/wp-json\/wp\/v2\/product_cat?post=2310"},{"taxonomy":"product_tag","embeddable":true,"href":"https:\/\/dice.masterdesign.se\/rn8jbwsqdbm\/wp-json\/wp\/v2\/product_tag?post=2310"}],"curies":[{"name":"wp","href":"https:\/\/api.w.org\/{rel}","templated":true}]}}