{"id":24085,"date":"2023-09-27T10:02:52","date_gmt":"2023-09-27T08:02:52","guid":{"rendered":"https:\/\/dice.masterdesign.se\/rn8jbwsqdbm\/?post_type=product&#038;p=24085"},"modified":"2026-05-17T12:52:57","modified_gmt":"2026-05-17T10:52:57","slug":"t-shirt-bla","status":"publish","type":"product","link":"https:\/\/dice.masterdesign.se\/rn8jbwsqdbm\/produkt\/t-shirt-bla\/","title":{"rendered":"T-shirt Bl\u00e5"},"content":{"rendered":"","protected":false},"excerpt":{"rendered":"<p>T-shirt i n\u00e5got smalare (modern) passform. Ribbad kant i halsen med elastan. Finns \u00e4ven i en dam-modell i f\u00e4rgen bl\u00e5. Tryckt logo \u00f6ver br\u00f6stkorgen. Material:100% bomull. Oeko-Tex standard 100.<\/p>\n<p>Passar perfekt att matcha med v\u00e5ra andra kl\u00e4desplagg.<\/p>\n<p><a href=\"https:\/\/dice.masterdesign.se\/rn8jbwsqdbm\/storleksguide\/\" rel=\"noopener\">Storleksguide<\/a><\/p>\n","protected":false},"featured_media":230,"template":"","meta":[],"product_brand":[],"product_cat":[38],"product_tag":[],"class_list":{"0":"post-24085","1":"product","2":"type-product","3":"status-publish","4":"has-post-thumbnail","6":"product_cat-klader","8":"first","9":"outofstock","10":"sale","11":"taxable","12":"shipping-taxable","13":"purchasable","14":"product-type-variable"},"_links":{"self":[{"href":"https:\/\/dice.masterdesign.se\/rn8jbwsqdbm\/wp-json\/wp\/v2\/product\/24085","targetHints":{"allow":["GET"]}}],"collection":[{"href":"https:\/\/dice.masterdesign.se\/rn8jbwsqdbm\/wp-json\/wp\/v2\/product"}],"about":[{"href":"https:\/\/dice.masterdesign.se\/rn8jbwsqdbm\/wp-json\/wp\/v2\/types\/product"}],"wp:featuredmedia":[{"embeddable":true,"href":"https:\/\/dice.masterdesign.se\/rn8jbwsqdbm\/wp-json\/wp\/v2\/media\/230"}],"wp:attachment":[{"href":"https:\/\/dice.masterdesign.se\/rn8jbwsqdbm\/wp-json\/wp\/v2\/media?parent=24085"}],"wp:term":[{"taxonomy":"product_brand","embeddable":true,"href":"https:\/\/dice.masterdesign.se\/rn8jbwsqdbm\/wp-json\/wp\/v2\/product_brand?post=24085"},{"taxonomy":"product_cat","embeddable":true,"href":"https:\/\/dice.masterdesign.se\/rn8jbwsqdbm\/wp-json\/wp\/v2\/product_cat?post=24085"},{"taxonomy":"product_tag","embeddable":true,"href":"https:\/\/dice.masterdesign.se\/rn8jbwsqdbm\/wp-json\/wp\/v2\/product_tag?post=24085"}],"curies":[{"name":"wp","href":"https:\/\/api.w.org\/{rel}","templated":true}]}}