{"id":24128,"date":"2023-09-27T10:16:50","date_gmt":"2023-09-27T08:16:50","guid":{"rendered":"https:\/\/dice.masterdesign.se\/rn8jbwsqdbm\/?post_type=product&#038;p=24128"},"modified":"2026-05-17T12:52:56","modified_gmt":"2026-05-17T10:52:56","slug":"zip-hoodtroja-bla-2","status":"publish","type":"product","link":"https:\/\/dice.masterdesign.se\/rn8jbwsqdbm\/produkt\/zip-hoodtroja-bla-2\/","title":{"rendered":"Zip-hoodtr\u00f6ja bl\u00e5"},"content":{"rendered":"","protected":false},"excerpt":{"rendered":"<p>Sweatshirt med huva och hel dragkedja samt dragsko med platt sn\u00f6re. Tv\u00e5 framfickor, ribbad mudd i \u00e4rmavslut och avslut nedtill. Borstad insida. Mjukt och stabiliserat material som l\u00e4mpar sig perfekt f\u00f6r intensiv tv\u00e4tt, materialet \u00e4r \u00e4ven anti-pilling behandlat. Smart detalj f\u00f6r att kunna b\u00e4ra h\u00f6rlurar ing\u00e5r. Material: 65% polyester och 35% bomull. Oeko-Tex standard 100.<\/p>\n<p>Passar perfekt att matcha med v\u00e5ra andra kl\u00e4desplagg.<\/p>\n<p><a href=\"https:\/\/dice.masterdesign.se\/rn8jbwsqdbm\/storleksguide\/\" rel=\"noopener\">Storleksguide<\/a><\/p>\n","protected":false},"featured_media":275,"template":"","meta":[],"product_brand":[],"product_cat":[38],"product_tag":[],"class_list":{"0":"post-24128","1":"product","2":"type-product","3":"status-publish","4":"has-post-thumbnail","6":"product_cat-klader","8":"first","9":"outofstock","10":"sale","11":"taxable","12":"shipping-taxable","13":"purchasable","14":"product-type-variable"},"_links":{"self":[{"href":"https:\/\/dice.masterdesign.se\/rn8jbwsqdbm\/wp-json\/wp\/v2\/product\/24128","targetHints":{"allow":["GET"]}}],"collection":[{"href":"https:\/\/dice.masterdesign.se\/rn8jbwsqdbm\/wp-json\/wp\/v2\/product"}],"about":[{"href":"https:\/\/dice.masterdesign.se\/rn8jbwsqdbm\/wp-json\/wp\/v2\/types\/product"}],"wp:featuredmedia":[{"embeddable":true,"href":"https:\/\/dice.masterdesign.se\/rn8jbwsqdbm\/wp-json\/wp\/v2\/media\/275"}],"wp:attachment":[{"href":"https:\/\/dice.masterdesign.se\/rn8jbwsqdbm\/wp-json\/wp\/v2\/media?parent=24128"}],"wp:term":[{"taxonomy":"product_brand","embeddable":true,"href":"https:\/\/dice.masterdesign.se\/rn8jbwsqdbm\/wp-json\/wp\/v2\/product_brand?post=24128"},{"taxonomy":"product_cat","embeddable":true,"href":"https:\/\/dice.masterdesign.se\/rn8jbwsqdbm\/wp-json\/wp\/v2\/product_cat?post=24128"},{"taxonomy":"product_tag","embeddable":true,"href":"https:\/\/dice.masterdesign.se\/rn8jbwsqdbm\/wp-json\/wp\/v2\/product_tag?post=24128"}],"curies":[{"name":"wp","href":"https:\/\/api.w.org\/{rel}","templated":true}]}}