{"id":24314,"date":"2023-10-10T11:13:54","date_gmt":"2023-10-10T09:13:54","guid":{"rendered":"https:\/\/dice.masterdesign.se\/rn8jbwsqdbm\/?post_type=product&#038;p=24314"},"modified":"2026-05-16T13:02:42","modified_gmt":"2026-05-16T11:02:42","slug":"dufflebag","status":"publish","type":"product","link":"https:\/\/dice.masterdesign.se\/rn8jbwsqdbm\/produkt\/dufflebag\/","title":{"rendered":"Dufflebag"},"content":{"rendered":"","protected":false},"excerpt":{"rendered":"<p>Den h\u00e4r snygga weekendbagen kommer du att ha nytta av i m\u00e5nga \u00e5r fram\u00f6ver. Tillverkad av 47 % verifierat \u00e5tervunna material. Den eleganta och m\u00e5ngsidiga designen rymmer allt du beh\u00f6ver och \u00e4r perfekt f\u00f6r en weekendresa eller en kortare semester. Den justerbara och avtagbara axelremmen ger extra komfort och flexibilitet, en perfekt v\u00e4ska oavsett dina planer eller destination. Tillverkad av RCS (Recycled Claim Standard) certifierade \u00e5tervunna material. RCS certifiering s\u00e4kerst\u00e4ller en helt certifierad leveranskedja av de \u00e5tervunna materialen.<\/p>\n","protected":false},"featured_media":24374,"template":"","meta":[],"product_brand":[],"product_cat":[99],"product_tag":[],"class_list":{"0":"post-24314","1":"product","2":"type-product","3":"status-publish","4":"has-post-thumbnail","6":"product_cat-kampanj","8":"first","9":"instock","10":"taxable","11":"shipping-taxable","12":"purchasable","13":"product-type-simple"},"_links":{"self":[{"href":"https:\/\/dice.masterdesign.se\/rn8jbwsqdbm\/wp-json\/wp\/v2\/product\/24314","targetHints":{"allow":["GET"]}}],"collection":[{"href":"https:\/\/dice.masterdesign.se\/rn8jbwsqdbm\/wp-json\/wp\/v2\/product"}],"about":[{"href":"https:\/\/dice.masterdesign.se\/rn8jbwsqdbm\/wp-json\/wp\/v2\/types\/product"}],"wp:featuredmedia":[{"embeddable":true,"href":"https:\/\/dice.masterdesign.se\/rn8jbwsqdbm\/wp-json\/wp\/v2\/media\/24374"}],"wp:attachment":[{"href":"https:\/\/dice.masterdesign.se\/rn8jbwsqdbm\/wp-json\/wp\/v2\/media?parent=24314"}],"wp:term":[{"taxonomy":"product_brand","embeddable":true,"href":"https:\/\/dice.masterdesign.se\/rn8jbwsqdbm\/wp-json\/wp\/v2\/product_brand?post=24314"},{"taxonomy":"product_cat","embeddable":true,"href":"https:\/\/dice.masterdesign.se\/rn8jbwsqdbm\/wp-json\/wp\/v2\/product_cat?post=24314"},{"taxonomy":"product_tag","embeddable":true,"href":"https:\/\/dice.masterdesign.se\/rn8jbwsqdbm\/wp-json\/wp\/v2\/product_tag?post=24314"}],"curies":[{"name":"wp","href":"https:\/\/api.w.org\/{rel}","templated":true}]}}