{"id":24382,"date":"2023-10-23T11:54:39","date_gmt":"2023-10-23T09:54:39","guid":{"rendered":"https:\/\/dice.masterdesign.se\/rn8jbwsqdbm\/?post_type=product&#038;p=24382"},"modified":"2026-05-16T13:02:42","modified_gmt":"2026-05-16T11:02:42","slug":"pin-guld","status":"publish","type":"product","link":"https:\/\/dice.masterdesign.se\/rn8jbwsqdbm\/produkt\/pin-guld\/","title":{"rendered":"Pin guld (10-pack)"},"content":{"rendered":"","protected":false},"excerpt":{"rendered":"<p>Guldf\u00e4rgad pin med fj\u00e4rligskn\u00e4ppning p\u00e5 baksidan<\/p>\n","protected":false},"featured_media":24516,"template":"","meta":[],"product_brand":[],"product_cat":[37],"product_tag":[],"class_list":{"0":"post-24382","1":"product","2":"type-product","3":"status-publish","4":"has-post-thumbnail","6":"product_cat-giveaways","8":"first","9":"outofstock","10":"taxable","11":"shipping-taxable","12":"purchasable","13":"product-type-simple"},"_links":{"self":[{"href":"https:\/\/dice.masterdesign.se\/rn8jbwsqdbm\/wp-json\/wp\/v2\/product\/24382","targetHints":{"allow":["GET"]}}],"collection":[{"href":"https:\/\/dice.masterdesign.se\/rn8jbwsqdbm\/wp-json\/wp\/v2\/product"}],"about":[{"href":"https:\/\/dice.masterdesign.se\/rn8jbwsqdbm\/wp-json\/wp\/v2\/types\/product"}],"wp:featuredmedia":[{"embeddable":true,"href":"https:\/\/dice.masterdesign.se\/rn8jbwsqdbm\/wp-json\/wp\/v2\/media\/24516"}],"wp:attachment":[{"href":"https:\/\/dice.masterdesign.se\/rn8jbwsqdbm\/wp-json\/wp\/v2\/media?parent=24382"}],"wp:term":[{"taxonomy":"product_brand","embeddable":true,"href":"https:\/\/dice.masterdesign.se\/rn8jbwsqdbm\/wp-json\/wp\/v2\/product_brand?post=24382"},{"taxonomy":"product_cat","embeddable":true,"href":"https:\/\/dice.masterdesign.se\/rn8jbwsqdbm\/wp-json\/wp\/v2\/product_cat?post=24382"},{"taxonomy":"product_tag","embeddable":true,"href":"https:\/\/dice.masterdesign.se\/rn8jbwsqdbm\/wp-json\/wp\/v2\/product_tag?post=24382"}],"curies":[{"name":"wp","href":"https:\/\/api.w.org\/{rel}","templated":true}]}}