{"id":24538,"date":"2023-11-16T16:05:29","date_gmt":"2023-11-16T15:05:29","guid":{"rendered":"https:\/\/dice.masterdesign.se\/rn8jbwsqdbm\/?post_type=product&#038;p=24538"},"modified":"2026-05-16T13:03:27","modified_gmt":"2026-05-16T11:03:27","slug":"t-shirt-nato-unisex","status":"publish","type":"product","link":"https:\/\/dice.masterdesign.se\/rn8jbwsqdbm\/produkt\/t-shirt-nato-unisex\/","title":{"rendered":"T-shirt Nato, Unisex"},"content":{"rendered":"","protected":false},"excerpt":{"rendered":"<p>kort\u00e4rmad t-shirt \u00e4r perfekt f\u00f6r alla evenemang. De korta \u00e4rmarna och designen med rund hals ger en m\u00e5ngsidig och vanlig passform vilket g\u00f6r den l\u00e4mplig f\u00f6r en rad olika aktiviteter. Tillverkad av 150 g\/m\u00b2 bomull \u00e4r den l\u00e4tt och bekv\u00e4m att b\u00e4ra. Dessutom \u00e4r bomullsmaterialet mjukt vid ber\u00f6ring och perfekt f\u00f6r h\u00f6gkvalitativ varum\u00e4rkesm\u00e4rkning. Tack vare den inv\u00e4ndiga nacketiketten som enkelt kan tas bort i tv\u00e5 segment l\u00e4mnar designen utrymme f\u00f6r anpassad interi\u00f6rm\u00e4rkning samtidigt som storleksinformationen beh\u00e5lls. Single jersey av 60% Bomull och 40% Polyester, 150 g\/m2.<\/p>\n","protected":false},"featured_media":24601,"template":"","meta":[],"product_brand":[],"product_cat":[99,38],"product_tag":[],"class_list":{"0":"post-24538","1":"product","2":"type-product","3":"status-publish","4":"has-post-thumbnail","6":"product_cat-kampanj","7":"product_cat-klader","9":"first","10":"instock","11":"taxable","12":"shipping-taxable","13":"purchasable","14":"product-type-variable"},"_links":{"self":[{"href":"https:\/\/dice.masterdesign.se\/rn8jbwsqdbm\/wp-json\/wp\/v2\/product\/24538","targetHints":{"allow":["GET"]}}],"collection":[{"href":"https:\/\/dice.masterdesign.se\/rn8jbwsqdbm\/wp-json\/wp\/v2\/product"}],"about":[{"href":"https:\/\/dice.masterdesign.se\/rn8jbwsqdbm\/wp-json\/wp\/v2\/types\/product"}],"wp:featuredmedia":[{"embeddable":true,"href":"https:\/\/dice.masterdesign.se\/rn8jbwsqdbm\/wp-json\/wp\/v2\/media\/24601"}],"wp:attachment":[{"href":"https:\/\/dice.masterdesign.se\/rn8jbwsqdbm\/wp-json\/wp\/v2\/media?parent=24538"}],"wp:term":[{"taxonomy":"product_brand","embeddable":true,"href":"https:\/\/dice.masterdesign.se\/rn8jbwsqdbm\/wp-json\/wp\/v2\/product_brand?post=24538"},{"taxonomy":"product_cat","embeddable":true,"href":"https:\/\/dice.masterdesign.se\/rn8jbwsqdbm\/wp-json\/wp\/v2\/product_cat?post=24538"},{"taxonomy":"product_tag","embeddable":true,"href":"https:\/\/dice.masterdesign.se\/rn8jbwsqdbm\/wp-json\/wp\/v2\/product_tag?post=24538"}],"curies":[{"name":"wp","href":"https:\/\/api.w.org\/{rel}","templated":true}]}}