{"id":260,"date":"2020-03-18T15:02:10","date_gmt":"2020-03-18T14:02:10","guid":{"rendered":"https:\/\/dice.masterdesign.se\/rn8jbwsqdbm\/produkt\/talt\/"},"modified":"2025-12-08T15:42:39","modified_gmt":"2025-12-08T14:42:39","slug":"talt","status":"publish","type":"product","link":"https:\/\/dice.masterdesign.se\/rn8jbwsqdbm\/produkt\/talt\/","title":{"rendered":"T\u00e4lt inkl takduk + 1st v\u00e4gg"},"content":{"rendered":"","protected":false},"excerpt":{"rendered":"<p>Komplett paket inkl t\u00e4ltst\u00e4llning, takduk och en v\u00e4gg. M\u00e5tt: 3&#215;3 meter.<\/p>\n<p>Stadigt och l\u00e4ttmonterat t\u00e4lt med hexagon profiler i aluminium. L\u00e4mpar sig f\u00f6r \u00e5terkommande bruk. Stommen \u00e4r kraftig och taket kan beh\u00e5llas p\u00e5 n\u00e4r det f\u00e4lls ihop. T\u00e4ltet \u00e4r 3 meter djup och 3 meter l\u00e5ng. H\u00f6jden \u00e4r justerbar. Materialet \u00e4r vattent\u00e4tt och brandklassat B1. Enklare b\u00e4rv\u00e4ska ing\u00e5r.<\/p>\n<p>Leveranstid: ca. 3 veckor.<br \/>\nDetta \u00e4r en artikel som inte \u00e4r lagerf\u00f6rd utan tillverkas on demand och kan tyv\u00e4rr inte returneras.<\/p>\n","protected":false},"featured_media":261,"template":"","meta":[],"product_brand":[],"product_cat":[],"product_tag":[41],"class_list":{"0":"post-260","1":"product","2":"type-product","3":"status-publish","4":"has-post-thumbnail","6":"product_tag-ondemand","7":"product_shipping_class-on-demand","8":"product_cat-on-demand","10":"first","11":"instock","12":"taxable","13":"shipping-taxable","14":"purchasable","15":"product-type-simple"},"_links":{"self":[{"href":"https:\/\/dice.masterdesign.se\/rn8jbwsqdbm\/wp-json\/wp\/v2\/product\/260","targetHints":{"allow":["GET"]}}],"collection":[{"href":"https:\/\/dice.masterdesign.se\/rn8jbwsqdbm\/wp-json\/wp\/v2\/product"}],"about":[{"href":"https:\/\/dice.masterdesign.se\/rn8jbwsqdbm\/wp-json\/wp\/v2\/types\/product"}],"wp:featuredmedia":[{"embeddable":true,"href":"https:\/\/dice.masterdesign.se\/rn8jbwsqdbm\/wp-json\/wp\/v2\/media\/261"}],"wp:attachment":[{"href":"https:\/\/dice.masterdesign.se\/rn8jbwsqdbm\/wp-json\/wp\/v2\/media?parent=260"}],"wp:term":[{"taxonomy":"product_brand","embeddable":true,"href":"https:\/\/dice.masterdesign.se\/rn8jbwsqdbm\/wp-json\/wp\/v2\/product_brand?post=260"},{"taxonomy":"product_cat","embeddable":true,"href":"https:\/\/dice.masterdesign.se\/rn8jbwsqdbm\/wp-json\/wp\/v2\/product_cat?post=260"},{"taxonomy":"product_tag","embeddable":true,"href":"https:\/\/dice.masterdesign.se\/rn8jbwsqdbm\/wp-json\/wp\/v2\/product_tag?post=260"}],"curies":[{"name":"wp","href":"https:\/\/api.w.org\/{rel}","templated":true}]}}