{"id":33006,"date":"2025-10-02T14:32:25","date_gmt":"2025-10-02T12:32:25","guid":{"rendered":"https:\/\/dice.masterdesign.se\/rn8jbwsqdbm\/?post_type=product&#038;p=33006"},"modified":"2026-03-13T09:48:09","modified_gmt":"2026-03-13T08:48:09","slug":"beanbag","status":"publish","type":"product","link":"https:\/\/dice.masterdesign.se\/rn8jbwsqdbm\/produkt\/beanbag\/","title":{"rendered":"Beanbag"},"content":{"rendered":"","protected":false},"excerpt":{"rendered":"<p>Beanbag i storlek 100 \u00d7 140 cm med fullf\u00e4rgsprintat tyg\u00f6verdrag. Trycket \u00e4r UV-best\u00e4ndigt och tyget \u00e4r b\u00e5de brandklassat, tv\u00e4ttbart och vattenavvisande. Fylld med polystyrenkulor och anpassad f\u00f6r anv\u00e4ndning vid event utomhus, i k\u00f6pcentrum eller p\u00e5 kontoret \u2013 en praktisk exponeringsyta som \u00e4ven bjuder in till interaktion.<\/p>\n","protected":false},"featured_media":33009,"template":"","meta":[],"product_brand":[],"product_cat":[39],"product_tag":[41],"class_list":{"0":"post-33006","1":"product","2":"type-product","3":"status-publish","4":"has-post-thumbnail","6":"product_cat-ondemand","7":"product_tag-ondemand","8":"product_cat-on-demand","10":"first","11":"instock","12":"taxable","13":"shipping-taxable","14":"purchasable","15":"product-type-simple"},"_links":{"self":[{"href":"https:\/\/dice.masterdesign.se\/rn8jbwsqdbm\/wp-json\/wp\/v2\/product\/33006","targetHints":{"allow":["GET"]}}],"collection":[{"href":"https:\/\/dice.masterdesign.se\/rn8jbwsqdbm\/wp-json\/wp\/v2\/product"}],"about":[{"href":"https:\/\/dice.masterdesign.se\/rn8jbwsqdbm\/wp-json\/wp\/v2\/types\/product"}],"wp:featuredmedia":[{"embeddable":true,"href":"https:\/\/dice.masterdesign.se\/rn8jbwsqdbm\/wp-json\/wp\/v2\/media\/33009"}],"wp:attachment":[{"href":"https:\/\/dice.masterdesign.se\/rn8jbwsqdbm\/wp-json\/wp\/v2\/media?parent=33006"}],"wp:term":[{"taxonomy":"product_brand","embeddable":true,"href":"https:\/\/dice.masterdesign.se\/rn8jbwsqdbm\/wp-json\/wp\/v2\/product_brand?post=33006"},{"taxonomy":"product_cat","embeddable":true,"href":"https:\/\/dice.masterdesign.se\/rn8jbwsqdbm\/wp-json\/wp\/v2\/product_cat?post=33006"},{"taxonomy":"product_tag","embeddable":true,"href":"https:\/\/dice.masterdesign.se\/rn8jbwsqdbm\/wp-json\/wp\/v2\/product_tag?post=33006"}],"curies":[{"name":"wp","href":"https:\/\/api.w.org\/{rel}","templated":true}]}}