{"id":33010,"date":"2025-10-02T14:38:41","date_gmt":"2025-10-02T12:38:41","guid":{"rendered":"https:\/\/dice.masterdesign.se\/rn8jbwsqdbm\/?post_type=product&#038;p=33010"},"modified":"2025-10-03T07:59:05","modified_gmt":"2025-10-03T05:59:05","slug":"kafferyggsack","status":"publish","type":"product","link":"https:\/\/dice.masterdesign.se\/rn8jbwsqdbm\/produkt\/kafferyggsack\/","title":{"rendered":"Kafferyggs\u00e4ck"},"content":{"rendered":"","protected":false},"excerpt":{"rendered":"<p>Kafferyggs\u00e4ck Premium med kapacitet p\u00e5 11 liter, utformad f\u00f6r smidig och mobil servering. Bekv\u00e4m att b\u00e4ra och passar bra vid utomhusevenemang, m\u00e4ssor eller andra tillf\u00e4llen d\u00e4r kaffe serveras p\u00e5 spr\u00e5ng.<\/p>\n","protected":false},"featured_media":33013,"template":"","meta":[],"product_brand":[],"product_cat":[39],"product_tag":[41],"class_list":{"0":"post-33010","1":"product","2":"type-product","3":"status-publish","4":"has-post-thumbnail","6":"product_cat-ondemand","7":"product_tag-ondemand","8":"product_shipping_class-on-demand","9":"product_cat-on-demand","11":"first","12":"instock","13":"taxable","14":"shipping-taxable","15":"purchasable","16":"product-type-simple"},"_links":{"self":[{"href":"https:\/\/dice.masterdesign.se\/rn8jbwsqdbm\/wp-json\/wp\/v2\/product\/33010","targetHints":{"allow":["GET"]}}],"collection":[{"href":"https:\/\/dice.masterdesign.se\/rn8jbwsqdbm\/wp-json\/wp\/v2\/product"}],"about":[{"href":"https:\/\/dice.masterdesign.se\/rn8jbwsqdbm\/wp-json\/wp\/v2\/types\/product"}],"wp:featuredmedia":[{"embeddable":true,"href":"https:\/\/dice.masterdesign.se\/rn8jbwsqdbm\/wp-json\/wp\/v2\/media\/33013"}],"wp:attachment":[{"href":"https:\/\/dice.masterdesign.se\/rn8jbwsqdbm\/wp-json\/wp\/v2\/media?parent=33010"}],"wp:term":[{"taxonomy":"product_brand","embeddable":true,"href":"https:\/\/dice.masterdesign.se\/rn8jbwsqdbm\/wp-json\/wp\/v2\/product_brand?post=33010"},{"taxonomy":"product_cat","embeddable":true,"href":"https:\/\/dice.masterdesign.se\/rn8jbwsqdbm\/wp-json\/wp\/v2\/product_cat?post=33010"},{"taxonomy":"product_tag","embeddable":true,"href":"https:\/\/dice.masterdesign.se\/rn8jbwsqdbm\/wp-json\/wp\/v2\/product_tag?post=33010"}],"curies":[{"name":"wp","href":"https:\/\/api.w.org\/{rel}","templated":true}]}}