{"id":35127,"date":"2026-02-06T09:42:06","date_gmt":"2026-02-06T08:42:06","guid":{"rendered":"https:\/\/dice.masterdesign.se\/rn8jbwsqdbm\/?post_type=product&#038;p=35127"},"modified":"2026-05-16T13:03:26","modified_gmt":"2026-05-16T11:03:26","slug":"jacka-softshell-herr-mork-marin","status":"publish","type":"product","link":"https:\/\/dice.masterdesign.se\/rn8jbwsqdbm\/produkt\/jacka-softshell-herr-mork-marin\/","title":{"rendered":"Jacka Softshell, herr, m\u00f6rk marin"},"content":{"rendered":"","protected":false},"excerpt":{"rendered":"<p>Softshell jacka med tre ytterfickor och tv\u00e5 innerfickor. Ton-i-ton dragkedjor, elastiskt band i nederkant och i \u00e4rmslut. Finns \u00e4ven i en dam-modell. Broderad logo p\u00e5 v\u00e4nster br\u00f6st. Material:\u00a096% polyester och 4% spandex. Oeko-Tex standard 100.<\/p>\n<p>Passar perfekt att matcha med v\u00e5ra andra kl\u00e4desplagg.<\/p>\n<p><a href=\"https:\/\/dice.masterdesign.se\/rn8jbwsqdbm\/storleksguide\/\" rel=\"noopener\">Storleksguide<\/a><\/p>\n","protected":false},"featured_media":35179,"template":"","meta":[],"product_brand":[],"product_cat":[38],"product_tag":[],"class_list":{"0":"post-35127","1":"product","2":"type-product","3":"status-publish","4":"has-post-thumbnail","6":"product_cat-klader","8":"first","9":"instock","10":"taxable","11":"shipping-taxable","12":"purchasable","13":"product-type-variable"},"_links":{"self":[{"href":"https:\/\/dice.masterdesign.se\/rn8jbwsqdbm\/wp-json\/wp\/v2\/product\/35127","targetHints":{"allow":["GET"]}}],"collection":[{"href":"https:\/\/dice.masterdesign.se\/rn8jbwsqdbm\/wp-json\/wp\/v2\/product"}],"about":[{"href":"https:\/\/dice.masterdesign.se\/rn8jbwsqdbm\/wp-json\/wp\/v2\/types\/product"}],"wp:featuredmedia":[{"embeddable":true,"href":"https:\/\/dice.masterdesign.se\/rn8jbwsqdbm\/wp-json\/wp\/v2\/media\/35179"}],"wp:attachment":[{"href":"https:\/\/dice.masterdesign.se\/rn8jbwsqdbm\/wp-json\/wp\/v2\/media?parent=35127"}],"wp:term":[{"taxonomy":"product_brand","embeddable":true,"href":"https:\/\/dice.masterdesign.se\/rn8jbwsqdbm\/wp-json\/wp\/v2\/product_brand?post=35127"},{"taxonomy":"product_cat","embeddable":true,"href":"https:\/\/dice.masterdesign.se\/rn8jbwsqdbm\/wp-json\/wp\/v2\/product_cat?post=35127"},{"taxonomy":"product_tag","embeddable":true,"href":"https:\/\/dice.masterdesign.se\/rn8jbwsqdbm\/wp-json\/wp\/v2\/product_tag?post=35127"}],"curies":[{"name":"wp","href":"https:\/\/api.w.org\/{rel}","templated":true}]}}