{"id":4405,"date":"2020-11-19T11:48:56","date_gmt":"2020-11-19T10:48:56","guid":{"rendered":"https:\/\/dice.masterdesign.se\/rn8jbwsqdbm\/?post_type=product&#038;p=4405"},"modified":"2026-02-17T08:52:45","modified_gmt":"2026-02-17T07:52:45","slug":"vattenvikt-till-beachflagga","status":"publish","type":"product","link":"https:\/\/dice.masterdesign.se\/rn8jbwsqdbm\/produkt\/vattenvikt-till-beachflagga\/","title":{"rendered":"Vattenvikt till beachflagga"},"content":{"rendered":"","protected":false},"excerpt":{"rendered":"<p>Fyll med vatten f\u00f6r att hj\u00e4lpa h\u00e5lla beachflaggan\u00a0 p\u00e5 plats vid starka vindar.<\/p>\n<p><span style=\"color: #000000;\"><strong>Leveranstid: ca. 3 veckor.<\/strong><\/span><\/p>\n","protected":false},"featured_media":4412,"template":"","meta":[],"product_brand":[],"product_cat":[39],"product_tag":[41],"class_list":{"0":"post-4405","1":"product","2":"type-product","3":"status-publish","4":"has-post-thumbnail","6":"product_cat-ondemand","7":"product_tag-ondemand","8":"product_shipping_class-on-demand","9":"product_cat-on-demand","11":"first","12":"instock","13":"taxable","14":"shipping-taxable","15":"purchasable","16":"product-type-simple"},"_links":{"self":[{"href":"https:\/\/dice.masterdesign.se\/rn8jbwsqdbm\/wp-json\/wp\/v2\/product\/4405","targetHints":{"allow":["GET"]}}],"collection":[{"href":"https:\/\/dice.masterdesign.se\/rn8jbwsqdbm\/wp-json\/wp\/v2\/product"}],"about":[{"href":"https:\/\/dice.masterdesign.se\/rn8jbwsqdbm\/wp-json\/wp\/v2\/types\/product"}],"wp:featuredmedia":[{"embeddable":true,"href":"https:\/\/dice.masterdesign.se\/rn8jbwsqdbm\/wp-json\/wp\/v2\/media\/4412"}],"wp:attachment":[{"href":"https:\/\/dice.masterdesign.se\/rn8jbwsqdbm\/wp-json\/wp\/v2\/media?parent=4405"}],"wp:term":[{"taxonomy":"product_brand","embeddable":true,"href":"https:\/\/dice.masterdesign.se\/rn8jbwsqdbm\/wp-json\/wp\/v2\/product_brand?post=4405"},{"taxonomy":"product_cat","embeddable":true,"href":"https:\/\/dice.masterdesign.se\/rn8jbwsqdbm\/wp-json\/wp\/v2\/product_cat?post=4405"},{"taxonomy":"product_tag","embeddable":true,"href":"https:\/\/dice.masterdesign.se\/rn8jbwsqdbm\/wp-json\/wp\/v2\/product_tag?post=4405"}],"curies":[{"name":"wp","href":"https:\/\/api.w.org\/{rel}","templated":true}]}}