{"id":4406,"date":"2020-11-19T11:49:21","date_gmt":"2020-11-19T10:49:21","guid":{"rendered":"https:\/\/dice.masterdesign.se\/rn8jbwsqdbm\/?post_type=product&#038;p=4406"},"modified":"2023-07-25T10:33:18","modified_gmt":"2023-07-25T08:33:18","slug":"extra-taltvagg-prisst","status":"publish","type":"product","link":"https:\/\/dice.masterdesign.se\/rn8jbwsqdbm\/produkt\/extra-taltvagg-prisst\/","title":{"rendered":"Extra t\u00e4ltv\u00e4gg, pris\/st"},"content":{"rendered":"","protected":false},"excerpt":{"rendered":"<p>Best\u00e4ll till en extra v\u00e4gg till ditt t\u00e4lt, 3x3m. V\u00e4lj om du vill att trycket ska visas p\u00e5 insidan eller utsidan av t\u00e4ltet. Produktbilden visar tryck p\u00e5 insida.<\/p>\n<p><span style=\"color: #000000;\"><strong>Leveranstid: ca. 3 veckor.<\/strong><\/span><br \/>\nDetta \u00e4r en artikel som inte \u00e4r lagerf\u00f6rd utan tillverkas on demand och kan tyv\u00e4rr inte returneras.<\/p>\n","protected":false},"featured_media":4427,"template":"","meta":[],"product_brand":[],"product_cat":[39],"product_tag":[41],"class_list":{"0":"post-4406","1":"product","2":"type-product","3":"status-publish","4":"has-post-thumbnail","6":"product_cat-ondemand","7":"product_tag-ondemand","8":"product_shipping_class-on-demand","9":"product_cat-on-demand","11":"first","12":"instock","13":"taxable","14":"shipping-taxable","15":"purchasable","16":"product-type-variable"},"_links":{"self":[{"href":"https:\/\/dice.masterdesign.se\/rn8jbwsqdbm\/wp-json\/wp\/v2\/product\/4406","targetHints":{"allow":["GET"]}}],"collection":[{"href":"https:\/\/dice.masterdesign.se\/rn8jbwsqdbm\/wp-json\/wp\/v2\/product"}],"about":[{"href":"https:\/\/dice.masterdesign.se\/rn8jbwsqdbm\/wp-json\/wp\/v2\/types\/product"}],"wp:featuredmedia":[{"embeddable":true,"href":"https:\/\/dice.masterdesign.se\/rn8jbwsqdbm\/wp-json\/wp\/v2\/media\/4427"}],"wp:attachment":[{"href":"https:\/\/dice.masterdesign.se\/rn8jbwsqdbm\/wp-json\/wp\/v2\/media?parent=4406"}],"wp:term":[{"taxonomy":"product_brand","embeddable":true,"href":"https:\/\/dice.masterdesign.se\/rn8jbwsqdbm\/wp-json\/wp\/v2\/product_brand?post=4406"},{"taxonomy":"product_cat","embeddable":true,"href":"https:\/\/dice.masterdesign.se\/rn8jbwsqdbm\/wp-json\/wp\/v2\/product_cat?post=4406"},{"taxonomy":"product_tag","embeddable":true,"href":"https:\/\/dice.masterdesign.se\/rn8jbwsqdbm\/wp-json\/wp\/v2\/product_tag?post=4406"}],"curies":[{"name":"wp","href":"https:\/\/api.w.org\/{rel}","templated":true}]}}