{"id":9908,"date":"2021-10-22T16:22:01","date_gmt":"2021-10-22T14:22:01","guid":{"rendered":"https:\/\/dice.masterdesign.se\/rn8jbwsqdbm\/?post_type=product&#038;p=9908"},"modified":"2026-05-16T13:02:58","modified_gmt":"2026-05-16T11:02:58","slug":"talt-inkl-takduk-1st-vagg","status":"publish","type":"product","link":"https:\/\/dice.masterdesign.se\/rn8jbwsqdbm\/produkt\/talt-inkl-takduk-1st-vagg\/","title":{"rendered":"T\u00e4lt inkl takduk + 1st v\u00e4gg"},"content":{"rendered":"","protected":false},"excerpt":{"rendered":"<p>Komplett paket inkl t\u00e4ltst\u00e4llning, takduk och en v\u00e4gg. M\u00e5tt: 3&#215;3 meter.<\/p>\n<p>Stadigt och l\u00e4ttmonterat t\u00e4lt med hexagon profiler i aluminium. L\u00e4mpar sig f\u00f6r \u00e5terkommande bruk. Stommen \u00e4r kraftig och taket kan beh\u00e5llas p\u00e5 n\u00e4r det f\u00e4lls ihop. T\u00e4ltet \u00e4r 3 meter djup och 3 meter l\u00e5ng. H\u00f6jden \u00e4r justerbar. Materialet \u00e4r vattent\u00e4tt och brandklassat B1. Enklare b\u00e4rv\u00e4ska, Stormlinor och pinnar ing\u00e5r.<\/p>\n","protected":false},"featured_media":261,"template":"","meta":[],"product_brand":[],"product_cat":[119],"product_tag":[],"class_list":{"0":"post-9908","1":"product","2":"type-product","3":"status-publish","4":"has-post-thumbnail","6":"product_cat-expo","7":"product_shipping_class-frakt","9":"first","10":"outofstock","11":"taxable","12":"shipping-taxable","13":"purchasable","14":"product-type-simple"},"_links":{"self":[{"href":"https:\/\/dice.masterdesign.se\/rn8jbwsqdbm\/wp-json\/wp\/v2\/product\/9908","targetHints":{"allow":["GET"]}}],"collection":[{"href":"https:\/\/dice.masterdesign.se\/rn8jbwsqdbm\/wp-json\/wp\/v2\/product"}],"about":[{"href":"https:\/\/dice.masterdesign.se\/rn8jbwsqdbm\/wp-json\/wp\/v2\/types\/product"}],"wp:featuredmedia":[{"embeddable":true,"href":"https:\/\/dice.masterdesign.se\/rn8jbwsqdbm\/wp-json\/wp\/v2\/media\/261"}],"wp:attachment":[{"href":"https:\/\/dice.masterdesign.se\/rn8jbwsqdbm\/wp-json\/wp\/v2\/media?parent=9908"}],"wp:term":[{"taxonomy":"product_brand","embeddable":true,"href":"https:\/\/dice.masterdesign.se\/rn8jbwsqdbm\/wp-json\/wp\/v2\/product_brand?post=9908"},{"taxonomy":"product_cat","embeddable":true,"href":"https:\/\/dice.masterdesign.se\/rn8jbwsqdbm\/wp-json\/wp\/v2\/product_cat?post=9908"},{"taxonomy":"product_tag","embeddable":true,"href":"https:\/\/dice.masterdesign.se\/rn8jbwsqdbm\/wp-json\/wp\/v2\/product_tag?post=9908"}],"curies":[{"name":"wp","href":"https:\/\/api.w.org\/{rel}","templated":true}]}}