{"id":4,"date":"2017-10-04T17:18:54","date_gmt":"2017-10-04T15:18:54","guid":{"rendered":"https:\/\/dice.masterdesign.se\/standard\/butik\/"},"modified":"2024-09-16T08:17:15","modified_gmt":"2024-09-16T06:17:15","slug":"portal","status":"publish","type":"page","link":"https:\/\/dice.masterdesign.se\/suprivat\/","title":{"rendered":"Portal"},"content":{"rendered":"<div id=\"ac_main\"><\/div>","protected":false},"excerpt":{"rendered":"[vc_row type=\"full-nopad\"][vc_column offset=\"vc_hidden-sm vc_hidden-xs\"] V\u00e4lkommen!H\u00e4r best\u00e4ller du universitetets profilprodukter och g\u00e5vor. [\/vc_column][\/vc_row][vc_row type=\"full-nopad\" css=\".vc_custom_1581426933866{background-image: url(https:\/\/dice.masterdesign.se\/su\/wp-content\/uploads\/sites\/93\/2017\/10\/su-medarbetare.jpg?id=515) !important;}\"][vc_column offset=\"vc_hidden-lg vc_hidden-md\"][vc_empty_space height=\"50px\"][vc_message message_box_style=\"classic\" message_box_color=\"alert-info\" style=\"rounded\"] V\u00e4lkommen Webbshopen \u00e4r st\u00e4ngd tillsvidare. H\u00e4nvisar till f\u00f6rs\u00e4ljningsst\u00e4llena Infocenter Studenthuset, Servicecenter Frescati s\u00f6dra och Servicecenter Albano. This webshop is closed until further notice. If you want to purchase products please visit infocenter studenthuset, [...]","protected":false},"author":1,"featured_media":0,"parent":0,"menu_order":0,"comment_status":"closed","ping_status":"closed","template":"","meta":{"footnotes":""},"class_list":["post-4","page","type-page","status-publish","hentry"],"_links":{"self":[{"href":"https:\/\/dice.masterdesign.se\/suprivat\/wp-json\/wp\/v2\/pages\/4","targetHints":{"allow":["GET"]}}],"collection":[{"href":"https:\/\/dice.masterdesign.se\/suprivat\/wp-json\/wp\/v2\/pages"}],"about":[{"href":"https:\/\/dice.masterdesign.se\/suprivat\/wp-json\/wp\/v2\/types\/page"}],"author":[{"embeddable":true,"href":"https:\/\/dice.masterdesign.se\/suprivat\/wp-json\/wp\/v2\/users\/1"}],"replies":[{"embeddable":true,"href":"https:\/\/dice.masterdesign.se\/suprivat\/wp-json\/wp\/v2\/comments?post=4"}],"version-history":[{"count":57,"href":"https:\/\/dice.masterdesign.se\/suprivat\/wp-json\/wp\/v2\/pages\/4\/revisions"}],"predecessor-version":[{"id":10661,"href":"https:\/\/dice.masterdesign.se\/suprivat\/wp-json\/wp\/v2\/pages\/4\/revisions\/10661"}],"wp:attachment":[{"href":"https:\/\/dice.masterdesign.se\/suprivat\/wp-json\/wp\/v2\/media?parent=4"}],"curies":[{"name":"wp","href":"https:\/\/api.w.org\/{rel}","templated":true}]}}