{"id":6641,"date":"2025-03-03T16:27:05","date_gmt":"2025-03-03T15:27:05","guid":{"rendered":"https:\/\/dice.masterdesign.se\/unionen\/?page_id=6641"},"modified":"2025-03-04T08:31:51","modified_gmt":"2025-03-04T07:31:51","slug":"trycksaker","status":"publish","type":"page","link":"https:\/\/dice.masterdesign.se\/unionen\/trycksaker\/","title":{"rendered":"Trycksaker"},"content":{"rendered":"\r\n<h2 style=\"margin-top:20px;\">Informations- och synlighetsmaterial<\/h2>\r\n\r\n\r\n\r\n<p>I Unionens trycksaksshop kan du best\u00e4lla till exempel informationsbroschyrer och synlighetsmaterial som bordsryttare och affischer. Mycket g\u00e5r att ladda ner som pdf. <br>H\u00e4r hittar du \u00e4ven v\u00e5ra f\u00e4rdigpackade v\u00e4lkomstp\u00e5sar att ge till nyanst\u00e4llda i samband med att man h\u00e4lsar v\u00e4lkommen till arbetsplatsen och Unionen!<\/p>\r\n\r\n\r\n\r\n<p>F\u00f6r att best\u00e4lla i shoppen loggar du in som medlem med BankID.<\/p>\r\n\r\n\r\n\r\n<button><a href=\"https:\/\/e-handel.atta45.se\/c\/unionen_member\">Till trycksaksshoppen<\/a><\/buttonp>\r\n","protected":false},"excerpt":{"rendered":"<p>Informations- och synlighetsmaterial I Unionens trycksaksshop kan du best\u00e4lla till exempel informationsbroschyrer och synlighetsmaterial som bordsryttare och affischer. Mycket g\u00e5r att ladda ner som pdf. H\u00e4r hittar du \u00e4ven v\u00e5ra f\u00e4rdigpackade v\u00e4lkomstp\u00e5sar att ge till nyanst\u00e4llda i samband med att man h\u00e4lsar v\u00e4lkommen till arbetsplatsen och Unionen! F\u00f6r att best\u00e4lla i shoppen loggar du in &hellip;<\/p>\n","protected":false},"author":13573,"featured_media":0,"parent":0,"menu_order":0,"comment_status":"closed","ping_status":"closed","template":"","meta":{"footnotes":""},"class_list":["post-6641","page","type-page","status-publish","hentry"],"_links":{"self":[{"href":"https:\/\/dice.masterdesign.se\/unionen\/wp-json\/wp\/v2\/pages\/6641","targetHints":{"allow":["GET"]}}],"collection":[{"href":"https:\/\/dice.masterdesign.se\/unionen\/wp-json\/wp\/v2\/pages"}],"about":[{"href":"https:\/\/dice.masterdesign.se\/unionen\/wp-json\/wp\/v2\/types\/page"}],"author":[{"embeddable":true,"href":"https:\/\/dice.masterdesign.se\/unionen\/wp-json\/wp\/v2\/users\/13573"}],"replies":[{"embeddable":true,"href":"https:\/\/dice.masterdesign.se\/unionen\/wp-json\/wp\/v2\/comments?post=6641"}],"version-history":[{"count":4,"href":"https:\/\/dice.masterdesign.se\/unionen\/wp-json\/wp\/v2\/pages\/6641\/revisions"}],"predecessor-version":[{"id":6654,"href":"https:\/\/dice.masterdesign.se\/unionen\/wp-json\/wp\/v2\/pages\/6641\/revisions\/6654"}],"wp:attachment":[{"href":"https:\/\/dice.masterdesign.se\/unionen\/wp-json\/wp\/v2\/media?parent=6641"}],"curies":[{"name":"wp","href":"https:\/\/api.w.org\/{rel}","templated":true}]}}